{"id":2481,"date":"2025-10-10T17:40:38","date_gmt":"2025-10-10T21:40:38","guid":{"rendered":"https:\/\/www.agencemediatis.com\/?page_id=2481"},"modified":"2025-10-10T17:44:43","modified_gmt":"2025-10-10T21:44:43","slug":"sites-transactionnels-boutiques-en-ligne","status":"publish","type":"page","link":"https:\/\/www.agencemediatis.com\/en\/sites-transactionnels-boutiques-en-ligne\/","title":{"rendered":"Sites transactionnels (boutiques en ligne)"},"content":{"rendered":"<div data-elementor-type=\"wp-page\" data-elementor-id=\"2481\" class=\"elementor elementor-2481\" data-elementor-post-type=\"page\">\n\t\t\t\t<div class=\"elementor-element elementor-element-125ae1a e-flex e-con-boxed e-con e-parent\" data-id=\"125ae1a\" data-element_type=\"container\">\n\t\t\t\t\t<div class=\"e-con-inner\">\n\t\t\t\t<div class=\"elementor-element elementor-element-5f97014 elementor-widget elementor-widget-text-editor\" data-id=\"5f97014\" data-element_type=\"widget\" data-widget_type=\"text-editor.default\">\n\t\t\t\t\t\t\t\t\t<h3>Cr\u00e9ation de sites transactionnels et boutiques en ligne \u00e0 Magog, Sherbrooke et Montr\u00e9al<\/h3>\t\t\t\t\t\t\t\t<\/div>\n\t\t\t\t\t<\/div>\n\t\t\t\t<\/div>\n\t\t<div class=\"elementor-element elementor-element-3f7ed41 e-flex e-con-boxed e-con e-parent\" data-id=\"3f7ed41\" data-element_type=\"container\">\n\t\t\t\t\t<div class=\"e-con-inner\">\n\t\t\t\t<div class=\"elementor-element elementor-element-183f530 elementor-widget elementor-widget-image\" data-id=\"183f530\" data-element_type=\"widget\" data-widget_type=\"image.default\">\n\t\t\t\t\t\t\t\t\t\t\t\t\t\t\t<img fetchpriority=\"high\" decoding=\"async\" width=\"1404\" height=\"880\" src=\"https:\/\/www.agencemediatis.com\/wp-content\/uploads\/2024\/10\/charles.jpg\" class=\"attachment-full size-full wp-image-2399\" alt=\"\" srcset=\"https:\/\/www.agencemediatis.com\/wp-content\/uploads\/2024\/10\/charles.jpg 1404w, https:\/\/www.agencemediatis.com\/wp-content\/uploads\/2024\/10\/charles-500x313.jpg 500w, https:\/\/www.agencemediatis.com\/wp-content\/uploads\/2024\/10\/charles-1200x752.jpg 1200w, https:\/\/www.agencemediatis.com\/wp-content\/uploads\/2024\/10\/charles-300x188.jpg 300w, https:\/\/www.agencemediatis.com\/wp-content\/uploads\/2024\/10\/charles-768x481.jpg 768w, https:\/\/www.agencemediatis.com\/wp-content\/uploads\/2024\/10\/charles-18x12.jpg 18w, https:\/\/www.agencemediatis.com\/wp-content\/uploads\/2024\/10\/charles-120x75.jpg 120w, https:\/\/www.agencemediatis.com\/wp-content\/uploads\/2024\/10\/charles-480x301.jpg 480w\" sizes=\"(max-width: 1404px) 100vw, 1404px\" \/>\t\t\t\t\t\t\t\t\t\t\t\t\t\t\t<\/div>\n\t\t\t\t\t<\/div>\n\t\t\t\t<\/div>\n\t\t<div class=\"elementor-element elementor-element-180b65d e-flex e-con-boxed e-con e-parent\" data-id=\"180b65d\" data-element_type=\"container\">\n\t\t\t\t\t<div class=\"e-con-inner\">\n\t\t\t\t<div class=\"elementor-element elementor-element-938d6d4 elementor-widget elementor-widget-text-editor\" data-id=\"938d6d4\" data-element_type=\"widget\" data-widget_type=\"text-editor.default\">\n\t\t\t\t\t\t\t\t\t<h4 data-start=\"2717\" data-end=\"2993\">Faites passer votre entreprise au niveau sup\u00e9rieur avec une <strong data-start=\"4683\" data-end=\"4728\">boutique en ligne performante et rentable<\/strong>.<br data-start=\"4729\" data-end=\"4732\" \/><br \/>Chez <strong data-start=\"4737\" data-end=\"4756\">Agence M\u00e9diatis<\/strong>, nous concevons des <strong data-start=\"4777\" data-end=\"4825\">sites transactionnels efficaces et s\u00e9curis\u00e9s<\/strong>, adapt\u00e9s \u00e0 vos produits, votre client\u00e8le et votre budget.<br \/><br \/>Chaque projet commence par une analyse compl\u00e8te de vos besoins afin de d\u00e9finir une strat\u00e9gie e-commerce sur mesure.<br data-start=\"5000\" data-end=\"5003\" \/><br \/>Nous travaillons principalement avec <strong data-start=\"5040\" data-end=\"5077\">WooCommerce, Shopify et WordPress<\/strong>, pour offrir des solutions fiables et faciles \u00e0 g\u00e9rer, m\u00eame pour les d\u00e9butants.<br \/><br \/>Nos boutiques en ligne sont optimis\u00e9es pour les moteurs de recherche et pr\u00eates \u00e0 vendre \u2014 localement \u00e0 <strong data-start=\"5262\" data-end=\"5293\">Magog, Sherbrooke, Montr\u00e9al<\/strong> ou \u00e0 l\u2019international.<\/h4>\t\t\t\t\t\t\t\t<\/div>\n\t\t\t\t\t<\/div>\n\t\t\t\t<\/div>\n\t\t<div class=\"elementor-element elementor-element-3f2d628 e-flex e-con-boxed e-con e-parent\" data-id=\"3f2d628\" data-element_type=\"container\">\n\t\t\t\t\t<div class=\"e-con-inner\">\n\t\t<div class=\"elementor-element elementor-element-c3849f9 e-con-full e-flex e-con e-child\" data-id=\"c3849f9\" data-element_type=\"container\">\n\t\t\t\t<div class=\"elementor-element elementor-element-a54b71e elementor-widget elementor-widget-text-editor\" data-id=\"a54b71e\" data-element_type=\"widget\" data-widget_type=\"text-editor.default\">\n\t\t\t\t\t\t\t\t\t<h3 data-start=\"5322\" data-end=\"5356\"><strong data-start=\"5326\" data-end=\"5356\">Nos avantages<\/strong><\/h3><ul data-start=\"5357\" data-end=\"5593\"><li data-start=\"5357\" data-end=\"5402\"><h4 data-start=\"5359\" data-end=\"5402\">Design professionnel, rapide et adaptatif<\/h4><\/li><li data-start=\"5403\" data-end=\"5461\"><h4 data-start=\"5405\" data-end=\"5461\">Configuration compl\u00e8te (produits, paiement, livraison)<\/h4><\/li><li data-start=\"5462\" data-end=\"5497\"><h4 data-start=\"5464\" data-end=\"5497\">Formation pour gestion autonome<\/h4><\/li><li data-start=\"5498\" data-end=\"5542\"><h4 data-start=\"5500\" data-end=\"5542\">Optimisation SEO et marketing e-commerce<\/h4><\/li><li data-start=\"5543\" data-end=\"5593\"><h4 data-start=\"5545\" data-end=\"5593\">Mise en ligne rapide (1 \u00e0 3 semaines en moyenne)<\/h4><\/li><\/ul>\t\t\t\t\t\t\t\t<\/div>\n\t\t\t\t<\/div>\n\t\t<div class=\"elementor-element elementor-element-bb5cd81 e-con-full e-flex e-con e-child\" data-id=\"bb5cd81\" data-element_type=\"container\">\n\t\t\t\t<div class=\"elementor-element elementor-element-98e34af elementor-widget elementor-widget-text-editor\" data-id=\"98e34af\" data-element_type=\"widget\" data-widget_type=\"text-editor.default\">\n\t\t\t\t\t\t\t\t\t<h3 data-start=\"1627\" data-end=\"1673\"><strong data-start=\"1631\" data-end=\"1673\">Pourquoi choisir Agence M\u00e9diatis<\/strong><\/h3><ul><li data-start=\"5647\" data-end=\"5683\"><h4 data-start=\"5649\" data-end=\"5683\">Expertise reconnue en e-commerce<\/h4><\/li><li data-start=\"5684\" data-end=\"5727\"><h4 data-start=\"5686\" data-end=\"5727\">Strat\u00e9gie sur mesure selon votre march\u00e9<\/h4><\/li><li data-start=\"5728\" data-end=\"5771\"><h4 data-start=\"5730\" data-end=\"5771\">Accompagnement humain du d\u00e9but \u00e0 la fin<\/h4><\/li><li data-start=\"5772\" data-end=\"5807\"><h4 data-start=\"5774\" data-end=\"5807\">R\u00e9sultats rapides et mesurables<\/h4><\/li><\/ul>\t\t\t\t\t\t\t\t<\/div>\n\t\t\t\t<\/div>\n\t\t\t\t\t<\/div>\n\t\t\t\t<\/div>\n\t\t<div class=\"elementor-element elementor-element-c91494f e-flex e-con-boxed e-con e-parent\" data-id=\"c91494f\" data-element_type=\"container\">\n\t\t\t\t\t<div class=\"e-con-inner\">\n\t\t\t\t<div class=\"elementor-element elementor-element-4c38e32 elementor-widget elementor-widget-text-editor\" data-id=\"4c38e32\" data-element_type=\"widget\" data-widget_type=\"text-editor.default\">\n\t\t\t\t\t\t\t\t\t<h3>Vous avez un projet ou besoin d\u2019un <strong data-start=\"2206\" data-end=\"2222\">devis rapide<\/strong> ?<br data-start=\"2224\" data-end=\"2227\" \/><a href=\"https:\/\/www.agencemediatis.com\/en\/contact\/\"><strong data-start=\"2230\" data-end=\"2275\">Contactez Agence M\u00e9diatis d\u00e8s aujourd\u2019hui<\/strong><\/a> et propulsez votre entreprise sur le web.<\/h3>\t\t\t\t\t\t\t\t<\/div>\n\t\t\t\t\t<\/div>\n\t\t\t\t<\/div>\n\t\t\t\t<\/div>","protected":false},"excerpt":{"rendered":"<p>Cr\u00e9ation de sites transactionnels et boutiques en ligne \u00e0 Magog, Sherbrooke et Montr\u00e9al Faites passer votre entreprise au niveau sup\u00e9rieur avec une boutique en ligne performante<span class=\"excerpt-hellip\"> [\u2026]<\/span><\/p>","protected":false},"author":1,"featured_media":67,"parent":0,"menu_order":0,"comment_status":"open","ping_status":"closed","template":"","meta":{"footnotes":""},"class_list":["post-2481","page","type-page","status-publish","has-post-thumbnail","hentry"],"yoast_head":"<!-- This site is optimized with the Yoast SEO plugin v26.7 - https:\/\/yoast.com\/wordpress\/plugins\/seo\/ -->\n<title>Sites transactionnels (boutiques en ligne) - Agence web \u00e0 Magog et Sherbrooke \u2013 Cr\u00e9ation de sites web &amp; r\u00e9f\u00e9rencement SEO | Agence M\u00e9diatis<\/title>\n<meta name=\"description\" content=\"Cr\u00e9ation de boutiques en ligne professionnelles \u00e0 Magog, Sherbrooke et Montr\u00e9al. Sites transactionnels rapides, s\u00e9curis\u00e9s et optimis\u00e9s SEO.\" \/>\n<meta name=\"robots\" content=\"index, follow, max-snippet:-1, max-image-preview:large, max-video-preview:-1\" \/>\n<link rel=\"canonical\" href=\"https:\/\/www.agencemediatis.com\/en\/sites-transactionnels-boutiques-en-ligne\/\" \/>\n<meta property=\"og:locale\" content=\"en_US\" \/>\n<meta property=\"og:type\" content=\"article\" \/>\n<meta property=\"og:title\" content=\"Sites transactionnels (boutiques en ligne) - Agence web \u00e0 Magog et Sherbrooke \u2013 Cr\u00e9ation de sites web &amp; r\u00e9f\u00e9rencement SEO | Agence M\u00e9diatis\" \/>\n<meta property=\"og:description\" content=\"Cr\u00e9ation de boutiques en ligne professionnelles \u00e0 Magog, Sherbrooke et Montr\u00e9al. Sites transactionnels rapides, s\u00e9curis\u00e9s et optimis\u00e9s SEO.\" \/>\n<meta property=\"og:url\" content=\"https:\/\/www.agencemediatis.com\/en\/sites-transactionnels-boutiques-en-ligne\/\" \/>\n<meta property=\"og:site_name\" content=\"Agence web \u00e0 Magog et Sherbrooke \u2013 Cr\u00e9ation de sites web &amp; r\u00e9f\u00e9rencement SEO | Agence M\u00e9diatis\" \/>\n<meta property=\"article:modified_time\" content=\"2025-10-10T21:44:43+00:00\" \/>\n<meta property=\"og:image\" content=\"https:\/\/www.agencemediatis.com\/wp-content\/uploads\/2015\/03\/home_webdesign_subheader_1.jpg\" \/>\n\t<meta property=\"og:image:width\" content=\"1\" \/>\n\t<meta property=\"og:image:height\" content=\"1\" \/>\n\t<meta property=\"og:image:type\" content=\"image\/jpeg\" \/>\n<meta name=\"twitter:card\" content=\"summary_large_image\" \/>\n<meta name=\"twitter:label1\" content=\"Est. reading time\" \/>\n\t<meta name=\"twitter:data1\" content=\"1 minute\" \/>\n<script type=\"application\/ld+json\" class=\"yoast-schema-graph\">{\"@context\":\"https:\/\/schema.org\",\"@graph\":[{\"@type\":\"WebPage\",\"@id\":\"https:\/\/www.agencemediatis.com\/sites-transactionnels-boutiques-en-ligne\/\",\"url\":\"https:\/\/www.agencemediatis.com\/sites-transactionnels-boutiques-en-ligne\/\",\"name\":\"Sites transactionnels (boutiques en ligne) - Agence web \u00e0 Magog et Sherbrooke \u2013 Cr\u00e9ation de sites web &amp; r\u00e9f\u00e9rencement SEO | Agence M\u00e9diatis\",\"isPartOf\":{\"@id\":\"https:\/\/www.agencemediatis.com\/#website\"},\"primaryImageOfPage\":{\"@id\":\"https:\/\/www.agencemediatis.com\/sites-transactionnels-boutiques-en-ligne\/#primaryimage\"},\"image\":{\"@id\":\"https:\/\/www.agencemediatis.com\/sites-transactionnels-boutiques-en-ligne\/#primaryimage\"},\"thumbnailUrl\":\"https:\/\/www.agencemediatis.com\/wp-content\/uploads\/2015\/03\/home_webdesign_subheader_1.jpg\",\"datePublished\":\"2025-10-10T21:40:38+00:00\",\"dateModified\":\"2025-10-10T21:44:43+00:00\",\"description\":\"Cr\u00e9ation de boutiques en ligne professionnelles \u00e0 Magog, Sherbrooke et Montr\u00e9al. Sites transactionnels rapides, s\u00e9curis\u00e9s et optimis\u00e9s SEO.\",\"breadcrumb\":{\"@id\":\"https:\/\/www.agencemediatis.com\/sites-transactionnels-boutiques-en-ligne\/#breadcrumb\"},\"inLanguage\":\"en-CA\",\"potentialAction\":[{\"@type\":\"ReadAction\",\"target\":[\"https:\/\/www.agencemediatis.com\/sites-transactionnels-boutiques-en-ligne\/\"]}]},{\"@type\":\"ImageObject\",\"inLanguage\":\"en-CA\",\"@id\":\"https:\/\/www.agencemediatis.com\/sites-transactionnels-boutiques-en-ligne\/#primaryimage\",\"url\":\"https:\/\/www.agencemediatis.com\/wp-content\/uploads\/2015\/03\/home_webdesign_subheader_1.jpg\",\"contentUrl\":\"https:\/\/www.agencemediatis.com\/wp-content\/uploads\/2015\/03\/home_webdesign_subheader_1.jpg\"},{\"@type\":\"BreadcrumbList\",\"@id\":\"https:\/\/www.agencemediatis.com\/sites-transactionnels-boutiques-en-ligne\/#breadcrumb\",\"itemListElement\":[{\"@type\":\"ListItem\",\"position\":1,\"name\":\"Accueil\",\"item\":\"https:\/\/www.agencemediatis.com\/\"},{\"@type\":\"ListItem\",\"position\":2,\"name\":\"Sites transactionnels (boutiques en ligne)\"}]},{\"@type\":\"WebSite\",\"@id\":\"https:\/\/www.agencemediatis.com\/#website\",\"url\":\"https:\/\/www.agencemediatis.com\/\",\"name\":\"Agence web \u00e0 Magog et Sherbrooke \u2013 Cr\u00e9ation de sites web &amp; r\u00e9f\u00e9rencement SEO | Agence M\u00e9diatis\",\"description\":\"\",\"potentialAction\":[{\"@type\":\"SearchAction\",\"target\":{\"@type\":\"EntryPoint\",\"urlTemplate\":\"https:\/\/www.agencemediatis.com\/?s={search_term_string}\"},\"query-input\":{\"@type\":\"PropertyValueSpecification\",\"valueRequired\":true,\"valueName\":\"search_term_string\"}}],\"inLanguage\":\"en-CA\"}]}<\/script>\n<!-- \/ Yoast SEO plugin. -->","yoast_head_json":{"title":"Sites transactionnels (boutiques en ligne) - Agence web \u00e0 Magog et Sherbrooke \u2013 Cr\u00e9ation de sites web &amp; r\u00e9f\u00e9rencement SEO | Agence M\u00e9diatis","description":"Cr\u00e9ation de boutiques en ligne professionnelles \u00e0 Magog, Sherbrooke et Montr\u00e9al. Sites transactionnels rapides, s\u00e9curis\u00e9s et optimis\u00e9s SEO.","robots":{"index":"index","follow":"follow","max-snippet":"max-snippet:-1","max-image-preview":"max-image-preview:large","max-video-preview":"max-video-preview:-1"},"canonical":"https:\/\/www.agencemediatis.com\/en\/sites-transactionnels-boutiques-en-ligne\/","og_locale":"en_US","og_type":"article","og_title":"Sites transactionnels (boutiques en ligne) - Agence web \u00e0 Magog et Sherbrooke \u2013 Cr\u00e9ation de sites web &amp; r\u00e9f\u00e9rencement SEO | Agence M\u00e9diatis","og_description":"Cr\u00e9ation de boutiques en ligne professionnelles \u00e0 Magog, Sherbrooke et Montr\u00e9al. Sites transactionnels rapides, s\u00e9curis\u00e9s et optimis\u00e9s SEO.","og_url":"https:\/\/www.agencemediatis.com\/en\/sites-transactionnels-boutiques-en-ligne\/","og_site_name":"Agence web \u00e0 Magog et Sherbrooke \u2013 Cr\u00e9ation de sites web &amp; r\u00e9f\u00e9rencement SEO | Agence M\u00e9diatis","article_modified_time":"2025-10-10T21:44:43+00:00","og_image":[{"url":"https:\/\/www.agencemediatis.com\/wp-content\/uploads\/2015\/03\/home_webdesign_subheader_1.jpg","width":1,"height":1,"type":"image\/jpeg"}],"twitter_card":"summary_large_image","twitter_misc":{"Est. reading time":"1 minute"},"schema":{"@context":"https:\/\/schema.org","@graph":[{"@type":"WebPage","@id":"https:\/\/www.agencemediatis.com\/sites-transactionnels-boutiques-en-ligne\/","url":"https:\/\/www.agencemediatis.com\/sites-transactionnels-boutiques-en-ligne\/","name":"Sites transactionnels (boutiques en ligne) - Agence web \u00e0 Magog et Sherbrooke \u2013 Cr\u00e9ation de sites web &amp; r\u00e9f\u00e9rencement SEO | Agence M\u00e9diatis","isPartOf":{"@id":"https:\/\/www.agencemediatis.com\/#website"},"primaryImageOfPage":{"@id":"https:\/\/www.agencemediatis.com\/sites-transactionnels-boutiques-en-ligne\/#primaryimage"},"image":{"@id":"https:\/\/www.agencemediatis.com\/sites-transactionnels-boutiques-en-ligne\/#primaryimage"},"thumbnailUrl":"https:\/\/www.agencemediatis.com\/wp-content\/uploads\/2015\/03\/home_webdesign_subheader_1.jpg","datePublished":"2025-10-10T21:40:38+00:00","dateModified":"2025-10-10T21:44:43+00:00","description":"Cr\u00e9ation de boutiques en ligne professionnelles \u00e0 Magog, Sherbrooke et Montr\u00e9al. Sites transactionnels rapides, s\u00e9curis\u00e9s et optimis\u00e9s SEO.","breadcrumb":{"@id":"https:\/\/www.agencemediatis.com\/sites-transactionnels-boutiques-en-ligne\/#breadcrumb"},"inLanguage":"en-CA","potentialAction":[{"@type":"ReadAction","target":["https:\/\/www.agencemediatis.com\/sites-transactionnels-boutiques-en-ligne\/"]}]},{"@type":"ImageObject","inLanguage":"en-CA","@id":"https:\/\/www.agencemediatis.com\/sites-transactionnels-boutiques-en-ligne\/#primaryimage","url":"https:\/\/www.agencemediatis.com\/wp-content\/uploads\/2015\/03\/home_webdesign_subheader_1.jpg","contentUrl":"https:\/\/www.agencemediatis.com\/wp-content\/uploads\/2015\/03\/home_webdesign_subheader_1.jpg"},{"@type":"BreadcrumbList","@id":"https:\/\/www.agencemediatis.com\/sites-transactionnels-boutiques-en-ligne\/#breadcrumb","itemListElement":[{"@type":"ListItem","position":1,"name":"Accueil","item":"https:\/\/www.agencemediatis.com\/"},{"@type":"ListItem","position":2,"name":"Sites transactionnels (boutiques en ligne)"}]},{"@type":"WebSite","@id":"https:\/\/www.agencemediatis.com\/#website","url":"https:\/\/www.agencemediatis.com\/","name":"Agence web \u00e0 Magog et Sherbrooke \u2013 Cr\u00e9ation de sites web &amp; r\u00e9f\u00e9rencement SEO | Agence M\u00e9diatis","description":"","potentialAction":[{"@type":"SearchAction","target":{"@type":"EntryPoint","urlTemplate":"https:\/\/www.agencemediatis.com\/?s={search_term_string}"},"query-input":{"@type":"PropertyValueSpecification","valueRequired":true,"valueName":"search_term_string"}}],"inLanguage":"en-CA"}]}},"_links":{"self":[{"href":"https:\/\/www.agencemediatis.com\/en\/wp-json\/wp\/v2\/pages\/2481","targetHints":{"allow":["GET"]}}],"collection":[{"href":"https:\/\/www.agencemediatis.com\/en\/wp-json\/wp\/v2\/pages"}],"about":[{"href":"https:\/\/www.agencemediatis.com\/en\/wp-json\/wp\/v2\/types\/page"}],"author":[{"embeddable":true,"href":"https:\/\/www.agencemediatis.com\/en\/wp-json\/wp\/v2\/users\/1"}],"replies":[{"embeddable":true,"href":"https:\/\/www.agencemediatis.com\/en\/wp-json\/wp\/v2\/comments?post=2481"}],"version-history":[{"count":5,"href":"https:\/\/www.agencemediatis.com\/en\/wp-json\/wp\/v2\/pages\/2481\/revisions"}],"predecessor-version":[{"id":2486,"href":"https:\/\/www.agencemediatis.com\/en\/wp-json\/wp\/v2\/pages\/2481\/revisions\/2486"}],"wp:featuredmedia":[{"embeddable":true,"href":"https:\/\/www.agencemediatis.com\/en\/wp-json\/wp\/v2\/media\/67"}],"wp:attachment":[{"href":"https:\/\/www.agencemediatis.com\/en\/wp-json\/wp\/v2\/media?parent=2481"}],"curies":[{"name":"wp","href":"https:\/\/api.w.org\/{rel}","templated":true}]}}