{"id":2487,"date":"2025-10-10T17:45:45","date_gmt":"2025-10-10T21:45:45","guid":{"rendered":"https:\/\/www.agencemediatis.com\/?page_id=2487"},"modified":"2025-10-10T17:48:39","modified_gmt":"2025-10-10T21:48:39","slug":"referencement-seo","status":"publish","type":"page","link":"https:\/\/www.agencemediatis.com\/en\/referencement-seo\/","title":{"rendered":"R\u00e9f\u00e9rencement SEO"},"content":{"rendered":"<div data-elementor-type=\"wp-page\" data-elementor-id=\"2487\" class=\"elementor elementor-2487\" data-elementor-post-type=\"page\">\n\t\t\t\t<div class=\"elementor-element elementor-element-125ae1a e-flex e-con-boxed e-con e-parent\" data-id=\"125ae1a\" data-element_type=\"container\">\n\t\t\t\t\t<div class=\"e-con-inner\">\n\t\t\t\t<div class=\"elementor-element elementor-element-5f97014 elementor-widget elementor-widget-text-editor\" data-id=\"5f97014\" data-element_type=\"widget\" data-widget_type=\"text-editor.default\">\n\t\t\t\t\t\t\t\t\t<h3>Service de r\u00e9f\u00e9rencement SEO \u00e0 Magog, Sherbrooke et Montr\u00e9al<\/h3>\t\t\t\t\t\t\t\t<\/div>\n\t\t\t\t\t<\/div>\n\t\t\t\t<\/div>\n\t\t<div class=\"elementor-element elementor-element-3f7ed41 e-flex e-con-boxed e-con e-parent\" data-id=\"3f7ed41\" data-element_type=\"container\">\n\t\t\t\t\t<div class=\"e-con-inner\">\n\t\t\t\t<div class=\"elementor-element elementor-element-183f530 elementor-widget elementor-widget-image\" data-id=\"183f530\" data-element_type=\"widget\" data-widget_type=\"image.default\">\n\t\t\t\t\t\t\t\t\t\t\t\t\t\t\t<img fetchpriority=\"high\" decoding=\"async\" width=\"1200\" height=\"800\" src=\"https:\/\/www.agencemediatis.com\/wp-content\/uploads\/2025\/10\/referencement-seo-magog.jpeg\" class=\"attachment-full size-full wp-image-2492\" alt=\"\" srcset=\"https:\/\/www.agencemediatis.com\/wp-content\/uploads\/2025\/10\/referencement-seo-magog.jpeg 1200w, https:\/\/www.agencemediatis.com\/wp-content\/uploads\/2025\/10\/referencement-seo-magog-500x333.jpeg 500w, https:\/\/www.agencemediatis.com\/wp-content\/uploads\/2025\/10\/referencement-seo-magog-300x200.jpeg 300w, https:\/\/www.agencemediatis.com\/wp-content\/uploads\/2025\/10\/referencement-seo-magog-768x512.jpeg 768w, https:\/\/www.agencemediatis.com\/wp-content\/uploads\/2025\/10\/referencement-seo-magog-18x12.jpeg 18w, https:\/\/www.agencemediatis.com\/wp-content\/uploads\/2025\/10\/referencement-seo-magog-113x75.jpeg 113w, https:\/\/www.agencemediatis.com\/wp-content\/uploads\/2025\/10\/referencement-seo-magog-480x320.jpeg 480w\" sizes=\"(max-width: 1200px) 100vw, 1200px\" \/>\t\t\t\t\t\t\t\t\t\t\t\t\t\t\t<\/div>\n\t\t\t\t\t<\/div>\n\t\t\t\t<\/div>\n\t\t<div class=\"elementor-element elementor-element-180b65d e-flex e-con-boxed e-con e-parent\" data-id=\"180b65d\" data-element_type=\"container\">\n\t\t\t\t\t<div class=\"e-con-inner\">\n\t\t\t\t<div class=\"elementor-element elementor-element-938d6d4 elementor-widget elementor-widget-text-editor\" data-id=\"938d6d4\" data-element_type=\"widget\" data-widget_type=\"text-editor.default\">\n\t\t\t\t\t\t\t\t\t<h4 data-start=\"6581\" data-end=\"6793\">\u00catre pr\u00e9sent sur Google ne suffit pas \u2014 il faut \u00eatre <strong data-start=\"6634\" data-end=\"6666\">visible d\u00e8s la premi\u00e8re page<\/strong>.<br data-start=\"6667\" data-end=\"6670\" \/>Le <strong data-start=\"6673\" data-end=\"6694\">r\u00e9f\u00e9rencement SEO<\/strong> (Search Engine Optimization) est la cl\u00e9 pour attirer des clients qualifi\u00e9s sans publicit\u00e9 payante.<\/h4><h4 data-start=\"6795\" data-end=\"7094\">Chez <strong data-start=\"6800\" data-end=\"6819\">Agence M\u00e9diatis<\/strong>, nous optimisons votre site web pour qu\u2019il <strong data-start=\"6863\" data-end=\"6912\">apparaisse en t\u00eate des r\u00e9sultats de recherche<\/strong> \u00e0 <strong data-start=\"6915\" data-end=\"6967\">Magog, Sherbrooke, Montr\u00e9al et partout au Qu\u00e9bec<\/strong>.<br data-start=\"6968\" data-end=\"6971\" \/><br \/>Nous analysons votre march\u00e9, vos mots-cl\u00e9s, votre contenu et votre structure technique pour maximiser votre positionnement.<\/h4>\t\t\t\t\t\t\t\t<\/div>\n\t\t\t\t\t<\/div>\n\t\t\t\t<\/div>\n\t\t<div class=\"elementor-element elementor-element-3f2d628 e-flex e-con-boxed e-con e-parent\" data-id=\"3f2d628\" data-element_type=\"container\">\n\t\t\t\t\t<div class=\"e-con-inner\">\n\t\t<div class=\"elementor-element elementor-element-c3849f9 e-con-full e-flex e-con e-child\" data-id=\"c3849f9\" data-element_type=\"container\">\n\t\t\t\t<div class=\"elementor-element elementor-element-a54b71e elementor-widget elementor-widget-text-editor\" data-id=\"a54b71e\" data-element_type=\"widget\" data-widget_type=\"text-editor.default\">\n\t\t\t\t\t\t\t\t\t<h3 data-start=\"7101\" data-end=\"7138\"><strong data-start=\"7105\" data-end=\"7138\">Nos services SEO<\/strong><\/h3><ul data-start=\"7139\" data-end=\"7355\"><li data-start=\"7139\" data-end=\"7166\"><h4 data-start=\"7141\" data-end=\"7166\">Audit technique complet<\/h4><\/li><li data-start=\"7167\" data-end=\"7215\"><h4 data-start=\"7169\" data-end=\"7215\">Recherche et int\u00e9gration de mots-cl\u00e9s locaux<\/h4><\/li><li data-start=\"7216\" data-end=\"7258\"><h4 data-start=\"7218\" data-end=\"7258\">Optimisation du contenu et des balises<\/h4><\/li><li data-start=\"7259\" data-end=\"7306\"><h4 data-start=\"7261\" data-end=\"7306\">Strat\u00e9gie de maillage interne et netlinking<\/h4><\/li><li data-start=\"7307\" data-end=\"7355\"><h4 data-start=\"7309\" data-end=\"7355\">Suivi de positionnement et rapports mensuels<\/h4><\/li><\/ul>\t\t\t\t\t\t\t\t<\/div>\n\t\t\t\t<\/div>\n\t\t<div class=\"elementor-element elementor-element-bb5cd81 e-con-full e-flex e-con e-child\" data-id=\"bb5cd81\" data-element_type=\"container\">\n\t\t\t\t<div class=\"elementor-element elementor-element-98e34af elementor-widget elementor-widget-text-editor\" data-id=\"98e34af\" data-element_type=\"widget\" data-widget_type=\"text-editor.default\">\n\t\t\t\t\t\t\t\t\t<h3 data-start=\"1627\" data-end=\"1673\"><strong data-start=\"1631\" data-end=\"1673\">Pourquoi choisir Agence M\u00e9diatis<\/strong><\/h3><ul><li data-start=\"7409\" data-end=\"7454\"><h4 data-start=\"7411\" data-end=\"7454\">Expertise locale en r\u00e9f\u00e9rencement naturel<\/h4><\/li><li data-start=\"7455\" data-end=\"7491\"><h4 data-start=\"7457\" data-end=\"7491\">R\u00e9sultats mesurables et durables<\/h4><\/li><li data-start=\"7492\" data-end=\"7539\"><h4 data-start=\"7494\" data-end=\"7539\">Strat\u00e9gie personnalis\u00e9e selon votre secteur<\/h4><\/li><li data-start=\"7540\" data-end=\"7589\"><h4 data-start=\"7542\" data-end=\"7589\">Transparence totale et accompagnement continu<\/h4><\/li><\/ul>\t\t\t\t\t\t\t\t<\/div>\n\t\t\t\t<\/div>\n\t\t\t\t\t<\/div>\n\t\t\t\t<\/div>\n\t\t<div class=\"elementor-element elementor-element-c91494f e-flex e-con-boxed e-con e-parent\" data-id=\"c91494f\" data-element_type=\"container\">\n\t\t\t\t\t<div class=\"e-con-inner\">\n\t\t\t\t<div class=\"elementor-element elementor-element-4c38e32 elementor-widget elementor-widget-text-editor\" data-id=\"4c38e32\" data-element_type=\"widget\" data-widget_type=\"text-editor.default\">\n\t\t\t\t\t\t\t\t\t<h3>Vous avez un projet ou besoin d\u2019un <strong data-start=\"2206\" data-end=\"2222\">devis rapide<\/strong> ?<br data-start=\"2224\" data-end=\"2227\" \/><a href=\"https:\/\/www.agencemediatis.com\/en\/contact\/\"><strong data-start=\"2230\" data-end=\"2275\">Contactez Agence M\u00e9diatis d\u00e8s aujourd\u2019hui<\/strong><\/a> et propulsez votre entreprise sur le web.<\/h3>\t\t\t\t\t\t\t\t<\/div>\n\t\t\t\t\t<\/div>\n\t\t\t\t<\/div>\n\t\t\t\t<\/div>","protected":false},"excerpt":{"rendered":"<p>Service de r\u00e9f\u00e9rencement SEO \u00e0 Magog, Sherbrooke et Montr\u00e9al \u00catre pr\u00e9sent sur Google ne suffit pas \u2014 il faut \u00eatre visible d\u00e8s la premi\u00e8re page.Le r\u00e9f\u00e9rencement<span class=\"excerpt-hellip\"> [\u2026]<\/span><\/p>","protected":false},"author":1,"featured_media":67,"parent":0,"menu_order":0,"comment_status":"open","ping_status":"closed","template":"","meta":{"footnotes":""},"class_list":["post-2487","page","type-page","status-publish","has-post-thumbnail","hentry"],"yoast_head":"<!-- This site is optimized with the Yoast SEO plugin v26.7 - https:\/\/yoast.com\/wordpress\/plugins\/seo\/ -->\n<title>R\u00e9f\u00e9rencement SEO - Agence web \u00e0 Magog et Sherbrooke \u2013 Cr\u00e9ation de sites web &amp; r\u00e9f\u00e9rencement SEO | Agence M\u00e9diatis<\/title>\n<meta name=\"description\" content=\"Am\u00e9liorez votre positionnement sur Google avec notre service de r\u00e9f\u00e9rencement SEO \u00e0 Magog, Sherbrooke et Montr\u00e9al. R\u00e9sultats concrets et durables.\" \/>\n<meta name=\"robots\" content=\"index, follow, max-snippet:-1, max-image-preview:large, max-video-preview:-1\" \/>\n<link rel=\"canonical\" href=\"https:\/\/www.agencemediatis.com\/en\/referencement-seo\/\" \/>\n<meta property=\"og:locale\" content=\"en_US\" \/>\n<meta property=\"og:type\" content=\"article\" \/>\n<meta property=\"og:title\" content=\"R\u00e9f\u00e9rencement SEO - Agence web \u00e0 Magog et Sherbrooke \u2013 Cr\u00e9ation de sites web &amp; r\u00e9f\u00e9rencement SEO | Agence M\u00e9diatis\" \/>\n<meta property=\"og:description\" content=\"Am\u00e9liorez votre positionnement sur Google avec notre service de r\u00e9f\u00e9rencement SEO \u00e0 Magog, Sherbrooke et Montr\u00e9al. R\u00e9sultats concrets et durables.\" \/>\n<meta property=\"og:url\" content=\"https:\/\/www.agencemediatis.com\/en\/referencement-seo\/\" \/>\n<meta property=\"og:site_name\" content=\"Agence web \u00e0 Magog et Sherbrooke \u2013 Cr\u00e9ation de sites web &amp; r\u00e9f\u00e9rencement SEO | Agence M\u00e9diatis\" \/>\n<meta property=\"article:modified_time\" content=\"2025-10-10T21:48:39+00:00\" \/>\n<meta property=\"og:image\" content=\"https:\/\/www.agencemediatis.com\/wp-content\/uploads\/2015\/03\/home_webdesign_subheader_1.jpg\" \/>\n\t<meta property=\"og:image:width\" content=\"1\" \/>\n\t<meta property=\"og:image:height\" content=\"1\" \/>\n\t<meta property=\"og:image:type\" content=\"image\/jpeg\" \/>\n<meta name=\"twitter:card\" content=\"summary_large_image\" \/>\n<meta name=\"twitter:label1\" content=\"Est. reading time\" \/>\n\t<meta name=\"twitter:data1\" content=\"1 minute\" \/>\n<script type=\"application\/ld+json\" class=\"yoast-schema-graph\">{\"@context\":\"https:\/\/schema.org\",\"@graph\":[{\"@type\":\"WebPage\",\"@id\":\"https:\/\/www.agencemediatis.com\/referencement-seo\/\",\"url\":\"https:\/\/www.agencemediatis.com\/referencement-seo\/\",\"name\":\"R\u00e9f\u00e9rencement SEO - Agence web \u00e0 Magog et Sherbrooke \u2013 Cr\u00e9ation de sites web &amp; r\u00e9f\u00e9rencement SEO | Agence M\u00e9diatis\",\"isPartOf\":{\"@id\":\"https:\/\/www.agencemediatis.com\/#website\"},\"primaryImageOfPage\":{\"@id\":\"https:\/\/www.agencemediatis.com\/referencement-seo\/#primaryimage\"},\"image\":{\"@id\":\"https:\/\/www.agencemediatis.com\/referencement-seo\/#primaryimage\"},\"thumbnailUrl\":\"https:\/\/www.agencemediatis.com\/wp-content\/uploads\/2015\/03\/home_webdesign_subheader_1.jpg\",\"datePublished\":\"2025-10-10T21:45:45+00:00\",\"dateModified\":\"2025-10-10T21:48:39+00:00\",\"description\":\"Am\u00e9liorez votre positionnement sur Google avec notre service de r\u00e9f\u00e9rencement SEO \u00e0 Magog, Sherbrooke et Montr\u00e9al. R\u00e9sultats concrets et durables.\",\"breadcrumb\":{\"@id\":\"https:\/\/www.agencemediatis.com\/referencement-seo\/#breadcrumb\"},\"inLanguage\":\"en-CA\",\"potentialAction\":[{\"@type\":\"ReadAction\",\"target\":[\"https:\/\/www.agencemediatis.com\/referencement-seo\/\"]}]},{\"@type\":\"ImageObject\",\"inLanguage\":\"en-CA\",\"@id\":\"https:\/\/www.agencemediatis.com\/referencement-seo\/#primaryimage\",\"url\":\"https:\/\/www.agencemediatis.com\/wp-content\/uploads\/2015\/03\/home_webdesign_subheader_1.jpg\",\"contentUrl\":\"https:\/\/www.agencemediatis.com\/wp-content\/uploads\/2015\/03\/home_webdesign_subheader_1.jpg\"},{\"@type\":\"BreadcrumbList\",\"@id\":\"https:\/\/www.agencemediatis.com\/referencement-seo\/#breadcrumb\",\"itemListElement\":[{\"@type\":\"ListItem\",\"position\":1,\"name\":\"Accueil\",\"item\":\"https:\/\/www.agencemediatis.com\/\"},{\"@type\":\"ListItem\",\"position\":2,\"name\":\"R\u00e9f\u00e9rencement SEO\"}]},{\"@type\":\"WebSite\",\"@id\":\"https:\/\/www.agencemediatis.com\/#website\",\"url\":\"https:\/\/www.agencemediatis.com\/\",\"name\":\"Agence web \u00e0 Magog et Sherbrooke \u2013 Cr\u00e9ation de sites web &amp; r\u00e9f\u00e9rencement SEO | Agence M\u00e9diatis\",\"description\":\"\",\"potentialAction\":[{\"@type\":\"SearchAction\",\"target\":{\"@type\":\"EntryPoint\",\"urlTemplate\":\"https:\/\/www.agencemediatis.com\/?s={search_term_string}\"},\"query-input\":{\"@type\":\"PropertyValueSpecification\",\"valueRequired\":true,\"valueName\":\"search_term_string\"}}],\"inLanguage\":\"en-CA\"}]}<\/script>\n<!-- \/ Yoast SEO plugin. -->","yoast_head_json":{"title":"R\u00e9f\u00e9rencement SEO - Agence web \u00e0 Magog et Sherbrooke \u2013 Cr\u00e9ation de sites web &amp; r\u00e9f\u00e9rencement SEO | Agence M\u00e9diatis","description":"Am\u00e9liorez votre positionnement sur Google avec notre service de r\u00e9f\u00e9rencement SEO \u00e0 Magog, Sherbrooke et Montr\u00e9al. R\u00e9sultats concrets et durables.","robots":{"index":"index","follow":"follow","max-snippet":"max-snippet:-1","max-image-preview":"max-image-preview:large","max-video-preview":"max-video-preview:-1"},"canonical":"https:\/\/www.agencemediatis.com\/en\/referencement-seo\/","og_locale":"en_US","og_type":"article","og_title":"R\u00e9f\u00e9rencement SEO - Agence web \u00e0 Magog et Sherbrooke \u2013 Cr\u00e9ation de sites web &amp; r\u00e9f\u00e9rencement SEO | Agence M\u00e9diatis","og_description":"Am\u00e9liorez votre positionnement sur Google avec notre service de r\u00e9f\u00e9rencement SEO \u00e0 Magog, Sherbrooke et Montr\u00e9al. R\u00e9sultats concrets et durables.","og_url":"https:\/\/www.agencemediatis.com\/en\/referencement-seo\/","og_site_name":"Agence web \u00e0 Magog et Sherbrooke \u2013 Cr\u00e9ation de sites web &amp; r\u00e9f\u00e9rencement SEO | Agence M\u00e9diatis","article_modified_time":"2025-10-10T21:48:39+00:00","og_image":[{"url":"https:\/\/www.agencemediatis.com\/wp-content\/uploads\/2015\/03\/home_webdesign_subheader_1.jpg","width":1,"height":1,"type":"image\/jpeg"}],"twitter_card":"summary_large_image","twitter_misc":{"Est. reading time":"1 minute"},"schema":{"@context":"https:\/\/schema.org","@graph":[{"@type":"WebPage","@id":"https:\/\/www.agencemediatis.com\/referencement-seo\/","url":"https:\/\/www.agencemediatis.com\/referencement-seo\/","name":"R\u00e9f\u00e9rencement SEO - Agence web \u00e0 Magog et Sherbrooke \u2013 Cr\u00e9ation de sites web &amp; r\u00e9f\u00e9rencement SEO | Agence M\u00e9diatis","isPartOf":{"@id":"https:\/\/www.agencemediatis.com\/#website"},"primaryImageOfPage":{"@id":"https:\/\/www.agencemediatis.com\/referencement-seo\/#primaryimage"},"image":{"@id":"https:\/\/www.agencemediatis.com\/referencement-seo\/#primaryimage"},"thumbnailUrl":"https:\/\/www.agencemediatis.com\/wp-content\/uploads\/2015\/03\/home_webdesign_subheader_1.jpg","datePublished":"2025-10-10T21:45:45+00:00","dateModified":"2025-10-10T21:48:39+00:00","description":"Am\u00e9liorez votre positionnement sur Google avec notre service de r\u00e9f\u00e9rencement SEO \u00e0 Magog, Sherbrooke et Montr\u00e9al. R\u00e9sultats concrets et durables.","breadcrumb":{"@id":"https:\/\/www.agencemediatis.com\/referencement-seo\/#breadcrumb"},"inLanguage":"en-CA","potentialAction":[{"@type":"ReadAction","target":["https:\/\/www.agencemediatis.com\/referencement-seo\/"]}]},{"@type":"ImageObject","inLanguage":"en-CA","@id":"https:\/\/www.agencemediatis.com\/referencement-seo\/#primaryimage","url":"https:\/\/www.agencemediatis.com\/wp-content\/uploads\/2015\/03\/home_webdesign_subheader_1.jpg","contentUrl":"https:\/\/www.agencemediatis.com\/wp-content\/uploads\/2015\/03\/home_webdesign_subheader_1.jpg"},{"@type":"BreadcrumbList","@id":"https:\/\/www.agencemediatis.com\/referencement-seo\/#breadcrumb","itemListElement":[{"@type":"ListItem","position":1,"name":"Accueil","item":"https:\/\/www.agencemediatis.com\/"},{"@type":"ListItem","position":2,"name":"R\u00e9f\u00e9rencement SEO"}]},{"@type":"WebSite","@id":"https:\/\/www.agencemediatis.com\/#website","url":"https:\/\/www.agencemediatis.com\/","name":"Agence web \u00e0 Magog et Sherbrooke \u2013 Cr\u00e9ation de sites web &amp; r\u00e9f\u00e9rencement SEO | Agence M\u00e9diatis","description":"","potentialAction":[{"@type":"SearchAction","target":{"@type":"EntryPoint","urlTemplate":"https:\/\/www.agencemediatis.com\/?s={search_term_string}"},"query-input":{"@type":"PropertyValueSpecification","valueRequired":true,"valueName":"search_term_string"}}],"inLanguage":"en-CA"}]}},"_links":{"self":[{"href":"https:\/\/www.agencemediatis.com\/en\/wp-json\/wp\/v2\/pages\/2487","targetHints":{"allow":["GET"]}}],"collection":[{"href":"https:\/\/www.agencemediatis.com\/en\/wp-json\/wp\/v2\/pages"}],"about":[{"href":"https:\/\/www.agencemediatis.com\/en\/wp-json\/wp\/v2\/types\/page"}],"author":[{"embeddable":true,"href":"https:\/\/www.agencemediatis.com\/en\/wp-json\/wp\/v2\/users\/1"}],"replies":[{"embeddable":true,"href":"https:\/\/www.agencemediatis.com\/en\/wp-json\/wp\/v2\/comments?post=2487"}],"version-history":[{"count":6,"href":"https:\/\/www.agencemediatis.com\/en\/wp-json\/wp\/v2\/pages\/2487\/revisions"}],"predecessor-version":[{"id":2495,"href":"https:\/\/www.agencemediatis.com\/en\/wp-json\/wp\/v2\/pages\/2487\/revisions\/2495"}],"wp:featuredmedia":[{"embeddable":true,"href":"https:\/\/www.agencemediatis.com\/en\/wp-json\/wp\/v2\/media\/67"}],"wp:attachment":[{"href":"https:\/\/www.agencemediatis.com\/en\/wp-json\/wp\/v2\/media?parent=2487"}],"curies":[{"name":"wp","href":"https:\/\/api.w.org\/{rel}","templated":true}]}}