{"id":2496,"date":"2025-10-10T17:49:17","date_gmt":"2025-10-10T21:49:17","guid":{"rendered":"https:\/\/www.agencemediatis.com\/?page_id=2496"},"modified":"2025-10-10T17:51:08","modified_gmt":"2025-10-10T21:51:08","slug":"marketing-numerique","status":"publish","type":"page","link":"https:\/\/www.agencemediatis.com\/en\/marketing-numerique\/","title":{"rendered":"Marketing num\u00e9rique"},"content":{"rendered":"<div data-elementor-type=\"wp-page\" data-elementor-id=\"2496\" class=\"elementor elementor-2496\" data-elementor-post-type=\"page\">\n\t\t\t\t<div class=\"elementor-element elementor-element-125ae1a e-flex e-con-boxed e-con e-parent\" data-id=\"125ae1a\" data-element_type=\"container\">\n\t\t\t\t\t<div class=\"e-con-inner\">\n\t\t\t\t<div class=\"elementor-element elementor-element-5f97014 elementor-widget elementor-widget-text-editor\" data-id=\"5f97014\" data-element_type=\"widget\" data-widget_type=\"text-editor.default\">\n\t\t\t\t\t\t\t\t\t<h3>Strat\u00e9gies de marketing num\u00e9rique \u00e0 Magog, Sherbrooke et Montr\u00e9al<\/h3>\t\t\t\t\t\t\t\t<\/div>\n\t\t\t\t\t<\/div>\n\t\t\t\t<\/div>\n\t\t<div class=\"elementor-element elementor-element-3f7ed41 e-flex e-con-boxed e-con e-parent\" data-id=\"3f7ed41\" data-element_type=\"container\">\n\t\t\t\t\t<div class=\"e-con-inner\">\n\t\t\t\t<div class=\"elementor-element elementor-element-183f530 elementor-widget elementor-widget-image\" data-id=\"183f530\" data-element_type=\"widget\" data-widget_type=\"image.default\">\n\t\t\t\t\t\t\t\t\t\t\t\t\t\t\t<img fetchpriority=\"high\" decoding=\"async\" width=\"1200\" height=\"800\" src=\"https:\/\/www.agencemediatis.com\/wp-content\/uploads\/2025\/10\/referencement-seo-magog.jpeg\" class=\"attachment-full size-full wp-image-2492\" alt=\"\" srcset=\"https:\/\/www.agencemediatis.com\/wp-content\/uploads\/2025\/10\/referencement-seo-magog.jpeg 1200w, https:\/\/www.agencemediatis.com\/wp-content\/uploads\/2025\/10\/referencement-seo-magog-500x333.jpeg 500w, https:\/\/www.agencemediatis.com\/wp-content\/uploads\/2025\/10\/referencement-seo-magog-300x200.jpeg 300w, https:\/\/www.agencemediatis.com\/wp-content\/uploads\/2025\/10\/referencement-seo-magog-768x512.jpeg 768w, https:\/\/www.agencemediatis.com\/wp-content\/uploads\/2025\/10\/referencement-seo-magog-18x12.jpeg 18w, https:\/\/www.agencemediatis.com\/wp-content\/uploads\/2025\/10\/referencement-seo-magog-113x75.jpeg 113w, https:\/\/www.agencemediatis.com\/wp-content\/uploads\/2025\/10\/referencement-seo-magog-480x320.jpeg 480w\" sizes=\"(max-width: 1200px) 100vw, 1200px\" \/>\t\t\t\t\t\t\t\t\t\t\t\t\t\t\t<\/div>\n\t\t\t\t\t<\/div>\n\t\t\t\t<\/div>\n\t\t<div class=\"elementor-element elementor-element-180b65d e-flex e-con-boxed e-con e-parent\" data-id=\"180b65d\" data-element_type=\"container\">\n\t\t\t\t\t<div class=\"e-con-inner\">\n\t\t\t\t<div class=\"elementor-element elementor-element-938d6d4 elementor-widget elementor-widget-text-editor\" data-id=\"938d6d4\" data-element_type=\"widget\" data-widget_type=\"text-editor.default\">\n\t\t\t\t\t\t\t\t\t<h4 data-start=\"8341\" data-end=\"8601\">Une bonne strat\u00e9gie marketing est essentielle pour vendre vos produits et faire conna\u00eetre vos services.<br data-start=\"8444\" data-end=\"8447\" \/><br \/>Chez <strong data-start=\"8452\" data-end=\"8471\">Agence M\u00e9diatis<\/strong>, nous vous aidons \u00e0 d\u00e9finir une strat\u00e9gie de <strong data-start=\"8517\" data-end=\"8549\">marketing num\u00e9rique compl\u00e8te<\/strong> adapt\u00e9e \u00e0 votre entreprise et \u00e0 votre march\u00e9 local.<\/h4><h4 data-start=\"8603\" data-end=\"8759\">Nous combinons les bons outils \u2014 <strong data-start=\"8636\" data-end=\"8698\">Google Ads, Facebook, Instagram, LinkedIn, email marketing<\/strong> \u2014 pour cr\u00e9er une strat\u00e9gie puissante, rentable et coh\u00e9rente.<\/h4>\t\t\t\t\t\t\t\t<\/div>\n\t\t\t\t\t<\/div>\n\t\t\t\t<\/div>\n\t\t<div class=\"elementor-element elementor-element-3f2d628 e-flex e-con-boxed e-con e-parent\" data-id=\"3f2d628\" data-element_type=\"container\">\n\t\t\t\t\t<div class=\"e-con-inner\">\n\t\t<div class=\"elementor-element elementor-element-c3849f9 e-con-full e-flex e-con e-child\" data-id=\"c3849f9\" data-element_type=\"container\">\n\t\t\t\t<div class=\"elementor-element elementor-element-a54b71e elementor-widget elementor-widget-text-editor\" data-id=\"a54b71e\" data-element_type=\"widget\" data-widget_type=\"text-editor.default\">\n\t\t\t\t\t\t\t\t\t<h3 data-start=\"8766\" data-end=\"8809\"><strong data-start=\"8770\" data-end=\"8809\">Nos services marketing<\/strong><\/h3><ul data-start=\"8810\" data-end=\"9040\"><li data-start=\"8810\" data-end=\"8855\"><h4 data-start=\"8812\" data-end=\"8855\">Gestion de campagnes <strong data-start=\"8833\" data-end=\"8853\">Google Ads (PPC)<\/strong><\/h4><\/li><li data-start=\"8856\" data-end=\"8906\"><h4 data-start=\"8858\" data-end=\"8906\">Publicit\u00e9 cibl\u00e9e sur <strong data-start=\"8879\" data-end=\"8904\">Facebook et Instagram<\/strong><\/h4><\/li><li data-start=\"8907\" data-end=\"8945\"><h4 data-start=\"8909\" data-end=\"8945\">Campagnes <strong data-start=\"8919\" data-end=\"8931\">LinkedIn<\/strong> pour le B2B<\/h4><\/li><li data-start=\"8946\" data-end=\"8984\"><h4 data-start=\"8948\" data-end=\"8984\">R\u00e9daction et gestion d\u2019infolettres<\/h4><\/li><li data-start=\"8985\" data-end=\"9040\"><h4 data-start=\"8987\" data-end=\"9040\">Optimisation de la visibilit\u00e9 locale et retargeting<\/h4><\/li><\/ul>\t\t\t\t\t\t\t\t<\/div>\n\t\t\t\t<\/div>\n\t\t<div class=\"elementor-element elementor-element-bb5cd81 e-con-full e-flex e-con e-child\" data-id=\"bb5cd81\" data-element_type=\"container\">\n\t\t\t\t<div class=\"elementor-element elementor-element-98e34af elementor-widget elementor-widget-text-editor\" data-id=\"98e34af\" data-element_type=\"widget\" data-widget_type=\"text-editor.default\">\n\t\t\t\t\t\t\t\t\t<h3 data-start=\"1627\" data-end=\"1673\"><strong data-start=\"1631\" data-end=\"1673\">Pourquoi choisir Agence M\u00e9diatis<\/strong><\/h3><ul><li data-start=\"9094\" data-end=\"9140\"><h4 data-start=\"9096\" data-end=\"9140\">Strat\u00e9gie personnalis\u00e9e selon votre budget<\/h4><\/li><li data-start=\"9141\" data-end=\"9174\"><h4 data-start=\"9143\" data-end=\"9174\">Campagnes orient\u00e9es r\u00e9sultats<\/h4><\/li><li data-start=\"9175\" data-end=\"9220\"><h4 data-start=\"9177\" data-end=\"9220\">Accompagnement continu et rapports clairs<\/h4><\/li><li data-start=\"9221\" data-end=\"9272\"><h4 data-start=\"9223\" data-end=\"9272\">Expertise locale au service de votre croissance<\/h4><\/li><\/ul>\t\t\t\t\t\t\t\t<\/div>\n\t\t\t\t<\/div>\n\t\t\t\t\t<\/div>\n\t\t\t\t<\/div>\n\t\t<div class=\"elementor-element elementor-element-c91494f e-flex e-con-boxed e-con e-parent\" data-id=\"c91494f\" data-element_type=\"container\">\n\t\t\t\t\t<div class=\"e-con-inner\">\n\t\t\t\t<div class=\"elementor-element elementor-element-4c38e32 elementor-widget elementor-widget-text-editor\" data-id=\"4c38e32\" data-element_type=\"widget\" data-widget_type=\"text-editor.default\">\n\t\t\t\t\t\t\t\t\t<h3>Vous avez un projet ou besoin d\u2019un <strong data-start=\"2206\" data-end=\"2222\">devis rapide<\/strong> ?<br data-start=\"2224\" data-end=\"2227\" \/><a href=\"https:\/\/www.agencemediatis.com\/en\/contact\/\"><strong data-start=\"2230\" data-end=\"2275\">Contactez Agence M\u00e9diatis d\u00e8s aujourd\u2019hui<\/strong><\/a> et propulsez votre entreprise sur le web.<\/h3>\t\t\t\t\t\t\t\t<\/div>\n\t\t\t\t\t<\/div>\n\t\t\t\t<\/div>\n\t\t\t\t<\/div>","protected":false},"excerpt":{"rendered":"<p>Strat\u00e9gies de marketing num\u00e9rique \u00e0 Magog, Sherbrooke et Montr\u00e9al Une bonne strat\u00e9gie marketing est essentielle pour vendre vos produits et faire conna\u00eetre vos services.Chez Agence M\u00e9diatis,<span class=\"excerpt-hellip\"> [\u2026]<\/span><\/p>","protected":false},"author":1,"featured_media":67,"parent":0,"menu_order":0,"comment_status":"open","ping_status":"closed","template":"","meta":{"footnotes":""},"class_list":["post-2496","page","type-page","status-publish","has-post-thumbnail","hentry"],"yoast_head":"<!-- This site is optimized with the Yoast SEO plugin v26.7 - https:\/\/yoast.com\/wordpress\/plugins\/seo\/ -->\n<title>Marketing num\u00e9rique - Agence web \u00e0 Magog et Sherbrooke \u2013 Cr\u00e9ation de sites web &amp; r\u00e9f\u00e9rencement SEO | Agence M\u00e9diatis<\/title>\n<meta name=\"description\" content=\"Agence M\u00e9diatis : experts en marketing num\u00e9rique \u00e0 Magog, Sherbrooke et Montr\u00e9al. Campagnes Google Ads, r\u00e9seaux sociaux et visibilit\u00e9 locale.\" \/>\n<meta name=\"robots\" content=\"index, follow, max-snippet:-1, max-image-preview:large, max-video-preview:-1\" \/>\n<link rel=\"canonical\" href=\"https:\/\/www.agencemediatis.com\/en\/marketing-numerique\/\" \/>\n<meta property=\"og:locale\" content=\"en_US\" \/>\n<meta property=\"og:type\" content=\"article\" \/>\n<meta property=\"og:title\" content=\"Marketing num\u00e9rique - Agence web \u00e0 Magog et Sherbrooke \u2013 Cr\u00e9ation de sites web &amp; r\u00e9f\u00e9rencement SEO | Agence M\u00e9diatis\" \/>\n<meta property=\"og:description\" content=\"Agence M\u00e9diatis : experts en marketing num\u00e9rique \u00e0 Magog, Sherbrooke et Montr\u00e9al. Campagnes Google Ads, r\u00e9seaux sociaux et visibilit\u00e9 locale.\" \/>\n<meta property=\"og:url\" content=\"https:\/\/www.agencemediatis.com\/en\/marketing-numerique\/\" \/>\n<meta property=\"og:site_name\" content=\"Agence web \u00e0 Magog et Sherbrooke \u2013 Cr\u00e9ation de sites web &amp; r\u00e9f\u00e9rencement SEO | Agence M\u00e9diatis\" \/>\n<meta property=\"article:modified_time\" content=\"2025-10-10T21:51:08+00:00\" \/>\n<meta property=\"og:image\" content=\"https:\/\/www.agencemediatis.com\/wp-content\/uploads\/2015\/03\/home_webdesign_subheader_1.jpg\" \/>\n\t<meta property=\"og:image:width\" content=\"1\" \/>\n\t<meta property=\"og:image:height\" content=\"1\" \/>\n\t<meta property=\"og:image:type\" content=\"image\/jpeg\" \/>\n<meta name=\"twitter:card\" content=\"summary_large_image\" \/>\n<meta name=\"twitter:label1\" content=\"Est. reading time\" \/>\n\t<meta name=\"twitter:data1\" content=\"1 minute\" \/>\n<script type=\"application\/ld+json\" class=\"yoast-schema-graph\">{\"@context\":\"https:\/\/schema.org\",\"@graph\":[{\"@type\":\"WebPage\",\"@id\":\"https:\/\/www.agencemediatis.com\/marketing-numerique\/\",\"url\":\"https:\/\/www.agencemediatis.com\/marketing-numerique\/\",\"name\":\"Marketing num\u00e9rique - Agence web \u00e0 Magog et Sherbrooke \u2013 Cr\u00e9ation de sites web &amp; r\u00e9f\u00e9rencement SEO | Agence M\u00e9diatis\",\"isPartOf\":{\"@id\":\"https:\/\/www.agencemediatis.com\/#website\"},\"primaryImageOfPage\":{\"@id\":\"https:\/\/www.agencemediatis.com\/marketing-numerique\/#primaryimage\"},\"image\":{\"@id\":\"https:\/\/www.agencemediatis.com\/marketing-numerique\/#primaryimage\"},\"thumbnailUrl\":\"https:\/\/www.agencemediatis.com\/wp-content\/uploads\/2015\/03\/home_webdesign_subheader_1.jpg\",\"datePublished\":\"2025-10-10T21:49:17+00:00\",\"dateModified\":\"2025-10-10T21:51:08+00:00\",\"description\":\"Agence M\u00e9diatis : experts en marketing num\u00e9rique \u00e0 Magog, Sherbrooke et Montr\u00e9al. Campagnes Google Ads, r\u00e9seaux sociaux et visibilit\u00e9 locale.\",\"breadcrumb\":{\"@id\":\"https:\/\/www.agencemediatis.com\/marketing-numerique\/#breadcrumb\"},\"inLanguage\":\"en-CA\",\"potentialAction\":[{\"@type\":\"ReadAction\",\"target\":[\"https:\/\/www.agencemediatis.com\/marketing-numerique\/\"]}]},{\"@type\":\"ImageObject\",\"inLanguage\":\"en-CA\",\"@id\":\"https:\/\/www.agencemediatis.com\/marketing-numerique\/#primaryimage\",\"url\":\"https:\/\/www.agencemediatis.com\/wp-content\/uploads\/2015\/03\/home_webdesign_subheader_1.jpg\",\"contentUrl\":\"https:\/\/www.agencemediatis.com\/wp-content\/uploads\/2015\/03\/home_webdesign_subheader_1.jpg\"},{\"@type\":\"BreadcrumbList\",\"@id\":\"https:\/\/www.agencemediatis.com\/marketing-numerique\/#breadcrumb\",\"itemListElement\":[{\"@type\":\"ListItem\",\"position\":1,\"name\":\"Accueil\",\"item\":\"https:\/\/www.agencemediatis.com\/\"},{\"@type\":\"ListItem\",\"position\":2,\"name\":\"Marketing num\u00e9rique\"}]},{\"@type\":\"WebSite\",\"@id\":\"https:\/\/www.agencemediatis.com\/#website\",\"url\":\"https:\/\/www.agencemediatis.com\/\",\"name\":\"Agence web \u00e0 Magog et Sherbrooke \u2013 Cr\u00e9ation de sites web &amp; r\u00e9f\u00e9rencement SEO | Agence M\u00e9diatis\",\"description\":\"\",\"potentialAction\":[{\"@type\":\"SearchAction\",\"target\":{\"@type\":\"EntryPoint\",\"urlTemplate\":\"https:\/\/www.agencemediatis.com\/?s={search_term_string}\"},\"query-input\":{\"@type\":\"PropertyValueSpecification\",\"valueRequired\":true,\"valueName\":\"search_term_string\"}}],\"inLanguage\":\"en-CA\"}]}<\/script>\n<!-- \/ Yoast SEO plugin. -->","yoast_head_json":{"title":"Marketing num\u00e9rique - Agence web \u00e0 Magog et Sherbrooke \u2013 Cr\u00e9ation de sites web &amp; r\u00e9f\u00e9rencement SEO | Agence M\u00e9diatis","description":"Agence M\u00e9diatis : experts en marketing num\u00e9rique \u00e0 Magog, Sherbrooke et Montr\u00e9al. Campagnes Google Ads, r\u00e9seaux sociaux et visibilit\u00e9 locale.","robots":{"index":"index","follow":"follow","max-snippet":"max-snippet:-1","max-image-preview":"max-image-preview:large","max-video-preview":"max-video-preview:-1"},"canonical":"https:\/\/www.agencemediatis.com\/en\/marketing-numerique\/","og_locale":"en_US","og_type":"article","og_title":"Marketing num\u00e9rique - Agence web \u00e0 Magog et Sherbrooke \u2013 Cr\u00e9ation de sites web &amp; r\u00e9f\u00e9rencement SEO | Agence M\u00e9diatis","og_description":"Agence M\u00e9diatis : experts en marketing num\u00e9rique \u00e0 Magog, Sherbrooke et Montr\u00e9al. Campagnes Google Ads, r\u00e9seaux sociaux et visibilit\u00e9 locale.","og_url":"https:\/\/www.agencemediatis.com\/en\/marketing-numerique\/","og_site_name":"Agence web \u00e0 Magog et Sherbrooke \u2013 Cr\u00e9ation de sites web &amp; r\u00e9f\u00e9rencement SEO | Agence M\u00e9diatis","article_modified_time":"2025-10-10T21:51:08+00:00","og_image":[{"url":"https:\/\/www.agencemediatis.com\/wp-content\/uploads\/2015\/03\/home_webdesign_subheader_1.jpg","width":1,"height":1,"type":"image\/jpeg"}],"twitter_card":"summary_large_image","twitter_misc":{"Est. reading time":"1 minute"},"schema":{"@context":"https:\/\/schema.org","@graph":[{"@type":"WebPage","@id":"https:\/\/www.agencemediatis.com\/marketing-numerique\/","url":"https:\/\/www.agencemediatis.com\/marketing-numerique\/","name":"Marketing num\u00e9rique - Agence web \u00e0 Magog et Sherbrooke \u2013 Cr\u00e9ation de sites web &amp; r\u00e9f\u00e9rencement SEO | Agence M\u00e9diatis","isPartOf":{"@id":"https:\/\/www.agencemediatis.com\/#website"},"primaryImageOfPage":{"@id":"https:\/\/www.agencemediatis.com\/marketing-numerique\/#primaryimage"},"image":{"@id":"https:\/\/www.agencemediatis.com\/marketing-numerique\/#primaryimage"},"thumbnailUrl":"https:\/\/www.agencemediatis.com\/wp-content\/uploads\/2015\/03\/home_webdesign_subheader_1.jpg","datePublished":"2025-10-10T21:49:17+00:00","dateModified":"2025-10-10T21:51:08+00:00","description":"Agence M\u00e9diatis : experts en marketing num\u00e9rique \u00e0 Magog, Sherbrooke et Montr\u00e9al. Campagnes Google Ads, r\u00e9seaux sociaux et visibilit\u00e9 locale.","breadcrumb":{"@id":"https:\/\/www.agencemediatis.com\/marketing-numerique\/#breadcrumb"},"inLanguage":"en-CA","potentialAction":[{"@type":"ReadAction","target":["https:\/\/www.agencemediatis.com\/marketing-numerique\/"]}]},{"@type":"ImageObject","inLanguage":"en-CA","@id":"https:\/\/www.agencemediatis.com\/marketing-numerique\/#primaryimage","url":"https:\/\/www.agencemediatis.com\/wp-content\/uploads\/2015\/03\/home_webdesign_subheader_1.jpg","contentUrl":"https:\/\/www.agencemediatis.com\/wp-content\/uploads\/2015\/03\/home_webdesign_subheader_1.jpg"},{"@type":"BreadcrumbList","@id":"https:\/\/www.agencemediatis.com\/marketing-numerique\/#breadcrumb","itemListElement":[{"@type":"ListItem","position":1,"name":"Accueil","item":"https:\/\/www.agencemediatis.com\/"},{"@type":"ListItem","position":2,"name":"Marketing num\u00e9rique"}]},{"@type":"WebSite","@id":"https:\/\/www.agencemediatis.com\/#website","url":"https:\/\/www.agencemediatis.com\/","name":"Agence web \u00e0 Magog et Sherbrooke \u2013 Cr\u00e9ation de sites web &amp; r\u00e9f\u00e9rencement SEO | Agence M\u00e9diatis","description":"","potentialAction":[{"@type":"SearchAction","target":{"@type":"EntryPoint","urlTemplate":"https:\/\/www.agencemediatis.com\/?s={search_term_string}"},"query-input":{"@type":"PropertyValueSpecification","valueRequired":true,"valueName":"search_term_string"}}],"inLanguage":"en-CA"}]}},"_links":{"self":[{"href":"https:\/\/www.agencemediatis.com\/en\/wp-json\/wp\/v2\/pages\/2496","targetHints":{"allow":["GET"]}}],"collection":[{"href":"https:\/\/www.agencemediatis.com\/en\/wp-json\/wp\/v2\/pages"}],"about":[{"href":"https:\/\/www.agencemediatis.com\/en\/wp-json\/wp\/v2\/types\/page"}],"author":[{"embeddable":true,"href":"https:\/\/www.agencemediatis.com\/en\/wp-json\/wp\/v2\/users\/1"}],"replies":[{"embeddable":true,"href":"https:\/\/www.agencemediatis.com\/en\/wp-json\/wp\/v2\/comments?post=2496"}],"version-history":[{"count":6,"href":"https:\/\/www.agencemediatis.com\/en\/wp-json\/wp\/v2\/pages\/2496\/revisions"}],"predecessor-version":[{"id":2502,"href":"https:\/\/www.agencemediatis.com\/en\/wp-json\/wp\/v2\/pages\/2496\/revisions\/2502"}],"wp:featuredmedia":[{"embeddable":true,"href":"https:\/\/www.agencemediatis.com\/en\/wp-json\/wp\/v2\/media\/67"}],"wp:attachment":[{"href":"https:\/\/www.agencemediatis.com\/en\/wp-json\/wp\/v2\/media?parent=2496"}],"curies":[{"name":"wp","href":"https:\/\/api.w.org\/{rel}","templated":true}]}}