{"id":2518,"date":"2025-10-10T18:03:29","date_gmt":"2025-10-10T22:03:29","guid":{"rendered":"https:\/\/www.agencemediatis.com\/?page_id=2518"},"modified":"2025-10-10T18:05:39","modified_gmt":"2025-10-10T22:05:39","slug":"creation-de-plan-daffaires","status":"publish","type":"page","link":"https:\/\/www.agencemediatis.com\/en\/creation-de-plan-daffaires\/","title":{"rendered":"Cr\u00e9ation de plan d\u2019affaires"},"content":{"rendered":"<div data-elementor-type=\"wp-page\" data-elementor-id=\"2518\" class=\"elementor elementor-2518\" data-elementor-post-type=\"page\">\n\t\t\t\t<div class=\"elementor-element elementor-element-125ae1a e-flex e-con-boxed e-con e-parent\" data-id=\"125ae1a\" data-element_type=\"container\">\n\t\t\t\t\t<div class=\"e-con-inner\">\n\t\t\t\t<div class=\"elementor-element elementor-element-5f97014 elementor-widget elementor-widget-text-editor\" data-id=\"5f97014\" data-element_type=\"widget\" data-widget_type=\"text-editor.default\">\n\t\t\t\t\t\t\t\t\t<h3>Cr\u00e9ation de plan d\u2019affaires professionnel \u00e0 Magog, Sherbrooke et Montr\u00e9al<\/h3>\t\t\t\t\t\t\t\t<\/div>\n\t\t\t\t\t<\/div>\n\t\t\t\t<\/div>\n\t\t<div class=\"elementor-element elementor-element-3f7ed41 e-flex e-con-boxed e-con e-parent\" data-id=\"3f7ed41\" data-element_type=\"container\">\n\t\t\t\t\t<div class=\"e-con-inner\">\n\t\t\t\t<div class=\"elementor-element elementor-element-183f530 elementor-widget elementor-widget-image\" data-id=\"183f530\" data-element_type=\"widget\" data-widget_type=\"image.default\">\n\t\t\t\t\t\t\t\t\t\t\t\t\t\t\t<img fetchpriority=\"high\" decoding=\"async\" width=\"1553\" height=\"755\" src=\"https:\/\/www.agencemediatis.com\/wp-content\/uploads\/2025\/10\/redaction-plan-affaire-magog.jpg\" class=\"attachment-full size-full wp-image-2521\" alt=\"\" srcset=\"https:\/\/www.agencemediatis.com\/wp-content\/uploads\/2025\/10\/redaction-plan-affaire-magog.jpg 1553w, https:\/\/www.agencemediatis.com\/wp-content\/uploads\/2025\/10\/redaction-plan-affaire-magog-500x243.jpg 500w, https:\/\/www.agencemediatis.com\/wp-content\/uploads\/2025\/10\/redaction-plan-affaire-magog-1200x583.jpg 1200w, https:\/\/www.agencemediatis.com\/wp-content\/uploads\/2025\/10\/redaction-plan-affaire-magog-300x146.jpg 300w, https:\/\/www.agencemediatis.com\/wp-content\/uploads\/2025\/10\/redaction-plan-affaire-magog-768x373.jpg 768w, https:\/\/www.agencemediatis.com\/wp-content\/uploads\/2025\/10\/redaction-plan-affaire-magog-1536x747.jpg 1536w, https:\/\/www.agencemediatis.com\/wp-content\/uploads\/2025\/10\/redaction-plan-affaire-magog-18x9.jpg 18w, https:\/\/www.agencemediatis.com\/wp-content\/uploads\/2025\/10\/redaction-plan-affaire-magog-150x73.jpg 150w, https:\/\/www.agencemediatis.com\/wp-content\/uploads\/2025\/10\/redaction-plan-affaire-magog-480x233.jpg 480w\" sizes=\"(max-width: 1553px) 100vw, 1553px\" \/>\t\t\t\t\t\t\t\t\t\t\t\t\t\t\t<\/div>\n\t\t\t\t\t<\/div>\n\t\t\t\t<\/div>\n\t\t<div class=\"elementor-element elementor-element-180b65d e-flex e-con-boxed e-con e-parent\" data-id=\"180b65d\" data-element_type=\"container\">\n\t\t\t\t\t<div class=\"e-con-inner\">\n\t\t\t\t<div class=\"elementor-element elementor-element-938d6d4 elementor-widget elementor-widget-text-editor\" data-id=\"938d6d4\" data-element_type=\"widget\" data-widget_type=\"text-editor.default\">\n\t\t\t\t\t\t\t\t\t<h4 data-start=\"13096\" data-end=\"13402\">Donnez vie \u00e0 votre projet d\u2019entreprise avec un <strong data-start=\"13143\" data-end=\"13194\">plan d\u2019affaires clair, structur\u00e9 et convaincant<\/strong>.<br data-start=\"13195\" data-end=\"13198\" \/><br \/>Chez <strong data-start=\"13203\" data-end=\"13222\">Agence M\u00e9diatis<\/strong>, nous accompagnons les <strong data-start=\"13246\" data-end=\"13294\">entrepreneurs, travailleurs autonomes et PME<\/strong> dans la r\u00e9daction compl\u00e8te de leur plan d\u2019affaires \u2014 de la recherche de march\u00e9 aux projections financi\u00e8res.<\/h4><h4 data-start=\"13404\" data-end=\"13570\">Notre approche est personnalis\u00e9e, adapt\u00e9e \u00e0 votre secteur et \u00e0 vos objectifs, pour vous aider \u00e0 <strong data-start=\"13500\" data-end=\"13569\">convaincre partenaires, investisseurs et institutions financi\u00e8res<\/strong>.<\/h4>\t\t\t\t\t\t\t\t<\/div>\n\t\t\t\t\t<\/div>\n\t\t\t\t<\/div>\n\t\t<div class=\"elementor-element elementor-element-3f2d628 e-flex e-con-boxed e-con e-parent\" data-id=\"3f2d628\" data-element_type=\"container\">\n\t\t\t\t\t<div class=\"e-con-inner\">\n\t\t<div class=\"elementor-element elementor-element-c3849f9 e-con-full e-flex e-con e-child\" data-id=\"c3849f9\" data-element_type=\"container\">\n\t\t\t\t<div class=\"elementor-element elementor-element-a54b71e elementor-widget elementor-widget-text-editor\" data-id=\"a54b71e\" data-element_type=\"widget\" data-widget_type=\"text-editor.default\">\n\t\t\t\t\t\t\t\t\t<h3 data-start=\"13577\" data-end=\"13610\"><strong data-start=\"13581\" data-end=\"13610\">Nos services<\/strong><\/h3><ul data-start=\"13611\" data-end=\"13809\"><li data-start=\"13611\" data-end=\"13657\"><h4 data-start=\"13613\" data-end=\"13657\">\u00c9tude de march\u00e9 et analyse concurrentielle<\/h4><\/li><li data-start=\"13658\" data-end=\"13705\"><h4 data-start=\"13660\" data-end=\"13705\">Strat\u00e9gie de d\u00e9veloppement et plan d\u2019action<\/h4><\/li><li data-start=\"13706\" data-end=\"13755\"><h4 data-start=\"13708\" data-end=\"13755\">Pr\u00e9visions financi\u00e8res et pr\u00e9sentation claire<\/h4><\/li><li data-start=\"13756\" data-end=\"13809\"><h4 data-start=\"13758\" data-end=\"13809\">Mise en page professionnelle et r\u00e9vision compl\u00e8te<\/h4><\/li><\/ul>\t\t\t\t\t\t\t\t<\/div>\n\t\t\t\t<\/div>\n\t\t<div class=\"elementor-element elementor-element-bb5cd81 e-con-full e-flex e-con e-child\" data-id=\"bb5cd81\" data-element_type=\"container\">\n\t\t\t\t<div class=\"elementor-element elementor-element-920f9ee elementor-widget elementor-widget-image\" data-id=\"920f9ee\" data-element_type=\"widget\" data-widget_type=\"image.default\">\n\t\t\t\t\t\t\t\t\t\t\t\t\t\t\t<img decoding=\"async\" width=\"960\" height=\"640\" src=\"https:\/\/www.agencemediatis.com\/wp-content\/uploads\/2025\/08\/business-idea-660085_960_720.jpg\" class=\"attachment-large size-large wp-image-2404\" alt=\"\" srcset=\"https:\/\/www.agencemediatis.com\/wp-content\/uploads\/2025\/08\/business-idea-660085_960_720.jpg 960w, https:\/\/www.agencemediatis.com\/wp-content\/uploads\/2025\/08\/business-idea-660085_960_720-500x333.jpg 500w, https:\/\/www.agencemediatis.com\/wp-content\/uploads\/2025\/08\/business-idea-660085_960_720-300x200.jpg 300w, https:\/\/www.agencemediatis.com\/wp-content\/uploads\/2025\/08\/business-idea-660085_960_720-768x512.jpg 768w, https:\/\/www.agencemediatis.com\/wp-content\/uploads\/2025\/08\/business-idea-660085_960_720-18x12.jpg 18w, https:\/\/www.agencemediatis.com\/wp-content\/uploads\/2025\/08\/business-idea-660085_960_720-113x75.jpg 113w, https:\/\/www.agencemediatis.com\/wp-content\/uploads\/2025\/08\/business-idea-660085_960_720-480x320.jpg 480w\" sizes=\"(max-width: 960px) 100vw, 960px\" \/>\t\t\t\t\t\t\t\t\t\t\t\t\t\t\t<\/div>\n\t\t\t\t<\/div>\n\t\t\t\t\t<\/div>\n\t\t\t\t<\/div>\n\t\t<div class=\"elementor-element elementor-element-c91494f e-flex e-con-boxed e-con e-parent\" data-id=\"c91494f\" data-element_type=\"container\">\n\t\t\t\t\t<div class=\"e-con-inner\">\n\t\t\t\t<div class=\"elementor-element elementor-element-4c38e32 elementor-widget elementor-widget-text-editor\" data-id=\"4c38e32\" data-element_type=\"widget\" data-widget_type=\"text-editor.default\">\n\t\t\t\t\t\t\t\t\t<h3>Vous avez un projet ou besoin d\u2019un <strong data-start=\"2206\" data-end=\"2222\">devis rapide<\/strong> ?<br data-start=\"2224\" data-end=\"2227\" \/><a href=\"https:\/\/www.agencemediatis.com\/en\/contact\/\"><strong data-start=\"2230\" data-end=\"2275\">Contactez Agence M\u00e9diatis d\u00e8s aujourd\u2019hui<\/strong><\/a> et propulsez votre entreprise sur le web.<\/h3>\t\t\t\t\t\t\t\t<\/div>\n\t\t\t\t\t<\/div>\n\t\t\t\t<\/div>\n\t\t\t\t<\/div>","protected":false},"excerpt":{"rendered":"<p>Cr\u00e9ation de plan d\u2019affaires professionnel \u00e0 Magog, Sherbrooke et Montr\u00e9al Donnez vie \u00e0 votre projet d\u2019entreprise avec un plan d\u2019affaires clair, structur\u00e9 et convaincant.Chez Agence M\u00e9diatis,<span class=\"excerpt-hellip\"> [\u2026]<\/span><\/p>","protected":false},"author":1,"featured_media":67,"parent":0,"menu_order":0,"comment_status":"open","ping_status":"closed","template":"","meta":{"footnotes":""},"class_list":["post-2518","page","type-page","status-publish","has-post-thumbnail","hentry"],"yoast_head":"<!-- This site is optimized with the Yoast SEO plugin v26.7 - https:\/\/yoast.com\/wordpress\/plugins\/seo\/ -->\n<title>Cr\u00e9ation de plan d\u2019affaires - Agence web \u00e0 Magog et Sherbrooke \u2013 Cr\u00e9ation de sites web &amp; r\u00e9f\u00e9rencement SEO | Agence M\u00e9diatis<\/title>\n<meta name=\"description\" content=\"Cr\u00e9ation de plan d\u2019affaires complet \u00e0 Magog, Sherbrooke et Montr\u00e9al. \u00c9tude de march\u00e9, strat\u00e9gie, finances et mise en page professionnelle.\" \/>\n<meta name=\"robots\" content=\"index, follow, max-snippet:-1, max-image-preview:large, max-video-preview:-1\" \/>\n<link rel=\"canonical\" href=\"https:\/\/www.agencemediatis.com\/en\/creation-de-plan-daffaires\/\" \/>\n<meta property=\"og:locale\" content=\"en_US\" \/>\n<meta property=\"og:type\" content=\"article\" \/>\n<meta property=\"og:title\" content=\"Cr\u00e9ation de plan d\u2019affaires - Agence web \u00e0 Magog et Sherbrooke \u2013 Cr\u00e9ation de sites web &amp; r\u00e9f\u00e9rencement SEO | Agence M\u00e9diatis\" \/>\n<meta property=\"og:description\" content=\"Cr\u00e9ation de plan d\u2019affaires complet \u00e0 Magog, Sherbrooke et Montr\u00e9al. \u00c9tude de march\u00e9, strat\u00e9gie, finances et mise en page professionnelle.\" \/>\n<meta property=\"og:url\" content=\"https:\/\/www.agencemediatis.com\/en\/creation-de-plan-daffaires\/\" \/>\n<meta property=\"og:site_name\" content=\"Agence web \u00e0 Magog et Sherbrooke \u2013 Cr\u00e9ation de sites web &amp; r\u00e9f\u00e9rencement SEO | Agence M\u00e9diatis\" \/>\n<meta property=\"article:modified_time\" content=\"2025-10-10T22:05:39+00:00\" \/>\n<meta property=\"og:image\" content=\"https:\/\/www.agencemediatis.com\/wp-content\/uploads\/2015\/03\/home_webdesign_subheader_1.jpg\" \/>\n\t<meta property=\"og:image:width\" content=\"1\" \/>\n\t<meta property=\"og:image:height\" content=\"1\" \/>\n\t<meta property=\"og:image:type\" content=\"image\/jpeg\" \/>\n<meta name=\"twitter:card\" content=\"summary_large_image\" \/>\n<meta name=\"twitter:label1\" content=\"Est. reading time\" \/>\n\t<meta name=\"twitter:data1\" content=\"1 minute\" \/>\n<script type=\"application\/ld+json\" class=\"yoast-schema-graph\">{\"@context\":\"https:\/\/schema.org\",\"@graph\":[{\"@type\":\"WebPage\",\"@id\":\"https:\/\/www.agencemediatis.com\/creation-de-plan-daffaires\/\",\"url\":\"https:\/\/www.agencemediatis.com\/creation-de-plan-daffaires\/\",\"name\":\"Cr\u00e9ation de plan d\u2019affaires - Agence web \u00e0 Magog et Sherbrooke \u2013 Cr\u00e9ation de sites web &amp; r\u00e9f\u00e9rencement SEO | Agence M\u00e9diatis\",\"isPartOf\":{\"@id\":\"https:\/\/www.agencemediatis.com\/#website\"},\"primaryImageOfPage\":{\"@id\":\"https:\/\/www.agencemediatis.com\/creation-de-plan-daffaires\/#primaryimage\"},\"image\":{\"@id\":\"https:\/\/www.agencemediatis.com\/creation-de-plan-daffaires\/#primaryimage\"},\"thumbnailUrl\":\"https:\/\/www.agencemediatis.com\/wp-content\/uploads\/2015\/03\/home_webdesign_subheader_1.jpg\",\"datePublished\":\"2025-10-10T22:03:29+00:00\",\"dateModified\":\"2025-10-10T22:05:39+00:00\",\"description\":\"Cr\u00e9ation de plan d\u2019affaires complet \u00e0 Magog, Sherbrooke et Montr\u00e9al. \u00c9tude de march\u00e9, strat\u00e9gie, finances et mise en page professionnelle.\",\"breadcrumb\":{\"@id\":\"https:\/\/www.agencemediatis.com\/creation-de-plan-daffaires\/#breadcrumb\"},\"inLanguage\":\"en-CA\",\"potentialAction\":[{\"@type\":\"ReadAction\",\"target\":[\"https:\/\/www.agencemediatis.com\/creation-de-plan-daffaires\/\"]}]},{\"@type\":\"ImageObject\",\"inLanguage\":\"en-CA\",\"@id\":\"https:\/\/www.agencemediatis.com\/creation-de-plan-daffaires\/#primaryimage\",\"url\":\"https:\/\/www.agencemediatis.com\/wp-content\/uploads\/2015\/03\/home_webdesign_subheader_1.jpg\",\"contentUrl\":\"https:\/\/www.agencemediatis.com\/wp-content\/uploads\/2015\/03\/home_webdesign_subheader_1.jpg\"},{\"@type\":\"BreadcrumbList\",\"@id\":\"https:\/\/www.agencemediatis.com\/creation-de-plan-daffaires\/#breadcrumb\",\"itemListElement\":[{\"@type\":\"ListItem\",\"position\":1,\"name\":\"Accueil\",\"item\":\"https:\/\/www.agencemediatis.com\/\"},{\"@type\":\"ListItem\",\"position\":2,\"name\":\"Cr\u00e9ation de plan d\u2019affaires\"}]},{\"@type\":\"WebSite\",\"@id\":\"https:\/\/www.agencemediatis.com\/#website\",\"url\":\"https:\/\/www.agencemediatis.com\/\",\"name\":\"Agence web \u00e0 Magog et Sherbrooke \u2013 Cr\u00e9ation de sites web &amp; r\u00e9f\u00e9rencement SEO | Agence M\u00e9diatis\",\"description\":\"\",\"potentialAction\":[{\"@type\":\"SearchAction\",\"target\":{\"@type\":\"EntryPoint\",\"urlTemplate\":\"https:\/\/www.agencemediatis.com\/?s={search_term_string}\"},\"query-input\":{\"@type\":\"PropertyValueSpecification\",\"valueRequired\":true,\"valueName\":\"search_term_string\"}}],\"inLanguage\":\"en-CA\"}]}<\/script>\n<!-- \/ Yoast SEO plugin. -->","yoast_head_json":{"title":"Cr\u00e9ation de plan d\u2019affaires - Agence web \u00e0 Magog et Sherbrooke \u2013 Cr\u00e9ation de sites web &amp; r\u00e9f\u00e9rencement SEO | Agence M\u00e9diatis","description":"Cr\u00e9ation de plan d\u2019affaires complet \u00e0 Magog, Sherbrooke et Montr\u00e9al. \u00c9tude de march\u00e9, strat\u00e9gie, finances et mise en page professionnelle.","robots":{"index":"index","follow":"follow","max-snippet":"max-snippet:-1","max-image-preview":"max-image-preview:large","max-video-preview":"max-video-preview:-1"},"canonical":"https:\/\/www.agencemediatis.com\/en\/creation-de-plan-daffaires\/","og_locale":"en_US","og_type":"article","og_title":"Cr\u00e9ation de plan d\u2019affaires - Agence web \u00e0 Magog et Sherbrooke \u2013 Cr\u00e9ation de sites web &amp; r\u00e9f\u00e9rencement SEO | Agence M\u00e9diatis","og_description":"Cr\u00e9ation de plan d\u2019affaires complet \u00e0 Magog, Sherbrooke et Montr\u00e9al. \u00c9tude de march\u00e9, strat\u00e9gie, finances et mise en page professionnelle.","og_url":"https:\/\/www.agencemediatis.com\/en\/creation-de-plan-daffaires\/","og_site_name":"Agence web \u00e0 Magog et Sherbrooke \u2013 Cr\u00e9ation de sites web &amp; r\u00e9f\u00e9rencement SEO | Agence M\u00e9diatis","article_modified_time":"2025-10-10T22:05:39+00:00","og_image":[{"url":"https:\/\/www.agencemediatis.com\/wp-content\/uploads\/2015\/03\/home_webdesign_subheader_1.jpg","width":1,"height":1,"type":"image\/jpeg"}],"twitter_card":"summary_large_image","twitter_misc":{"Est. reading time":"1 minute"},"schema":{"@context":"https:\/\/schema.org","@graph":[{"@type":"WebPage","@id":"https:\/\/www.agencemediatis.com\/creation-de-plan-daffaires\/","url":"https:\/\/www.agencemediatis.com\/creation-de-plan-daffaires\/","name":"Cr\u00e9ation de plan d\u2019affaires - Agence web \u00e0 Magog et Sherbrooke \u2013 Cr\u00e9ation de sites web &amp; r\u00e9f\u00e9rencement SEO | Agence M\u00e9diatis","isPartOf":{"@id":"https:\/\/www.agencemediatis.com\/#website"},"primaryImageOfPage":{"@id":"https:\/\/www.agencemediatis.com\/creation-de-plan-daffaires\/#primaryimage"},"image":{"@id":"https:\/\/www.agencemediatis.com\/creation-de-plan-daffaires\/#primaryimage"},"thumbnailUrl":"https:\/\/www.agencemediatis.com\/wp-content\/uploads\/2015\/03\/home_webdesign_subheader_1.jpg","datePublished":"2025-10-10T22:03:29+00:00","dateModified":"2025-10-10T22:05:39+00:00","description":"Cr\u00e9ation de plan d\u2019affaires complet \u00e0 Magog, Sherbrooke et Montr\u00e9al. \u00c9tude de march\u00e9, strat\u00e9gie, finances et mise en page professionnelle.","breadcrumb":{"@id":"https:\/\/www.agencemediatis.com\/creation-de-plan-daffaires\/#breadcrumb"},"inLanguage":"en-CA","potentialAction":[{"@type":"ReadAction","target":["https:\/\/www.agencemediatis.com\/creation-de-plan-daffaires\/"]}]},{"@type":"ImageObject","inLanguage":"en-CA","@id":"https:\/\/www.agencemediatis.com\/creation-de-plan-daffaires\/#primaryimage","url":"https:\/\/www.agencemediatis.com\/wp-content\/uploads\/2015\/03\/home_webdesign_subheader_1.jpg","contentUrl":"https:\/\/www.agencemediatis.com\/wp-content\/uploads\/2015\/03\/home_webdesign_subheader_1.jpg"},{"@type":"BreadcrumbList","@id":"https:\/\/www.agencemediatis.com\/creation-de-plan-daffaires\/#breadcrumb","itemListElement":[{"@type":"ListItem","position":1,"name":"Accueil","item":"https:\/\/www.agencemediatis.com\/"},{"@type":"ListItem","position":2,"name":"Cr\u00e9ation de plan d\u2019affaires"}]},{"@type":"WebSite","@id":"https:\/\/www.agencemediatis.com\/#website","url":"https:\/\/www.agencemediatis.com\/","name":"Agence web \u00e0 Magog et Sherbrooke \u2013 Cr\u00e9ation de sites web &amp; r\u00e9f\u00e9rencement SEO | Agence M\u00e9diatis","description":"","potentialAction":[{"@type":"SearchAction","target":{"@type":"EntryPoint","urlTemplate":"https:\/\/www.agencemediatis.com\/?s={search_term_string}"},"query-input":{"@type":"PropertyValueSpecification","valueRequired":true,"valueName":"search_term_string"}}],"inLanguage":"en-CA"}]}},"_links":{"self":[{"href":"https:\/\/www.agencemediatis.com\/en\/wp-json\/wp\/v2\/pages\/2518","targetHints":{"allow":["GET"]}}],"collection":[{"href":"https:\/\/www.agencemediatis.com\/en\/wp-json\/wp\/v2\/pages"}],"about":[{"href":"https:\/\/www.agencemediatis.com\/en\/wp-json\/wp\/v2\/types\/page"}],"author":[{"embeddable":true,"href":"https:\/\/www.agencemediatis.com\/en\/wp-json\/wp\/v2\/users\/1"}],"replies":[{"embeddable":true,"href":"https:\/\/www.agencemediatis.com\/en\/wp-json\/wp\/v2\/comments?post=2518"}],"version-history":[{"count":5,"href":"https:\/\/www.agencemediatis.com\/en\/wp-json\/wp\/v2\/pages\/2518\/revisions"}],"predecessor-version":[{"id":2524,"href":"https:\/\/www.agencemediatis.com\/en\/wp-json\/wp\/v2\/pages\/2518\/revisions\/2524"}],"wp:featuredmedia":[{"embeddable":true,"href":"https:\/\/www.agencemediatis.com\/en\/wp-json\/wp\/v2\/media\/67"}],"wp:attachment":[{"href":"https:\/\/www.agencemediatis.com\/en\/wp-json\/wp\/v2\/media?parent=2518"}],"curies":[{"name":"wp","href":"https:\/\/api.w.org\/{rel}","templated":true}]}}