{"id":76,"date":"2015-03-12T15:28:50","date_gmt":"2015-03-12T19:28:50","guid":{"rendered":"https:\/\/pascalcaillens.com\/?page_id=76"},"modified":"2025-10-10T17:16:25","modified_gmt":"2025-10-10T21:16:25","slug":"contact","status":"publish","type":"page","link":"https:\/\/www.agencemediatis.com\/en\/contact\/","title":{"rendered":"CONTACT"},"content":{"rendered":"<div data-elementor-type=\"wp-page\" data-elementor-id=\"76\" class=\"elementor elementor-76\" data-elementor-post-type=\"page\">\n\t\t\t\t<div class=\"elementor-element elementor-element-fe3c09d e-flex e-con-boxed e-con e-parent\" data-id=\"fe3c09d\" data-element_type=\"container\">\n\t\t\t\t\t<div class=\"e-con-inner\">\n\t\t\t\t<div class=\"elementor-element elementor-element-0502f24 elementor-widget elementor-widget-text-editor\" data-id=\"0502f24\" data-element_type=\"widget\" data-widget_type=\"text-editor.default\">\n\t\t\t\t\t\t\t\t\t<h3><strong>Contactez l\u2019Agence M\u00e9diatis<\/strong> \u2013 Votre partenaire web \u00e0 Magog, Sherbrooke et Montr\u00e9al<\/h3>\t\t\t\t\t\t\t\t<\/div>\n\t\t\t\t\t<\/div>\n\t\t\t\t<\/div>\n\t\t<div class=\"elementor-element elementor-element-6e1825e e-flex e-con-boxed e-con e-parent\" data-id=\"6e1825e\" data-element_type=\"container\">\n\t\t\t\t\t<div class=\"e-con-inner\">\n\t\t<div class=\"elementor-element elementor-element-9fa4be0 e-con-full e-flex e-con e-child\" data-id=\"9fa4be0\" data-element_type=\"container\">\n\t\t\t\t<div class=\"elementor-element elementor-element-a741932 elementor-widget elementor-widget-text-editor\" data-id=\"a741932\" data-element_type=\"widget\" data-widget_type=\"text-editor.default\">\n\t\t\t\t\t\t\t\t\t<h4 data-start=\"550\" data-end=\"827\">Vous avez un projet web \u00e0 r\u00e9aliser ou vous souhaitez am\u00e9liorer votre visibilit\u00e9 sur Google ?<br data-start=\"642\" data-end=\"645\" \/>L\u2019\u00e9quipe de <strong data-start=\"657\" data-end=\"678\">l\u2019Agence M\u00e9diatis<\/strong> est \u00e0 votre \u00e9coute pour vous conseiller et vous accompagner, que vous soyez situ\u00e9 \u00e0 <strong data-start=\"763\" data-end=\"826\">Magog, Sherbrooke, dans la r\u00e9gion de l\u2019Estrie ou \u00e0 Montr\u00e9al<\/strong>.<\/h4><h4 data-start=\"829\" data-end=\"1099\">Nous r\u00e9pondons rapidement \u00e0 toutes les demandes : cr\u00e9ation de site web, refonte, boutique en ligne, r\u00e9f\u00e9rencement SEO ou accompagnement marketing.<br data-start=\"975\" data-end=\"978\" \/><br \/>Notre priorit\u00e9 est de <strong data-start=\"1000\" data-end=\"1026\">comprendre vos besoins<\/strong> pour vous proposer une solution adapt\u00e9e \u00e0 votre budget et vos objectifs.<\/h4>\t\t\t\t\t\t\t\t<\/div>\n\t\t\t\t<\/div>\n\t\t<div class=\"elementor-element elementor-element-39b0291 e-con-full e-flex e-con e-child\" data-id=\"39b0291\" data-element_type=\"container\">\n\t\t\t\t<div class=\"elementor-element elementor-element-c107e77 elementor-widget elementor-widget-image\" data-id=\"c107e77\" data-element_type=\"widget\" data-widget_type=\"image.default\">\n\t\t\t\t\t\t\t\t\t\t\t\t\t\t\t<img decoding=\"async\" width=\"1\" height=\"1\" src=\"https:\/\/www.agencemediatis.com\/wp-content\/uploads\/2015\/03\/home_webdesign_offer3_bg.jpg\" class=\"attachment-large size-large wp-image-57\" alt=\"\" \/>\t\t\t\t\t\t\t\t\t\t\t\t\t\t\t<\/div>\n\t\t\t\t<\/div>\n\t\t\t\t\t<\/div>\n\t\t\t\t<\/div>\n\t\t<div class=\"elementor-element elementor-element-4c2fe29 e-flex e-con-boxed e-con e-parent\" data-id=\"4c2fe29\" data-element_type=\"container\">\n\t\t\t\t\t<div class=\"e-con-inner\">\n\t\t<div class=\"elementor-element elementor-element-9ce1970 e-con-full e-flex e-con e-child\" data-id=\"9ce1970\" data-element_type=\"container\">\n\t\t\t\t<div class=\"elementor-element elementor-element-eec8fdc elementor-widget elementor-widget-text-editor\" data-id=\"eec8fdc\" data-element_type=\"widget\" data-widget_type=\"text-editor.default\">\n\t\t\t\t\t\t\t\t\t<h3><strong>Obtenez un devis gratuit d\u00e8s aujourd\u2019hui<\/strong><\/h3><h4>Besoin d\u2019un <strong data-start=\"1180\" data-end=\"1215\">devis rapide et sans engagement<\/strong> ?<br data-start=\"1217\" data-end=\"1220\" \/>Remplissez simplement le formulaire ci-dessous ou contactez-nous directement par t\u00e9l\u00e9phone ou courriel.<br data-start=\"1323\" data-end=\"1326\" \/><br \/>Nous vous r\u00e9pondrons dans les plus brefs d\u00e9lais pour discuter de votre projet.<\/h4>\t\t\t\t\t\t\t\t<\/div>\n\t\t\t\t<div class=\"elementor-element elementor-element-3653f03 elementor-widget elementor-widget-text-editor\" data-id=\"3653f03\" data-element_type=\"widget\" data-widget_type=\"text-editor.default\">\n\t\t\t\t\t\t\t\t\t<h3><strong>Coordonn\u00e9es<\/strong><\/h3><h4>30 Rue Principale O #403<br \/>Magog, QC J1X 2A5<br \/>Canada<br \/><br \/>Contactez-nous <a href=\"mailto:pa*************@***il.com\" data-original-string=\"8ulAtLl4SYn\/g0fu7EPQJA==4b7Hfzm6g45sWYMKKrxRDgO\/Pm8LSdznWF\/qq9t6rVCSKs=\" title=\"This contact has been encoded by Anti-Spam by CleanTalk. Click to decode. To finish the decoding make sure that JavaScript is enabled in your browser.\"><strong>par e-mail<\/strong><\/a><br \/>Appelez-nous : <a href=\"tel:+18196204278\"><strong>819-620-4278<\/strong><\/a><\/h4>\t\t\t\t\t\t\t\t<\/div>\n\t\t\t\t<\/div>\n\t\t<div class=\"elementor-element elementor-element-8829e16 e-con-full e-flex e-con e-child\" data-id=\"8829e16\" data-element_type=\"container\">\n\t\t\t\t<div class=\"elementor-element elementor-element-bd44262 elementor-widget elementor-widget-wpforms\" data-id=\"bd44262\" data-element_type=\"widget\" data-widget_type=\"wpforms.default\">\n\t\t\t\t<div class=\"elementor-widget-container\">\n\t\t\t\t\t<style id=\"wpforms-css-vars-root\">\n\t\t\t\t:root {\n\t\t\t\t\t--wpforms-field-border-radius: 3px;\n--wpforms-field-background-color: #ffffff;\n--wpforms-field-border-color: rgba( 0, 0, 0, 0.25 );\n--wpforms-field-text-color: rgba( 0, 0, 0, 0.7 );\n--wpforms-label-color: rgba( 0, 0, 0, 0.85 );\n--wpforms-label-sublabel-color: rgba( 0, 0, 0, 0.55 );\n--wpforms-label-error-color: #d63637;\n--wpforms-button-border-radius: 3px;\n--wpforms-button-background-color: #066aab;\n--wpforms-button-text-color: #ffffff;\n--wpforms-field-size-input-height: 43px;\n--wpforms-field-size-input-spacing: 15px;\n--wpforms-field-size-font-size: 16px;\n--wpforms-field-size-line-height: 19px;\n--wpforms-field-size-padding-h: 14px;\n--wpforms-field-size-checkbox-size: 16px;\n--wpforms-field-size-sublabel-spacing: 5px;\n--wpforms-field-size-icon-size: 1;\n--wpforms-label-size-font-size: 16px;\n--wpforms-label-size-line-height: 19px;\n--wpforms-label-size-sublabel-font-size: 14px;\n--wpforms-label-size-sublabel-line-height: 17px;\n--wpforms-button-size-font-size: 17px;\n--wpforms-button-size-height: 41px;\n--wpforms-button-size-padding-h: 15px;\n--wpforms-button-size-margin-top: 10px;\n\n\t\t\t\t}\n\t\t\t<\/style><style id=\"wpforms-css-vars-elementor-widget-bd44262\">\n\t\t\t\t.elementor-widget-wpforms.elementor-element-bd44262 {\n\t\t\t\t\t--wpforms-field-size-input-height: 43px;\n--wpforms-field-size-input-spacing: 15px;\n--wpforms-field-size-font-size: 16px;\n--wpforms-field-size-line-height: 19px;\n--wpforms-field-size-padding-h: 14px;\n--wpforms-field-size-checkbox-size: 16px;\n--wpforms-field-size-sublabel-spacing: 5px;\n--wpforms-field-size-icon-size: 1;\n--wpforms-label-size-font-size: 16px;\n--wpforms-label-size-line-height: 19px;\n--wpforms-label-size-sublabel-font-size: 14px;\n--wpforms-label-size-sublabel-line-height: 17px;\n--wpforms-button-size-font-size: 17px;\n--wpforms-button-size-height: 41px;\n--wpforms-button-size-padding-h: 15px;\n--wpforms-button-size-margin-top: 10px;\n\n\t\t\t\t}\n\t\t\t<\/style><div class=\"wpforms-container wpforms-container-full wpforms-render-modern\" id=\"wpforms-2231\"><form id=\"wpforms-form-2231\" class=\"wpforms-validate wpforms-form wpforms-ajax-form\" data-formid=\"2231\" method=\"post\" enctype=\"multipart\/form-data\" action=\"\/en\/wp-json\/wp\/v2\/pages\/76\" data-token=\"094ce7456cb0e18cf23d265ce5fb6444\" data-trp-original-action=\"\/en\/wp-json\/wp\/v2\/pages\/76\"><noscript class=\"wpforms-error-noscript\">Please enable JavaScript in your browser to complete this form.<\/noscript><div class=\"wpforms-hidden\" id=\"wpforms-error-noscript\">Please enable JavaScript in your browser to complete this form.<\/div><div class=\"wpforms-field-container\"><div id=\"wpforms-2231-field_0-container\" class=\"wpforms-field wpforms-field-name\" data-field-id=\"0\"><label class=\"wpforms-field-label\" for=\"wpforms-2231-field_0\">Pr\u00e9nom et Nom de famille <span class=\"wpforms-required-label\" aria-hidden=\"true\">*<\/span><\/label><input type=\"text\" id=\"wpforms-2231-field_0\" class=\"wpforms-field-large wpforms-field-required\" name=\"wpforms[fields][0]\" aria-errormessage=\"wpforms-2231-field_0-error\" required><\/div><div id=\"wpforms-2231-field_1-container\" class=\"wpforms-field wpforms-field-email\" data-field-id=\"1\"><label class=\"wpforms-field-label\" for=\"wpforms-2231-field_1\">Email <span class=\"wpforms-required-label\" aria-hidden=\"true\">*<\/span><\/label><input type=\"email\" id=\"wpforms-2231-field_1\" class=\"wpforms-field-large wpforms-field-required\" name=\"wpforms[fields][1]\" spellcheck=\"false\" aria-errormessage=\"wpforms-2231-field_1-error\" required><\/div><div id=\"wpforms-2231-field_3-container\" class=\"wpforms-field wpforms-field-phone\" data-field-id=\"3\"><label class=\"wpforms-field-label\" for=\"wpforms-2231-field_3\">T\u00e9l\u00e9phone <span class=\"wpforms-required-label\" aria-hidden=\"true\">*<\/span><\/label><input type=\"tel\" id=\"wpforms-2231-field_3\" class=\"wpforms-field-large wpforms-field-required\" data-rule-int-phone-field=\"true\" name=\"wpforms[fields][3]\" aria-errormessage=\"wpforms-2231-field_3-error\" required><\/div><div id=\"wpforms-2231-field_2-container\" class=\"wpforms-field wpforms-field-textarea\" data-field-id=\"2\"><label class=\"wpforms-field-label\" for=\"wpforms-2231-field_2\">D\u00e9crivez votre projet bi\u00e8vement...<\/label><textarea id=\"wpforms-2231-field_2\" class=\"wpforms-field-medium\" name=\"wpforms[fields][2]\" aria-errormessage=\"wpforms-2231-field_2-error\" ><\/textarea><\/div><\/div><!-- .wpforms-field-container --><div class=\"wpforms-submit-container\" ><input type=\"hidden\" name=\"wpforms[id]\" value=\"2231\"><input type=\"hidden\" name=\"wpforms[author]\" value=\"1\"><button type=\"submit\" name=\"wpforms[submit]\" id=\"wpforms-submit-2231\" class=\"wpforms-submit\" data-alt-text=\"En cours...\" data-submit-text=\"Envoyer\" aria-live=\"assertive\" value=\"wpforms-submit\">Envoyer<\/button><img decoding=\"async\" src=\"https:\/\/www.agencemediatis.com\/wp-content\/plugins\/wpforms\/assets\/images\/submit-spin.svg\" class=\"wpforms-submit-spinner\" style=\"display: none;\" width=\"26\" height=\"26\" alt=\"Loading\"><\/div><input type=\"hidden\" id=\"ct_checkjs_wpforms_4c5bde74a8f110656874902f07378009\" name=\"ct_checkjs_wpforms\" value=\"0\" \/><script>setTimeout(function(){var ct_input_name = \"ct_checkjs_wpforms_4c5bde74a8f110656874902f07378009\";if (document.getElementById(ct_input_name) !== null) {var ct_input_value = document.getElementById(ct_input_name).value;document.getElementById(ct_input_name).value = document.getElementById(ct_input_name).value.replace(ct_input_value, '1040575834');}}, 1000);<\/script><input\n                    class=\"apbct_special_field apbct_email_id__wp_wpforms\"\n                    name=\"apbct__email_id__wp_wpforms\"\n                    aria-label=\"apbct__label_id__wp_wpforms\"\n                    type=\"text\" size=\"30\" maxlength=\"200\" autocomplete=\"off\"\n                    value=\"\"\n                \/><input type=\"hidden\" name=\"trp-form-language\" value=\"en\"\/><\/form><\/div>  <!-- .wpforms-container -->\t\t\t\t<\/div>\n\t\t\t\t<\/div>\n\t\t\t\t<\/div>\n\t\t\t\t\t<\/div>\n\t\t\t\t<\/div>\n\t\t<div class=\"elementor-element elementor-element-d71ab07 e-con-full e-flex e-con e-parent\" data-id=\"d71ab07\" data-element_type=\"container\">\n\t\t\t\t<div class=\"elementor-element elementor-element-cb516fe elementor-widget elementor-widget-text-editor\" data-id=\"cb516fe\" data-element_type=\"widget\" data-widget_type=\"text-editor.default\">\n\t\t\t\t\t\t\t\t\t<iframe src=\"https:\/\/www.google.com\/maps\/embed?pb=!1m18!1m12!1m3!1d2808.156275194991!2d-72.15076162373684!3d45.26485167107134!2m3!1f0!2f0!3f0!3m2!1i1024!2i768!4f13.1!3m3!1m2!1s0x4cb637f177a995bb%3A0x1cc215f8a4af7940!2s30%20Rue%20Principale%20O%20%23403%2C%20Magog%2C%20QC%20J1X%202A5!5e0!3m2!1sfr!2sca!4v1760130673008!5m2!1sfr!2sca\" width=\"2500\" height=\"600\" style=\"border:0;\" allowfullscreen=\"\" loading=\"lazy\" referrerpolicy=\"no-referrer-when-downgrade\"><\/iframe>\t\t\t\t\t\t\t\t<\/div>\n\t\t\t\t<\/div>\n\t\t\t\t<\/div>","protected":false},"excerpt":{"rendered":"<p>Contactez l\u2019Agence M\u00e9diatis \u2013 Votre partenaire web \u00e0 Magog, Sherbrooke et Montr\u00e9al Vous avez un projet web \u00e0 r\u00e9aliser ou vous souhaitez am\u00e9liorer votre visibilit\u00e9 sur<span class=\"excerpt-hellip\"> [\u2026]<\/span><\/p>","protected":false},"author":1,"featured_media":84,"parent":0,"menu_order":0,"comment_status":"open","ping_status":"closed","template":"","meta":{"footnotes":""},"class_list":["post-76","page","type-page","status-publish","has-post-thumbnail","hentry"],"yoast_head":"<!-- This site is optimized with the Yoast SEO plugin v26.7 - https:\/\/yoast.com\/wordpress\/plugins\/seo\/ -->\n<title>CONTACT - Agence web \u00e0 Magog et Sherbrooke \u2013 Cr\u00e9ation de sites web &amp; r\u00e9f\u00e9rencement SEO | Agence M\u00e9diatis<\/title>\n<meta name=\"description\" content=\"Contactez l\u2019Agence M\u00e9diatis \u00e0 Magog pour la cr\u00e9ation de site web, le r\u00e9f\u00e9rencement SEO et le marketing num\u00e9rique. Service rapide \u00e0 Sherbrooke, Montr\u00e9al et partout au Qu\u00e9bec.\" \/>\n<meta name=\"robots\" content=\"index, follow, max-snippet:-1, max-image-preview:large, max-video-preview:-1\" \/>\n<link rel=\"canonical\" href=\"https:\/\/www.agencemediatis.com\/en\/contact\/\" \/>\n<meta property=\"og:locale\" content=\"en_US\" \/>\n<meta property=\"og:type\" content=\"article\" \/>\n<meta property=\"og:title\" content=\"CONTACT - Agence web \u00e0 Magog et Sherbrooke \u2013 Cr\u00e9ation de sites web &amp; r\u00e9f\u00e9rencement SEO | Agence M\u00e9diatis\" \/>\n<meta property=\"og:description\" content=\"Contactez l\u2019Agence M\u00e9diatis \u00e0 Magog pour la cr\u00e9ation de site web, le r\u00e9f\u00e9rencement SEO et le marketing num\u00e9rique. Service rapide \u00e0 Sherbrooke, Montr\u00e9al et partout au Qu\u00e9bec.\" \/>\n<meta property=\"og:url\" content=\"https:\/\/www.agencemediatis.com\/en\/contact\/\" \/>\n<meta property=\"og:site_name\" content=\"Agence web \u00e0 Magog et Sherbrooke \u2013 Cr\u00e9ation de sites web &amp; r\u00e9f\u00e9rencement SEO | Agence M\u00e9diatis\" \/>\n<meta property=\"article:modified_time\" content=\"2025-10-10T21:16:25+00:00\" \/>\n<meta property=\"og:image\" content=\"https:\/\/www.agencemediatis.com\/wp-content\/uploads\/2015\/03\/home_webdesign_subheader_4.jpg\" \/>\n\t<meta property=\"og:image:width\" content=\"1\" \/>\n\t<meta property=\"og:image:height\" content=\"1\" \/>\n\t<meta property=\"og:image:type\" content=\"image\/jpeg\" \/>\n<meta name=\"twitter:card\" content=\"summary_large_image\" \/>\n<meta name=\"twitter:label1\" content=\"Est. reading time\" \/>\n\t<meta name=\"twitter:data1\" content=\"1 minute\" \/>\n<script type=\"application\/ld+json\" class=\"yoast-schema-graph\">{\"@context\":\"https:\/\/schema.org\",\"@graph\":[{\"@type\":\"WebPage\",\"@id\":\"https:\/\/www.agencemediatis.com\/contact\/\",\"url\":\"https:\/\/www.agencemediatis.com\/contact\/\",\"name\":\"CONTACT - Agence web \u00e0 Magog et Sherbrooke \u2013 Cr\u00e9ation de sites web &amp; r\u00e9f\u00e9rencement SEO | Agence M\u00e9diatis\",\"isPartOf\":{\"@id\":\"https:\/\/www.agencemediatis.com\/#website\"},\"primaryImageOfPage\":{\"@id\":\"https:\/\/www.agencemediatis.com\/contact\/#primaryimage\"},\"image\":{\"@id\":\"https:\/\/www.agencemediatis.com\/contact\/#primaryimage\"},\"thumbnailUrl\":\"https:\/\/www.agencemediatis.com\/wp-content\/uploads\/2015\/03\/home_webdesign_subheader_4.jpg\",\"datePublished\":\"2015-03-12T19:28:50+00:00\",\"dateModified\":\"2025-10-10T21:16:25+00:00\",\"description\":\"Contactez l\u2019Agence M\u00e9diatis \u00e0 Magog pour la cr\u00e9ation de site web, le r\u00e9f\u00e9rencement SEO et le marketing num\u00e9rique. Service rapide \u00e0 Sherbrooke, Montr\u00e9al et partout au Qu\u00e9bec.\",\"breadcrumb\":{\"@id\":\"https:\/\/www.agencemediatis.com\/contact\/#breadcrumb\"},\"inLanguage\":\"en-CA\",\"potentialAction\":[{\"@type\":\"ReadAction\",\"target\":[\"https:\/\/www.agencemediatis.com\/contact\/\"]}]},{\"@type\":\"ImageObject\",\"inLanguage\":\"en-CA\",\"@id\":\"https:\/\/www.agencemediatis.com\/contact\/#primaryimage\",\"url\":\"https:\/\/www.agencemediatis.com\/wp-content\/uploads\/2015\/03\/home_webdesign_subheader_4.jpg\",\"contentUrl\":\"https:\/\/www.agencemediatis.com\/wp-content\/uploads\/2015\/03\/home_webdesign_subheader_4.jpg\"},{\"@type\":\"BreadcrumbList\",\"@id\":\"https:\/\/www.agencemediatis.com\/contact\/#breadcrumb\",\"itemListElement\":[{\"@type\":\"ListItem\",\"position\":1,\"name\":\"Accueil\",\"item\":\"https:\/\/www.agencemediatis.com\/\"},{\"@type\":\"ListItem\",\"position\":2,\"name\":\"CONTACT\"}]},{\"@type\":\"WebSite\",\"@id\":\"https:\/\/www.agencemediatis.com\/#website\",\"url\":\"https:\/\/www.agencemediatis.com\/\",\"name\":\"Agence web \u00e0 Magog et Sherbrooke \u2013 Cr\u00e9ation de sites web &amp; r\u00e9f\u00e9rencement SEO | Agence M\u00e9diatis\",\"description\":\"\",\"potentialAction\":[{\"@type\":\"SearchAction\",\"target\":{\"@type\":\"EntryPoint\",\"urlTemplate\":\"https:\/\/www.agencemediatis.com\/?s={search_term_string}\"},\"query-input\":{\"@type\":\"PropertyValueSpecification\",\"valueRequired\":true,\"valueName\":\"search_term_string\"}}],\"inLanguage\":\"en-CA\"}]}<\/script>\n<!-- \/ Yoast SEO plugin. -->","yoast_head_json":{"title":"CONTACT - Agence web \u00e0 Magog et Sherbrooke \u2013 Cr\u00e9ation de sites web &amp; r\u00e9f\u00e9rencement SEO | Agence M\u00e9diatis","description":"Contactez l\u2019Agence M\u00e9diatis \u00e0 Magog pour la cr\u00e9ation de site web, le r\u00e9f\u00e9rencement SEO et le marketing num\u00e9rique. Service rapide \u00e0 Sherbrooke, Montr\u00e9al et partout au Qu\u00e9bec.","robots":{"index":"index","follow":"follow","max-snippet":"max-snippet:-1","max-image-preview":"max-image-preview:large","max-video-preview":"max-video-preview:-1"},"canonical":"https:\/\/www.agencemediatis.com\/en\/contact\/","og_locale":"en_US","og_type":"article","og_title":"CONTACT - Agence web \u00e0 Magog et Sherbrooke \u2013 Cr\u00e9ation de sites web &amp; r\u00e9f\u00e9rencement SEO | Agence M\u00e9diatis","og_description":"Contactez l\u2019Agence M\u00e9diatis \u00e0 Magog pour la cr\u00e9ation de site web, le r\u00e9f\u00e9rencement SEO et le marketing num\u00e9rique. Service rapide \u00e0 Sherbrooke, Montr\u00e9al et partout au Qu\u00e9bec.","og_url":"https:\/\/www.agencemediatis.com\/en\/contact\/","og_site_name":"Agence web \u00e0 Magog et Sherbrooke \u2013 Cr\u00e9ation de sites web &amp; r\u00e9f\u00e9rencement SEO | Agence M\u00e9diatis","article_modified_time":"2025-10-10T21:16:25+00:00","og_image":[{"url":"https:\/\/www.agencemediatis.com\/wp-content\/uploads\/2015\/03\/home_webdesign_subheader_4.jpg","width":1,"height":1,"type":"image\/jpeg"}],"twitter_card":"summary_large_image","twitter_misc":{"Est. reading time":"1 minute"},"schema":{"@context":"https:\/\/schema.org","@graph":[{"@type":"WebPage","@id":"https:\/\/www.agencemediatis.com\/contact\/","url":"https:\/\/www.agencemediatis.com\/contact\/","name":"CONTACT - Agence web \u00e0 Magog et Sherbrooke \u2013 Cr\u00e9ation de sites web &amp; r\u00e9f\u00e9rencement SEO | Agence M\u00e9diatis","isPartOf":{"@id":"https:\/\/www.agencemediatis.com\/#website"},"primaryImageOfPage":{"@id":"https:\/\/www.agencemediatis.com\/contact\/#primaryimage"},"image":{"@id":"https:\/\/www.agencemediatis.com\/contact\/#primaryimage"},"thumbnailUrl":"https:\/\/www.agencemediatis.com\/wp-content\/uploads\/2015\/03\/home_webdesign_subheader_4.jpg","datePublished":"2015-03-12T19:28:50+00:00","dateModified":"2025-10-10T21:16:25+00:00","description":"Contactez l\u2019Agence M\u00e9diatis \u00e0 Magog pour la cr\u00e9ation de site web, le r\u00e9f\u00e9rencement SEO et le marketing num\u00e9rique. Service rapide \u00e0 Sherbrooke, Montr\u00e9al et partout au Qu\u00e9bec.","breadcrumb":{"@id":"https:\/\/www.agencemediatis.com\/contact\/#breadcrumb"},"inLanguage":"en-CA","potentialAction":[{"@type":"ReadAction","target":["https:\/\/www.agencemediatis.com\/contact\/"]}]},{"@type":"ImageObject","inLanguage":"en-CA","@id":"https:\/\/www.agencemediatis.com\/contact\/#primaryimage","url":"https:\/\/www.agencemediatis.com\/wp-content\/uploads\/2015\/03\/home_webdesign_subheader_4.jpg","contentUrl":"https:\/\/www.agencemediatis.com\/wp-content\/uploads\/2015\/03\/home_webdesign_subheader_4.jpg"},{"@type":"BreadcrumbList","@id":"https:\/\/www.agencemediatis.com\/contact\/#breadcrumb","itemListElement":[{"@type":"ListItem","position":1,"name":"Accueil","item":"https:\/\/www.agencemediatis.com\/"},{"@type":"ListItem","position":2,"name":"CONTACT"}]},{"@type":"WebSite","@id":"https:\/\/www.agencemediatis.com\/#website","url":"https:\/\/www.agencemediatis.com\/","name":"Agence web \u00e0 Magog et Sherbrooke \u2013 Cr\u00e9ation de sites web &amp; r\u00e9f\u00e9rencement SEO | Agence M\u00e9diatis","description":"","potentialAction":[{"@type":"SearchAction","target":{"@type":"EntryPoint","urlTemplate":"https:\/\/www.agencemediatis.com\/?s={search_term_string}"},"query-input":{"@type":"PropertyValueSpecification","valueRequired":true,"valueName":"search_term_string"}}],"inLanguage":"en-CA"}]}},"_links":{"self":[{"href":"https:\/\/www.agencemediatis.com\/en\/wp-json\/wp\/v2\/pages\/76","targetHints":{"allow":["GET"]}}],"collection":[{"href":"https:\/\/www.agencemediatis.com\/en\/wp-json\/wp\/v2\/pages"}],"about":[{"href":"https:\/\/www.agencemediatis.com\/en\/wp-json\/wp\/v2\/types\/page"}],"author":[{"embeddable":true,"href":"https:\/\/www.agencemediatis.com\/en\/wp-json\/wp\/v2\/users\/1"}],"replies":[{"embeddable":true,"href":"https:\/\/www.agencemediatis.com\/en\/wp-json\/wp\/v2\/comments?post=76"}],"version-history":[{"count":10,"href":"https:\/\/www.agencemediatis.com\/en\/wp-json\/wp\/v2\/pages\/76\/revisions"}],"predecessor-version":[{"id":2459,"href":"https:\/\/www.agencemediatis.com\/en\/wp-json\/wp\/v2\/pages\/76\/revisions\/2459"}],"wp:featuredmedia":[{"embeddable":true,"href":"https:\/\/www.agencemediatis.com\/en\/wp-json\/wp\/v2\/media\/84"}],"wp:attachment":[{"href":"https:\/\/www.agencemediatis.com\/en\/wp-json\/wp\/v2\/media?parent=76"}],"curies":[{"name":"wp","href":"https:\/\/api.w.org\/{rel}","templated":true}]}}