{"id":2465,"date":"2025-10-10T17:33:08","date_gmt":"2025-10-10T21:33:08","guid":{"rendered":"https:\/\/www.agencemediatis.com\/?page_id=2465"},"modified":"2025-10-10T18:08:31","modified_gmt":"2025-10-10T22:08:31","slug":"identite-visuelle-2","status":"publish","type":"page","link":"https:\/\/www.agencemediatis.com\/fr\/identite-visuelle-2\/","title":{"rendered":"Identit\u00e9 visuelle"},"content":{"rendered":"<div data-elementor-type=\"wp-page\" data-elementor-id=\"2465\" class=\"elementor elementor-2465\" data-elementor-post-type=\"page\">\n\t\t\t\t<div class=\"elementor-element elementor-element-125ae1a e-flex e-con-boxed e-con e-parent\" data-id=\"125ae1a\" data-element_type=\"container\">\n\t\t\t\t\t<div class=\"e-con-inner\">\n\t\t\t\t<div class=\"elementor-element elementor-element-5f97014 elementor-widget elementor-widget-text-editor\" data-id=\"5f97014\" data-element_type=\"widget\" data-widget_type=\"text-editor.default\">\n\t\t\t\t\t\t\t\t\t<h3>Cr\u00e9ation d\u2019identit\u00e9 visuelle et image de marque \u00e0 Magog, Sherbrooke et Montr\u00e9al<\/h3>\t\t\t\t\t\t\t\t<\/div>\n\t\t\t\t\t<\/div>\n\t\t\t\t<\/div>\n\t\t<div class=\"elementor-element elementor-element-3f7ed41 e-flex e-con-boxed e-con e-parent\" data-id=\"3f7ed41\" data-element_type=\"container\">\n\t\t\t\t\t<div class=\"e-con-inner\">\n\t\t\t\t<div class=\"elementor-element elementor-element-183f530 elementor-widget elementor-widget-image\" data-id=\"183f530\" data-element_type=\"widget\" data-widget_type=\"image.default\">\n\t\t\t\t\t\t\t\t\t\t\t\t\t\t\t<img fetchpriority=\"high\" decoding=\"async\" width=\"1170\" height=\"775\" src=\"https:\/\/www.agencemediatis.com\/wp-content\/uploads\/2023\/10\/identite-visuelle1.jpg\" class=\"attachment-full size-full wp-image-2257\" alt=\"\" srcset=\"https:\/\/www.agencemediatis.com\/wp-content\/uploads\/2023\/10\/identite-visuelle1.jpg 1170w, https:\/\/www.agencemediatis.com\/wp-content\/uploads\/2023\/10\/identite-visuelle1-500x331.jpg 500w, https:\/\/www.agencemediatis.com\/wp-content\/uploads\/2023\/10\/identite-visuelle1-300x199.jpg 300w, https:\/\/www.agencemediatis.com\/wp-content\/uploads\/2023\/10\/identite-visuelle1-768x509.jpg 768w, https:\/\/www.agencemediatis.com\/wp-content\/uploads\/2023\/10\/identite-visuelle1-113x75.jpg 113w, https:\/\/www.agencemediatis.com\/wp-content\/uploads\/2023\/10\/identite-visuelle1-480x318.jpg 480w\" sizes=\"(max-width: 1170px) 100vw, 1170px\" \/>\t\t\t\t\t\t\t\t\t\t\t\t\t\t\t<\/div>\n\t\t\t\t\t<\/div>\n\t\t\t\t<\/div>\n\t\t<div class=\"elementor-element elementor-element-180b65d e-flex e-con-boxed e-con e-parent\" data-id=\"180b65d\" data-element_type=\"container\">\n\t\t\t\t\t<div class=\"e-con-inner\">\n\t\t\t\t<div class=\"elementor-element elementor-element-938d6d4 elementor-widget elementor-widget-text-editor\" data-id=\"938d6d4\" data-element_type=\"widget\" data-widget_type=\"text-editor.default\">\n\t\t\t\t\t\t\t\t\t<h4 data-start=\"890\" data-end=\"1248\">Une image professionnelle inspire confiance et attire l\u2019attention.<br data-start=\"564\" data-end=\"567\" \/>Chez <strong data-start=\"572\" data-end=\"591\">Agence M\u00e9diatis<\/strong>, nous concevons des <strong data-start=\"612\" data-end=\"656\">identit\u00e9s visuelles fortes et coh\u00e9rentes<\/strong> pour les entreprises, travailleurs autonomes et organismes souhaitant se d\u00e9marquer sur le march\u00e9.<br \/><br \/>Que vous ayez besoin d\u2019un <strong data-start=\"782\" data-end=\"905\">logo, d\u2019une carte d\u2019affaires, d\u2019une pochette corporative, d\u2019un flyer ou d\u2019une refonte compl\u00e8te de votre image de marque<\/strong>, notre \u00e9quipe met en \u0153uvre plus de <strong data-start=\"941\" data-end=\"984\">20 ans d\u2019exp\u00e9rience en design graphique<\/strong> pour cr\u00e9er un univers visuel unique, \u00e9l\u00e9gant et percutant.<br \/><br \/>Nous accompagnons nos clients \u00e0 <strong data-start=\"1077\" data-end=\"1142\">Magog, Sherbrooke, Montr\u00e9al, dans toute l\u2019Estrie et au Qu\u00e9bec<\/strong>, avec des cr\u00e9ations sur mesure adapt\u00e9es \u00e0 leur secteur et \u00e0 leur personnalit\u00e9 d\u2019entreprise.<\/h4>\t\t\t\t\t\t\t\t<\/div>\n\t\t\t\t\t<\/div>\n\t\t\t\t<\/div>\n\t\t<div class=\"elementor-element elementor-element-3f2d628 e-flex e-con-boxed e-con e-parent\" data-id=\"3f2d628\" data-element_type=\"container\">\n\t\t\t\t\t<div class=\"e-con-inner\">\n\t\t<div class=\"elementor-element elementor-element-c3849f9 e-con-full e-flex e-con e-child\" data-id=\"c3849f9\" data-element_type=\"container\">\n\t\t\t\t<div class=\"elementor-element elementor-element-a54b71e elementor-widget elementor-widget-text-editor\" data-id=\"a54b71e\" data-element_type=\"widget\" data-widget_type=\"text-editor.default\">\n\t\t\t\t\t\t\t\t\t<h3 data-start=\"1241\" data-end=\"1294\"><strong data-start=\"1245\" data-end=\"1294\">Nos services en design graphique<\/strong><\/h3><ul data-start=\"1295\" data-end=\"1620\"><li data-start=\"1295\" data-end=\"1346\"><h4 data-start=\"1297\" data-end=\"1346\">Cr\u00e9ation et refonte de <strong data-start=\"1320\" data-end=\"1344\">logos professionnels<\/strong><\/h4><\/li><li data-start=\"1347\" data-end=\"1416\"><h4 data-start=\"1349\" data-end=\"1416\">Conception de <strong data-start=\"1363\" data-end=\"1414\">carte d\u2019affaires, brochures, flyers et affiches<\/strong><\/h4><\/li><li data-start=\"1417\" data-end=\"1486\"><h4 data-start=\"1419\" data-end=\"1486\">D\u00e9veloppement de <strong data-start=\"1436\" data-end=\"1484\">charte graphique et image de marque compl\u00e8te<\/strong><\/h4><\/li><li data-start=\"1487\" data-end=\"1560\"><h4 data-start=\"1489\" data-end=\"1560\">Design de <strong data-start=\"1499\" data-end=\"1558\">pochette corporative, signature courriel et visuels web<\/strong><\/h4><\/li><li data-start=\"1561\" data-end=\"1620\"><h4 data-start=\"1563\" data-end=\"1620\">Cr\u00e9ations pr\u00eates pour impression ou utilisation num\u00e9rique<\/h4><\/li><\/ul>\t\t\t\t\t\t\t\t<\/div>\n\t\t\t\t<\/div>\n\t\t<div class=\"elementor-element elementor-element-bb5cd81 e-con-full e-flex e-con e-child\" data-id=\"bb5cd81\" data-element_type=\"container\">\n\t\t\t\t<div class=\"elementor-element elementor-element-98e34af elementor-widget elementor-widget-text-editor\" data-id=\"98e34af\" data-element_type=\"widget\" data-widget_type=\"text-editor.default\">\n\t\t\t\t\t\t\t\t\t<h3 data-start=\"1627\" data-end=\"1673\"><strong data-start=\"1631\" data-end=\"1673\">Pourquoi choisir Agence M\u00e9diatis<\/strong><\/h3><ul data-start=\"1674\" data-end=\"1859\"><li data-start=\"1674\" data-end=\"1717\"><h4 data-start=\"1676\" data-end=\"1717\">Design sur mesure, moderne et m\u00e9morable<\/h4><\/li><li data-start=\"1718\" data-end=\"1775\"><h4 data-start=\"1720\" data-end=\"1775\">Exp\u00e9rience \u00e9prouv\u00e9e dans tous les domaines d\u2019activit\u00e9<\/h4><\/li><li data-start=\"1776\" data-end=\"1822\"><h4 data-start=\"1778\" data-end=\"1822\">Approche strat\u00e9gique et cr\u00e9ative \u00e0 la fois<\/h4><\/li><li data-start=\"1823\" data-end=\"1859\"><h4 data-start=\"1825\" data-end=\"1859\">Accompagnement humain et r\u00e9actif<\/h4><\/li><\/ul>\t\t\t\t\t\t\t\t<\/div>\n\t\t\t\t<\/div>\n\t\t\t\t\t<\/div>\n\t\t\t\t<\/div>\n\t\t<div class=\"elementor-element elementor-element-c91494f e-flex e-con-boxed e-con e-parent\" data-id=\"c91494f\" data-element_type=\"container\">\n\t\t\t\t\t<div class=\"e-con-inner\">\n\t\t\t\t<div class=\"elementor-element elementor-element-4c38e32 elementor-widget elementor-widget-text-editor\" data-id=\"4c38e32\" data-element_type=\"widget\" data-widget_type=\"text-editor.default\">\n\t\t\t\t\t\t\t\t\t<h3>Vous avez un projet ou besoin d\u2019un <strong data-start=\"2206\" data-end=\"2222\">devis rapide<\/strong> ?<br data-start=\"2224\" data-end=\"2227\" \/><a href=\"https:\/\/www.agencemediatis.com\/fr\/contact\/\"><strong data-start=\"2230\" data-end=\"2275\">Contactez Agence M\u00e9diatis d\u00e8s aujourd\u2019hui<\/strong><\/a> et propulsez votre entreprise sur le web.<\/h3>\t\t\t\t\t\t\t\t<\/div>\n\t\t\t\t\t<\/div>\n\t\t\t\t<\/div>\n\t\t\t\t<\/div>","protected":false},"excerpt":{"rendered":"<p>Cr\u00e9ation d\u2019identit\u00e9 visuelle et image de marque \u00e0 Magog, Sherbrooke et Montr\u00e9al Une image professionnelle inspire confiance et attire l\u2019attention.Chez Agence M\u00e9diatis, nous concevons des identit\u00e9s<span class=\"excerpt-hellip\"> [\u2026]<\/span><\/p>","protected":false},"author":1,"featured_media":67,"parent":0,"menu_order":0,"comment_status":"open","ping_status":"closed","template":"","meta":{"footnotes":""},"class_list":["post-2465","page","type-page","status-publish","has-post-thumbnail","hentry"],"yoast_head":"<!-- This site is optimized with the Yoast SEO plugin v26.7 - https:\/\/yoast.com\/wordpress\/plugins\/seo\/ -->\n<title>Identit\u00e9 visuelle - Agence web \u00e0 Magog et Sherbrooke \u2013 Cr\u00e9ation de sites web &amp; r\u00e9f\u00e9rencement SEO | Agence M\u00e9diatis<\/title>\n<meta name=\"description\" content=\"Cr\u00e9ation de logo et image de marque \u00e0 Magog, Sherbrooke et Montr\u00e9al. Agence M\u00e9diatis, expert en identit\u00e9 visuelle et design graphique depuis plus de 20 ans.\" \/>\n<meta name=\"robots\" content=\"index, follow, max-snippet:-1, max-image-preview:large, max-video-preview:-1\" \/>\n<link rel=\"canonical\" href=\"https:\/\/www.agencemediatis.com\/fr\/identite-visuelle-2\/\" \/>\n<meta property=\"og:locale\" content=\"fr_FR\" \/>\n<meta property=\"og:type\" content=\"article\" \/>\n<meta property=\"og:title\" content=\"Identit\u00e9 visuelle - Agence web \u00e0 Magog et Sherbrooke \u2013 Cr\u00e9ation de sites web &amp; r\u00e9f\u00e9rencement SEO | Agence M\u00e9diatis\" \/>\n<meta property=\"og:description\" content=\"Cr\u00e9ation de logo et image de marque \u00e0 Magog, Sherbrooke et Montr\u00e9al. Agence M\u00e9diatis, expert en identit\u00e9 visuelle et design graphique depuis plus de 20 ans.\" \/>\n<meta property=\"og:url\" content=\"https:\/\/www.agencemediatis.com\/fr\/identite-visuelle-2\/\" \/>\n<meta property=\"og:site_name\" content=\"Agence web \u00e0 Magog et Sherbrooke \u2013 Cr\u00e9ation de sites web &amp; r\u00e9f\u00e9rencement SEO | Agence M\u00e9diatis\" \/>\n<meta property=\"article:modified_time\" content=\"2025-10-10T22:08:31+00:00\" \/>\n<meta property=\"og:image\" content=\"https:\/\/www.agencemediatis.com\/wp-content\/uploads\/2015\/03\/home_webdesign_subheader_1.jpg\" \/>\n\t<meta property=\"og:image:width\" content=\"1\" \/>\n\t<meta property=\"og:image:height\" content=\"1\" \/>\n\t<meta property=\"og:image:type\" content=\"image\/jpeg\" \/>\n<meta name=\"twitter:card\" content=\"summary_large_image\" \/>\n<meta name=\"twitter:label1\" content=\"Dur\u00e9e de lecture estim\u00e9e\" \/>\n\t<meta name=\"twitter:data1\" content=\"2 minutes\" \/>\n<script type=\"application\/ld+json\" class=\"yoast-schema-graph\">{\"@context\":\"https:\/\/schema.org\",\"@graph\":[{\"@type\":\"WebPage\",\"@id\":\"https:\/\/www.agencemediatis.com\/identite-visuelle-2\/\",\"url\":\"https:\/\/www.agencemediatis.com\/identite-visuelle-2\/\",\"name\":\"Identit\u00e9 visuelle - Agence web \u00e0 Magog et Sherbrooke \u2013 Cr\u00e9ation de sites web &amp; r\u00e9f\u00e9rencement SEO | Agence M\u00e9diatis\",\"isPartOf\":{\"@id\":\"https:\/\/www.agencemediatis.com\/#website\"},\"primaryImageOfPage\":{\"@id\":\"https:\/\/www.agencemediatis.com\/identite-visuelle-2\/#primaryimage\"},\"image\":{\"@id\":\"https:\/\/www.agencemediatis.com\/identite-visuelle-2\/#primaryimage\"},\"thumbnailUrl\":\"https:\/\/www.agencemediatis.com\/wp-content\/uploads\/2015\/03\/home_webdesign_subheader_1.jpg\",\"datePublished\":\"2025-10-10T21:33:08+00:00\",\"dateModified\":\"2025-10-10T22:08:31+00:00\",\"description\":\"Cr\u00e9ation de logo et image de marque \u00e0 Magog, Sherbrooke et Montr\u00e9al. Agence M\u00e9diatis, expert en identit\u00e9 visuelle et design graphique depuis plus de 20 ans.\",\"breadcrumb\":{\"@id\":\"https:\/\/www.agencemediatis.com\/identite-visuelle-2\/#breadcrumb\"},\"inLanguage\":\"fr-FR\",\"potentialAction\":[{\"@type\":\"ReadAction\",\"target\":[\"https:\/\/www.agencemediatis.com\/identite-visuelle-2\/\"]}]},{\"@type\":\"ImageObject\",\"inLanguage\":\"fr-FR\",\"@id\":\"https:\/\/www.agencemediatis.com\/identite-visuelle-2\/#primaryimage\",\"url\":\"https:\/\/www.agencemediatis.com\/wp-content\/uploads\/2015\/03\/home_webdesign_subheader_1.jpg\",\"contentUrl\":\"https:\/\/www.agencemediatis.com\/wp-content\/uploads\/2015\/03\/home_webdesign_subheader_1.jpg\"},{\"@type\":\"BreadcrumbList\",\"@id\":\"https:\/\/www.agencemediatis.com\/identite-visuelle-2\/#breadcrumb\",\"itemListElement\":[{\"@type\":\"ListItem\",\"position\":1,\"name\":\"Accueil\",\"item\":\"https:\/\/www.agencemediatis.com\/\"},{\"@type\":\"ListItem\",\"position\":2,\"name\":\"Identit\u00e9 visuelle\"}]},{\"@type\":\"WebSite\",\"@id\":\"https:\/\/www.agencemediatis.com\/#website\",\"url\":\"https:\/\/www.agencemediatis.com\/\",\"name\":\"Agence web \u00e0 Magog et Sherbrooke \u2013 Cr\u00e9ation de sites web &amp; r\u00e9f\u00e9rencement SEO | Agence M\u00e9diatis\",\"description\":\"\",\"potentialAction\":[{\"@type\":\"SearchAction\",\"target\":{\"@type\":\"EntryPoint\",\"urlTemplate\":\"https:\/\/www.agencemediatis.com\/?s={search_term_string}\"},\"query-input\":{\"@type\":\"PropertyValueSpecification\",\"valueRequired\":true,\"valueName\":\"search_term_string\"}}],\"inLanguage\":\"fr-FR\"}]}<\/script>\n<!-- \/ Yoast SEO plugin. -->","yoast_head_json":{"title":"Identit\u00e9 visuelle - Agence web \u00e0 Magog et Sherbrooke \u2013 Cr\u00e9ation de sites web &amp; r\u00e9f\u00e9rencement SEO | Agence M\u00e9diatis","description":"Cr\u00e9ation de logo et image de marque \u00e0 Magog, Sherbrooke et Montr\u00e9al. Agence M\u00e9diatis, expert en identit\u00e9 visuelle et design graphique depuis plus de 20 ans.","robots":{"index":"index","follow":"follow","max-snippet":"max-snippet:-1","max-image-preview":"max-image-preview:large","max-video-preview":"max-video-preview:-1"},"canonical":"https:\/\/www.agencemediatis.com\/fr\/identite-visuelle-2\/","og_locale":"fr_FR","og_type":"article","og_title":"Identit\u00e9 visuelle - Agence web \u00e0 Magog et Sherbrooke \u2013 Cr\u00e9ation de sites web &amp; r\u00e9f\u00e9rencement SEO | Agence M\u00e9diatis","og_description":"Cr\u00e9ation de logo et image de marque \u00e0 Magog, Sherbrooke et Montr\u00e9al. Agence M\u00e9diatis, expert en identit\u00e9 visuelle et design graphique depuis plus de 20 ans.","og_url":"https:\/\/www.agencemediatis.com\/fr\/identite-visuelle-2\/","og_site_name":"Agence web \u00e0 Magog et Sherbrooke \u2013 Cr\u00e9ation de sites web &amp; r\u00e9f\u00e9rencement SEO | Agence M\u00e9diatis","article_modified_time":"2025-10-10T22:08:31+00:00","og_image":[{"url":"https:\/\/www.agencemediatis.com\/wp-content\/uploads\/2015\/03\/home_webdesign_subheader_1.jpg","width":1,"height":1,"type":"image\/jpeg"}],"twitter_card":"summary_large_image","twitter_misc":{"Dur\u00e9e de lecture estim\u00e9e":"2 minutes"},"schema":{"@context":"https:\/\/schema.org","@graph":[{"@type":"WebPage","@id":"https:\/\/www.agencemediatis.com\/identite-visuelle-2\/","url":"https:\/\/www.agencemediatis.com\/identite-visuelle-2\/","name":"Identit\u00e9 visuelle - Agence web \u00e0 Magog et Sherbrooke \u2013 Cr\u00e9ation de sites web &amp; r\u00e9f\u00e9rencement SEO | Agence M\u00e9diatis","isPartOf":{"@id":"https:\/\/www.agencemediatis.com\/#website"},"primaryImageOfPage":{"@id":"https:\/\/www.agencemediatis.com\/identite-visuelle-2\/#primaryimage"},"image":{"@id":"https:\/\/www.agencemediatis.com\/identite-visuelle-2\/#primaryimage"},"thumbnailUrl":"https:\/\/www.agencemediatis.com\/wp-content\/uploads\/2015\/03\/home_webdesign_subheader_1.jpg","datePublished":"2025-10-10T21:33:08+00:00","dateModified":"2025-10-10T22:08:31+00:00","description":"Cr\u00e9ation de logo et image de marque \u00e0 Magog, Sherbrooke et Montr\u00e9al. Agence M\u00e9diatis, expert en identit\u00e9 visuelle et design graphique depuis plus de 20 ans.","breadcrumb":{"@id":"https:\/\/www.agencemediatis.com\/identite-visuelle-2\/#breadcrumb"},"inLanguage":"fr-FR","potentialAction":[{"@type":"ReadAction","target":["https:\/\/www.agencemediatis.com\/identite-visuelle-2\/"]}]},{"@type":"ImageObject","inLanguage":"fr-FR","@id":"https:\/\/www.agencemediatis.com\/identite-visuelle-2\/#primaryimage","url":"https:\/\/www.agencemediatis.com\/wp-content\/uploads\/2015\/03\/home_webdesign_subheader_1.jpg","contentUrl":"https:\/\/www.agencemediatis.com\/wp-content\/uploads\/2015\/03\/home_webdesign_subheader_1.jpg"},{"@type":"BreadcrumbList","@id":"https:\/\/www.agencemediatis.com\/identite-visuelle-2\/#breadcrumb","itemListElement":[{"@type":"ListItem","position":1,"name":"Accueil","item":"https:\/\/www.agencemediatis.com\/"},{"@type":"ListItem","position":2,"name":"Identit\u00e9 visuelle"}]},{"@type":"WebSite","@id":"https:\/\/www.agencemediatis.com\/#website","url":"https:\/\/www.agencemediatis.com\/","name":"Agence web \u00e0 Magog et Sherbrooke \u2013 Cr\u00e9ation de sites web &amp; r\u00e9f\u00e9rencement SEO | Agence M\u00e9diatis","description":"","potentialAction":[{"@type":"SearchAction","target":{"@type":"EntryPoint","urlTemplate":"https:\/\/www.agencemediatis.com\/?s={search_term_string}"},"query-input":{"@type":"PropertyValueSpecification","valueRequired":true,"valueName":"search_term_string"}}],"inLanguage":"fr-FR"}]}},"_links":{"self":[{"href":"https:\/\/www.agencemediatis.com\/fr\/wp-json\/wp\/v2\/pages\/2465","targetHints":{"allow":["GET"]}}],"collection":[{"href":"https:\/\/www.agencemediatis.com\/fr\/wp-json\/wp\/v2\/pages"}],"about":[{"href":"https:\/\/www.agencemediatis.com\/fr\/wp-json\/wp\/v2\/types\/page"}],"author":[{"embeddable":true,"href":"https:\/\/www.agencemediatis.com\/fr\/wp-json\/wp\/v2\/users\/1"}],"replies":[{"embeddable":true,"href":"https:\/\/www.agencemediatis.com\/fr\/wp-json\/wp\/v2\/comments?post=2465"}],"version-history":[{"count":5,"href":"https:\/\/www.agencemediatis.com\/fr\/wp-json\/wp\/v2\/pages\/2465\/revisions"}],"predecessor-version":[{"id":2474,"href":"https:\/\/www.agencemediatis.com\/fr\/wp-json\/wp\/v2\/pages\/2465\/revisions\/2474"}],"wp:featuredmedia":[{"embeddable":true,"href":"https:\/\/www.agencemediatis.com\/fr\/wp-json\/wp\/v2\/media\/67"}],"wp:attachment":[{"href":"https:\/\/www.agencemediatis.com\/fr\/wp-json\/wp\/v2\/media?parent=2465"}],"curies":[{"name":"wp","href":"https:\/\/api.w.org\/{rel}","templated":true}]}}