{"id":2475,"date":"2025-10-10T17:36:11","date_gmt":"2025-10-10T21:36:11","guid":{"rendered":"https:\/\/www.agencemediatis.com\/?page_id=2475"},"modified":"2025-10-10T17:39:23","modified_gmt":"2025-10-10T21:39:23","slug":"creation-de-sites-vitrines","status":"publish","type":"page","link":"https:\/\/www.agencemediatis.com\/fr\/creation-de-sites-vitrines\/","title":{"rendered":"Cr\u00e9ation de sites vitrines"},"content":{"rendered":"<div data-elementor-type=\"wp-page\" data-elementor-id=\"2475\" class=\"elementor elementor-2475\" data-elementor-post-type=\"page\">\n\t\t\t\t<div class=\"elementor-element elementor-element-125ae1a e-flex e-con-boxed e-con e-parent\" data-id=\"125ae1a\" data-element_type=\"container\">\n\t\t\t\t\t<div class=\"e-con-inner\">\n\t\t\t\t<div class=\"elementor-element elementor-element-5f97014 elementor-widget elementor-widget-text-editor\" data-id=\"5f97014\" data-element_type=\"widget\" data-widget_type=\"text-editor.default\">\n\t\t\t\t\t\t\t\t\t<h3>Cr\u00e9ation de sites vitrines professionnels \u00e0 Magog, Sherbrooke et Montr\u00e9al<\/h3>\t\t\t\t\t\t\t\t<\/div>\n\t\t\t\t\t<\/div>\n\t\t\t\t<\/div>\n\t\t<div class=\"elementor-element elementor-element-3f7ed41 e-flex e-con-boxed e-con e-parent\" data-id=\"3f7ed41\" data-element_type=\"container\">\n\t\t\t\t\t<div class=\"e-con-inner\">\n\t\t\t\t<div class=\"elementor-element elementor-element-183f530 elementor-widget elementor-widget-image\" data-id=\"183f530\" data-element_type=\"widget\" data-widget_type=\"image.default\">\n\t\t\t\t\t\t\t\t\t\t\t\t\t\t\t<img fetchpriority=\"high\" decoding=\"async\" width=\"1000\" height=\"784\" src=\"https:\/\/www.agencemediatis.com\/wp-content\/uploads\/2023\/10\/tapis-rouge.jpg\" class=\"attachment-full size-full wp-image-2369\" alt=\"\" srcset=\"https:\/\/www.agencemediatis.com\/wp-content\/uploads\/2023\/10\/tapis-rouge.jpg 1000w, https:\/\/www.agencemediatis.com\/wp-content\/uploads\/2023\/10\/tapis-rouge-500x392.jpg 500w, https:\/\/www.agencemediatis.com\/wp-content\/uploads\/2023\/10\/tapis-rouge-300x235.jpg 300w, https:\/\/www.agencemediatis.com\/wp-content\/uploads\/2023\/10\/tapis-rouge-768x602.jpg 768w, https:\/\/www.agencemediatis.com\/wp-content\/uploads\/2023\/10\/tapis-rouge-15x12.jpg 15w, https:\/\/www.agencemediatis.com\/wp-content\/uploads\/2023\/10\/tapis-rouge-96x75.jpg 96w, https:\/\/www.agencemediatis.com\/wp-content\/uploads\/2023\/10\/tapis-rouge-480x376.jpg 480w\" sizes=\"(max-width: 1000px) 100vw, 1000px\" \/>\t\t\t\t\t\t\t\t\t\t\t\t\t\t\t<\/div>\n\t\t\t\t\t<\/div>\n\t\t\t\t<\/div>\n\t\t<div class=\"elementor-element elementor-element-180b65d e-flex e-con-boxed e-con e-parent\" data-id=\"180b65d\" data-element_type=\"container\">\n\t\t\t\t\t<div class=\"e-con-inner\">\n\t\t\t\t<div class=\"elementor-element elementor-element-938d6d4 elementor-widget elementor-widget-text-editor\" data-id=\"938d6d4\" data-element_type=\"widget\" data-widget_type=\"text-editor.default\">\n\t\t\t\t\t\t\t\t\t<h4 data-start=\"2717\" data-end=\"2993\">Votre site web est la vitrine de votre entreprise. Il doit refl\u00e9ter votre image, informer vos clients et inspirer confiance.<br data-start=\"2841\" data-end=\"2844\" \/><br \/>Chez <strong data-start=\"2849\" data-end=\"2868\">Agence M\u00e9diatis<\/strong>, nous cr\u00e9ons des <strong data-start=\"2886\" data-end=\"2948\">sites vitrines modernes, \u00e9l\u00e9gants et optimis\u00e9s pour Google<\/strong>, con\u00e7us pour g\u00e9n\u00e9rer des r\u00e9sultats concrets.<\/h4><h4 data-start=\"2995\" data-end=\"3318\">Avec plus de <strong data-start=\"3008\" data-end=\"3049\">20 ans d\u2019exp\u00e9rience en conception web<\/strong>, nous r\u00e9alisons des sites <strong data-start=\"3076\" data-end=\"3142\">adapt\u00e9s \u00e0 tous les appareils (ordinateurs, tablettes, mobiles)<\/strong>, avec un design personnalis\u00e9, une navigation fluide et un contenu optimis\u00e9 SEO pour am\u00e9liorer votre visibilit\u00e9 locale \u00e0 <strong data-start=\"3263\" data-end=\"3317\">Magog, Sherbrooke, Montr\u00e9al et dans toute l\u2019Estrie<\/strong>.<\/h4>\t\t\t\t\t\t\t\t<\/div>\n\t\t\t\t\t<\/div>\n\t\t\t\t<\/div>\n\t\t<div class=\"elementor-element elementor-element-3f2d628 e-flex e-con-boxed e-con e-parent\" data-id=\"3f2d628\" data-element_type=\"container\">\n\t\t\t\t\t<div class=\"e-con-inner\">\n\t\t<div class=\"elementor-element elementor-element-c3849f9 e-con-full e-flex e-con e-child\" data-id=\"c3849f9\" data-element_type=\"container\">\n\t\t\t\t<div class=\"elementor-element elementor-element-a54b71e elementor-widget elementor-widget-text-editor\" data-id=\"a54b71e\" data-element_type=\"widget\" data-widget_type=\"text-editor.default\">\n\t\t\t\t\t\t\t\t\t<h3 data-start=\"3325\" data-end=\"3356\"><strong data-start=\"3329\" data-end=\"3356\">Nos forces<\/strong><\/h3><ul data-start=\"3357\" data-end=\"3597\"><li data-start=\"3357\" data-end=\"3405\"><h4 data-start=\"3359\" data-end=\"3405\">Design professionnel et adapt\u00e9 \u00e0 votre image<\/h4><\/li><li data-start=\"3406\" data-end=\"3444\"><h4 data-start=\"3408\" data-end=\"3444\">Optimisation SEO d\u00e8s la conception<\/h4><\/li><li data-start=\"3445\" data-end=\"3509\"><h4 data-start=\"3447\" data-end=\"3509\">Interface simple et gestion autonome (WordPress, Elementor\u2026)<\/h4><\/li><li data-start=\"3510\" data-end=\"3556\"><h4 data-start=\"3512\" data-end=\"3556\">H\u00e9bergement, support et mise \u00e0 jour inclus<\/h4><\/li><li data-start=\"3557\" data-end=\"3597\"><h4 data-start=\"3559\" data-end=\"3597\">D\u00e9lais rapides et tarifs comp\u00e9titifs<\/h4><\/li><\/ul>\t\t\t\t\t\t\t\t<\/div>\n\t\t\t\t<\/div>\n\t\t<div class=\"elementor-element elementor-element-bb5cd81 e-con-full e-flex e-con e-child\" data-id=\"bb5cd81\" data-element_type=\"container\">\n\t\t\t\t<div class=\"elementor-element elementor-element-98e34af elementor-widget elementor-widget-text-editor\" data-id=\"98e34af\" data-element_type=\"widget\" data-widget_type=\"text-editor.default\">\n\t\t\t\t\t\t\t\t\t<h3 data-start=\"1627\" data-end=\"1673\"><strong data-start=\"1631\" data-end=\"1673\">Pourquoi choisir Agence M\u00e9diatis<\/strong><\/h3><ul><li data-start=\"3651\" data-end=\"3680\"><h4 data-start=\"3653\" data-end=\"3680\">Cr\u00e9ation 100 % sur mesure<\/h4><\/li><li data-start=\"3681\" data-end=\"3722\"><h4 data-start=\"3683\" data-end=\"3722\">Sites rapides, s\u00e9curis\u00e9s et \u00e9volutifs<\/h4><\/li><li data-start=\"3723\" data-end=\"3770\"><h4 data-start=\"3725\" data-end=\"3770\">Service apr\u00e8s-vente r\u00e9actif et personnalis\u00e9<\/h4><\/li><li data-start=\"3771\" data-end=\"3800\"><h4 data-start=\"3773\" data-end=\"3800\">Expertise locale et humaine<\/h4><\/li><\/ul>\t\t\t\t\t\t\t\t<\/div>\n\t\t\t\t<\/div>\n\t\t\t\t\t<\/div>\n\t\t\t\t<\/div>\n\t\t<div class=\"elementor-element elementor-element-c91494f e-flex e-con-boxed e-con e-parent\" data-id=\"c91494f\" data-element_type=\"container\">\n\t\t\t\t\t<div class=\"e-con-inner\">\n\t\t\t\t<div class=\"elementor-element elementor-element-4c38e32 elementor-widget elementor-widget-text-editor\" data-id=\"4c38e32\" data-element_type=\"widget\" data-widget_type=\"text-editor.default\">\n\t\t\t\t\t\t\t\t\t<h3>Vous avez un projet ou besoin d\u2019un <strong data-start=\"2206\" data-end=\"2222\">devis rapide<\/strong> ?<br data-start=\"2224\" data-end=\"2227\" \/><a href=\"https:\/\/www.agencemediatis.com\/fr\/contact\/\"><strong data-start=\"2230\" data-end=\"2275\">Contactez Agence M\u00e9diatis d\u00e8s aujourd\u2019hui<\/strong><\/a> et propulsez votre entreprise sur le web.<\/h3>\t\t\t\t\t\t\t\t<\/div>\n\t\t\t\t\t<\/div>\n\t\t\t\t<\/div>\n\t\t\t\t<\/div>","protected":false},"excerpt":{"rendered":"<p>Cr\u00e9ation de sites vitrines professionnels \u00e0 Magog, Sherbrooke et Montr\u00e9al Votre site web est la vitrine de votre entreprise. Il doit refl\u00e9ter votre image, informer vos<span class=\"excerpt-hellip\"> [\u2026]<\/span><\/p>","protected":false},"author":1,"featured_media":67,"parent":0,"menu_order":0,"comment_status":"open","ping_status":"closed","template":"","meta":{"footnotes":""},"class_list":["post-2475","page","type-page","status-publish","has-post-thumbnail","hentry"],"yoast_head":"<!-- This site is optimized with the Yoast SEO plugin v26.7 - https:\/\/yoast.com\/wordpress\/plugins\/seo\/ -->\n<title>Cr\u00e9ation de sites vitrines - Agence web \u00e0 Magog et Sherbrooke \u2013 Cr\u00e9ation de sites web &amp; r\u00e9f\u00e9rencement SEO | Agence M\u00e9diatis<\/title>\n<meta name=\"description\" content=\"Cr\u00e9ation de sites vitrines modernes et optimis\u00e9s SEO \u00e0 Magog, Sherbrooke et Montr\u00e9al. Agence M\u00e9diatis : design sur mesure et performance garantie.\" \/>\n<meta name=\"robots\" content=\"index, follow, max-snippet:-1, max-image-preview:large, max-video-preview:-1\" \/>\n<link rel=\"canonical\" href=\"https:\/\/www.agencemediatis.com\/fr\/creation-de-sites-vitrines\/\" \/>\n<meta property=\"og:locale\" content=\"fr_FR\" \/>\n<meta property=\"og:type\" content=\"article\" \/>\n<meta property=\"og:title\" content=\"Cr\u00e9ation de sites vitrines - Agence web \u00e0 Magog et Sherbrooke \u2013 Cr\u00e9ation de sites web &amp; r\u00e9f\u00e9rencement SEO | Agence M\u00e9diatis\" \/>\n<meta property=\"og:description\" content=\"Cr\u00e9ation de sites vitrines modernes et optimis\u00e9s SEO \u00e0 Magog, Sherbrooke et Montr\u00e9al. Agence M\u00e9diatis : design sur mesure et performance garantie.\" \/>\n<meta property=\"og:url\" content=\"https:\/\/www.agencemediatis.com\/fr\/creation-de-sites-vitrines\/\" \/>\n<meta property=\"og:site_name\" content=\"Agence web \u00e0 Magog et Sherbrooke \u2013 Cr\u00e9ation de sites web &amp; r\u00e9f\u00e9rencement SEO | Agence M\u00e9diatis\" \/>\n<meta property=\"article:modified_time\" content=\"2025-10-10T21:39:23+00:00\" \/>\n<meta property=\"og:image\" content=\"https:\/\/www.agencemediatis.com\/wp-content\/uploads\/2015\/03\/home_webdesign_subheader_1.jpg\" \/>\n\t<meta property=\"og:image:width\" content=\"1\" \/>\n\t<meta property=\"og:image:height\" content=\"1\" \/>\n\t<meta property=\"og:image:type\" content=\"image\/jpeg\" \/>\n<meta name=\"twitter:card\" content=\"summary_large_image\" \/>\n<meta name=\"twitter:label1\" content=\"Dur\u00e9e de lecture estim\u00e9e\" \/>\n\t<meta name=\"twitter:data1\" content=\"1 minute\" \/>\n<script type=\"application\/ld+json\" class=\"yoast-schema-graph\">{\"@context\":\"https:\/\/schema.org\",\"@graph\":[{\"@type\":\"WebPage\",\"@id\":\"https:\/\/www.agencemediatis.com\/creation-de-sites-vitrines\/\",\"url\":\"https:\/\/www.agencemediatis.com\/creation-de-sites-vitrines\/\",\"name\":\"Cr\u00e9ation de sites vitrines - Agence web \u00e0 Magog et Sherbrooke \u2013 Cr\u00e9ation de sites web &amp; r\u00e9f\u00e9rencement SEO | Agence M\u00e9diatis\",\"isPartOf\":{\"@id\":\"https:\/\/www.agencemediatis.com\/#website\"},\"primaryImageOfPage\":{\"@id\":\"https:\/\/www.agencemediatis.com\/creation-de-sites-vitrines\/#primaryimage\"},\"image\":{\"@id\":\"https:\/\/www.agencemediatis.com\/creation-de-sites-vitrines\/#primaryimage\"},\"thumbnailUrl\":\"https:\/\/www.agencemediatis.com\/wp-content\/uploads\/2015\/03\/home_webdesign_subheader_1.jpg\",\"datePublished\":\"2025-10-10T21:36:11+00:00\",\"dateModified\":\"2025-10-10T21:39:23+00:00\",\"description\":\"Cr\u00e9ation de sites vitrines modernes et optimis\u00e9s SEO \u00e0 Magog, Sherbrooke et Montr\u00e9al. Agence M\u00e9diatis : design sur mesure et performance garantie.\",\"breadcrumb\":{\"@id\":\"https:\/\/www.agencemediatis.com\/creation-de-sites-vitrines\/#breadcrumb\"},\"inLanguage\":\"fr-FR\",\"potentialAction\":[{\"@type\":\"ReadAction\",\"target\":[\"https:\/\/www.agencemediatis.com\/creation-de-sites-vitrines\/\"]}]},{\"@type\":\"ImageObject\",\"inLanguage\":\"fr-FR\",\"@id\":\"https:\/\/www.agencemediatis.com\/creation-de-sites-vitrines\/#primaryimage\",\"url\":\"https:\/\/www.agencemediatis.com\/wp-content\/uploads\/2015\/03\/home_webdesign_subheader_1.jpg\",\"contentUrl\":\"https:\/\/www.agencemediatis.com\/wp-content\/uploads\/2015\/03\/home_webdesign_subheader_1.jpg\"},{\"@type\":\"BreadcrumbList\",\"@id\":\"https:\/\/www.agencemediatis.com\/creation-de-sites-vitrines\/#breadcrumb\",\"itemListElement\":[{\"@type\":\"ListItem\",\"position\":1,\"name\":\"Accueil\",\"item\":\"https:\/\/www.agencemediatis.com\/\"},{\"@type\":\"ListItem\",\"position\":2,\"name\":\"Cr\u00e9ation de sites vitrines\"}]},{\"@type\":\"WebSite\",\"@id\":\"https:\/\/www.agencemediatis.com\/#website\",\"url\":\"https:\/\/www.agencemediatis.com\/\",\"name\":\"Agence web \u00e0 Magog et Sherbrooke \u2013 Cr\u00e9ation de sites web &amp; r\u00e9f\u00e9rencement SEO | Agence M\u00e9diatis\",\"description\":\"\",\"potentialAction\":[{\"@type\":\"SearchAction\",\"target\":{\"@type\":\"EntryPoint\",\"urlTemplate\":\"https:\/\/www.agencemediatis.com\/?s={search_term_string}\"},\"query-input\":{\"@type\":\"PropertyValueSpecification\",\"valueRequired\":true,\"valueName\":\"search_term_string\"}}],\"inLanguage\":\"fr-FR\"}]}<\/script>\n<!-- \/ Yoast SEO plugin. -->","yoast_head_json":{"title":"Cr\u00e9ation de sites vitrines - Agence web \u00e0 Magog et Sherbrooke \u2013 Cr\u00e9ation de sites web &amp; r\u00e9f\u00e9rencement SEO | Agence M\u00e9diatis","description":"Cr\u00e9ation de sites vitrines modernes et optimis\u00e9s SEO \u00e0 Magog, Sherbrooke et Montr\u00e9al. Agence M\u00e9diatis : design sur mesure et performance garantie.","robots":{"index":"index","follow":"follow","max-snippet":"max-snippet:-1","max-image-preview":"max-image-preview:large","max-video-preview":"max-video-preview:-1"},"canonical":"https:\/\/www.agencemediatis.com\/fr\/creation-de-sites-vitrines\/","og_locale":"fr_FR","og_type":"article","og_title":"Cr\u00e9ation de sites vitrines - Agence web \u00e0 Magog et Sherbrooke \u2013 Cr\u00e9ation de sites web &amp; r\u00e9f\u00e9rencement SEO | Agence M\u00e9diatis","og_description":"Cr\u00e9ation de sites vitrines modernes et optimis\u00e9s SEO \u00e0 Magog, Sherbrooke et Montr\u00e9al. Agence M\u00e9diatis : design sur mesure et performance garantie.","og_url":"https:\/\/www.agencemediatis.com\/fr\/creation-de-sites-vitrines\/","og_site_name":"Agence web \u00e0 Magog et Sherbrooke \u2013 Cr\u00e9ation de sites web &amp; r\u00e9f\u00e9rencement SEO | Agence M\u00e9diatis","article_modified_time":"2025-10-10T21:39:23+00:00","og_image":[{"url":"https:\/\/www.agencemediatis.com\/wp-content\/uploads\/2015\/03\/home_webdesign_subheader_1.jpg","width":1,"height":1,"type":"image\/jpeg"}],"twitter_card":"summary_large_image","twitter_misc":{"Dur\u00e9e de lecture estim\u00e9e":"1 minute"},"schema":{"@context":"https:\/\/schema.org","@graph":[{"@type":"WebPage","@id":"https:\/\/www.agencemediatis.com\/creation-de-sites-vitrines\/","url":"https:\/\/www.agencemediatis.com\/creation-de-sites-vitrines\/","name":"Cr\u00e9ation de sites vitrines - Agence web \u00e0 Magog et Sherbrooke \u2013 Cr\u00e9ation de sites web &amp; r\u00e9f\u00e9rencement SEO | Agence M\u00e9diatis","isPartOf":{"@id":"https:\/\/www.agencemediatis.com\/#website"},"primaryImageOfPage":{"@id":"https:\/\/www.agencemediatis.com\/creation-de-sites-vitrines\/#primaryimage"},"image":{"@id":"https:\/\/www.agencemediatis.com\/creation-de-sites-vitrines\/#primaryimage"},"thumbnailUrl":"https:\/\/www.agencemediatis.com\/wp-content\/uploads\/2015\/03\/home_webdesign_subheader_1.jpg","datePublished":"2025-10-10T21:36:11+00:00","dateModified":"2025-10-10T21:39:23+00:00","description":"Cr\u00e9ation de sites vitrines modernes et optimis\u00e9s SEO \u00e0 Magog, Sherbrooke et Montr\u00e9al. Agence M\u00e9diatis : design sur mesure et performance garantie.","breadcrumb":{"@id":"https:\/\/www.agencemediatis.com\/creation-de-sites-vitrines\/#breadcrumb"},"inLanguage":"fr-FR","potentialAction":[{"@type":"ReadAction","target":["https:\/\/www.agencemediatis.com\/creation-de-sites-vitrines\/"]}]},{"@type":"ImageObject","inLanguage":"fr-FR","@id":"https:\/\/www.agencemediatis.com\/creation-de-sites-vitrines\/#primaryimage","url":"https:\/\/www.agencemediatis.com\/wp-content\/uploads\/2015\/03\/home_webdesign_subheader_1.jpg","contentUrl":"https:\/\/www.agencemediatis.com\/wp-content\/uploads\/2015\/03\/home_webdesign_subheader_1.jpg"},{"@type":"BreadcrumbList","@id":"https:\/\/www.agencemediatis.com\/creation-de-sites-vitrines\/#breadcrumb","itemListElement":[{"@type":"ListItem","position":1,"name":"Accueil","item":"https:\/\/www.agencemediatis.com\/"},{"@type":"ListItem","position":2,"name":"Cr\u00e9ation de sites vitrines"}]},{"@type":"WebSite","@id":"https:\/\/www.agencemediatis.com\/#website","url":"https:\/\/www.agencemediatis.com\/","name":"Agence web \u00e0 Magog et Sherbrooke \u2013 Cr\u00e9ation de sites web &amp; r\u00e9f\u00e9rencement SEO | Agence M\u00e9diatis","description":"","potentialAction":[{"@type":"SearchAction","target":{"@type":"EntryPoint","urlTemplate":"https:\/\/www.agencemediatis.com\/?s={search_term_string}"},"query-input":{"@type":"PropertyValueSpecification","valueRequired":true,"valueName":"search_term_string"}}],"inLanguage":"fr-FR"}]}},"_links":{"self":[{"href":"https:\/\/www.agencemediatis.com\/fr\/wp-json\/wp\/v2\/pages\/2475","targetHints":{"allow":["GET"]}}],"collection":[{"href":"https:\/\/www.agencemediatis.com\/fr\/wp-json\/wp\/v2\/pages"}],"about":[{"href":"https:\/\/www.agencemediatis.com\/fr\/wp-json\/wp\/v2\/types\/page"}],"author":[{"embeddable":true,"href":"https:\/\/www.agencemediatis.com\/fr\/wp-json\/wp\/v2\/users\/1"}],"replies":[{"embeddable":true,"href":"https:\/\/www.agencemediatis.com\/fr\/wp-json\/wp\/v2\/comments?post=2475"}],"version-history":[{"count":5,"href":"https:\/\/www.agencemediatis.com\/fr\/wp-json\/wp\/v2\/pages\/2475\/revisions"}],"predecessor-version":[{"id":2480,"href":"https:\/\/www.agencemediatis.com\/fr\/wp-json\/wp\/v2\/pages\/2475\/revisions\/2480"}],"wp:featuredmedia":[{"embeddable":true,"href":"https:\/\/www.agencemediatis.com\/fr\/wp-json\/wp\/v2\/media\/67"}],"wp:attachment":[{"href":"https:\/\/www.agencemediatis.com\/fr\/wp-json\/wp\/v2\/media?parent=2475"}],"curies":[{"name":"wp","href":"https:\/\/api.w.org\/{rel}","templated":true}]}}