{"id":2503,"date":"2025-10-10T17:52:23","date_gmt":"2025-10-10T21:52:23","guid":{"rendered":"https:\/\/www.agencemediatis.com\/?page_id=2503"},"modified":"2025-10-10T17:57:31","modified_gmt":"2025-10-10T21:57:31","slug":"fiche-google-entreprise","status":"publish","type":"page","link":"https:\/\/www.agencemediatis.com\/fr\/fiche-google-entreprise\/","title":{"rendered":"Fiche Google Entreprise"},"content":{"rendered":"<div data-elementor-type=\"wp-page\" data-elementor-id=\"2503\" class=\"elementor elementor-2503\" data-elementor-post-type=\"page\">\n\t\t\t\t<div class=\"elementor-element elementor-element-125ae1a e-flex e-con-boxed e-con e-parent\" data-id=\"125ae1a\" data-element_type=\"container\">\n\t\t\t\t\t<div class=\"e-con-inner\">\n\t\t\t\t<div class=\"elementor-element elementor-element-5f97014 elementor-widget elementor-widget-text-editor\" data-id=\"5f97014\" data-element_type=\"widget\" data-widget_type=\"text-editor.default\">\n\t\t\t\t\t\t\t\t\t<h3>Optimisation de fiche Google Entreprise \u00e0 Magog, Sherbrooke et Montr\u00e9al<\/h3>\t\t\t\t\t\t\t\t<\/div>\n\t\t\t\t\t<\/div>\n\t\t\t\t<\/div>\n\t\t<div class=\"elementor-element elementor-element-3f7ed41 e-flex e-con-boxed e-con e-parent\" data-id=\"3f7ed41\" data-element_type=\"container\">\n\t\t\t\t\t<div class=\"e-con-inner\">\n\t\t\t\t<div class=\"elementor-element elementor-element-183f530 elementor-widget elementor-widget-image\" data-id=\"183f530\" data-element_type=\"widget\" data-widget_type=\"image.default\">\n\t\t\t\t\t\t\t\t\t\t\t\t\t\t\t<img fetchpriority=\"high\" decoding=\"async\" width=\"2560\" height=\"1398\" src=\"https:\/\/www.agencemediatis.com\/wp-content\/uploads\/2025\/10\/fiche-google-scaled.png\" class=\"attachment-full size-full wp-image-2507\" alt=\"\" srcset=\"https:\/\/www.agencemediatis.com\/wp-content\/uploads\/2025\/10\/fiche-google-scaled.png 2560w, https:\/\/www.agencemediatis.com\/wp-content\/uploads\/2025\/10\/fiche-google-500x273.png 500w, https:\/\/www.agencemediatis.com\/wp-content\/uploads\/2025\/10\/fiche-google-1200x655.png 1200w, https:\/\/www.agencemediatis.com\/wp-content\/uploads\/2025\/10\/fiche-google-300x164.png 300w, https:\/\/www.agencemediatis.com\/wp-content\/uploads\/2025\/10\/fiche-google-768x419.png 768w, https:\/\/www.agencemediatis.com\/wp-content\/uploads\/2025\/10\/fiche-google-1536x839.png 1536w, https:\/\/www.agencemediatis.com\/wp-content\/uploads\/2025\/10\/fiche-google-2048x1118.png 2048w, https:\/\/www.agencemediatis.com\/wp-content\/uploads\/2025\/10\/fiche-google-18x10.png 18w, https:\/\/www.agencemediatis.com\/wp-content\/uploads\/2025\/10\/fiche-google-137x75.png 137w, https:\/\/www.agencemediatis.com\/wp-content\/uploads\/2025\/10\/fiche-google-480x262.png 480w\" sizes=\"(max-width: 2560px) 100vw, 2560px\" \/>\t\t\t\t\t\t\t\t\t\t\t\t\t\t\t<\/div>\n\t\t\t\t\t<\/div>\n\t\t\t\t<\/div>\n\t\t<div class=\"elementor-element elementor-element-180b65d e-flex e-con-boxed e-con e-parent\" data-id=\"180b65d\" data-element_type=\"container\">\n\t\t\t\t\t<div class=\"e-con-inner\">\n\t\t\t\t<div class=\"elementor-element elementor-element-938d6d4 elementor-widget elementor-widget-text-editor\" data-id=\"938d6d4\" data-element_type=\"widget\" data-widget_type=\"text-editor.default\">\n\t\t\t\t\t\t\t\t\t<h4 data-start=\"10009\" data-end=\"10265\">Une fiche Google bien optimis\u00e9e peut transformer votre visibilit\u00e9 locale.<br data-start=\"10082\" data-end=\"10085\" \/><br \/>Chez <strong data-start=\"10090\" data-end=\"10109\">Agence M\u00e9diatis<\/strong>, nous cr\u00e9ons et optimisons votre <strong data-start=\"10143\" data-end=\"10170\">fiche Google Entreprise<\/strong> pour que vos clients vous trouvent facilement et vous fassent confiance d\u00e8s le premier regard.<\/h4><h4 data-start=\"10267\" data-end=\"10505\">Une fiche bien remplie, avec des <strong data-start=\"10300\" data-end=\"10373\">photos professionnelles, des informations \u00e0 jour et des avis positifs<\/strong>, est l\u2019un des leviers les plus puissants pour attirer de nouveaux clients \u00e0 <strong data-start=\"10450\" data-end=\"10504\">Magog, Sherbrooke, Montr\u00e9al et dans toute l\u2019Estrie<\/strong>.<\/h4>\t\t\t\t\t\t\t\t<\/div>\n\t\t\t\t\t<\/div>\n\t\t\t\t<\/div>\n\t\t<div class=\"elementor-element elementor-element-3f2d628 e-flex e-con-boxed e-con e-parent\" data-id=\"3f2d628\" data-element_type=\"container\">\n\t\t\t\t\t<div class=\"e-con-inner\">\n\t\t<div class=\"elementor-element elementor-element-c3849f9 e-con-full e-flex e-con e-child\" data-id=\"c3849f9\" data-element_type=\"container\">\n\t\t\t\t<div class=\"elementor-element elementor-element-a54b71e elementor-widget elementor-widget-text-editor\" data-id=\"a54b71e\" data-element_type=\"widget\" data-widget_type=\"text-editor.default\">\n\t\t\t\t\t\t\t\t\t<h3 data-start=\"10512\" data-end=\"10545\"><strong data-start=\"10516\" data-end=\"10545\">Nos services<\/strong><\/h3><ul data-start=\"10546\" data-end=\"10801\"><li data-start=\"10546\" data-end=\"10596\"><h4 data-start=\"10548\" data-end=\"10596\">Cr\u00e9ation ou r\u00e9cup\u00e9ration de votre fiche Google<\/h4><\/li><li data-start=\"10597\" data-end=\"10639\"><h4 data-start=\"10599\" data-end=\"10639\">R\u00e9daction de description optimis\u00e9e SEO<\/h4><\/li><li data-start=\"10640\" data-end=\"10695\"><h4 data-start=\"10642\" data-end=\"10695\">Gestion des avis clients et r\u00e9ponses personnalis\u00e9es<\/h4><\/li><li data-start=\"10696\" data-end=\"10752\"><h4 data-start=\"10698\" data-end=\"10752\">Ajout de photos, services et publications r\u00e9guli\u00e8res<\/h4><\/li><li data-start=\"10753\" data-end=\"10801\"><h4 data-start=\"10755\" data-end=\"10801\">Suivi de la performance et rapports mensuels<\/h4><\/li><\/ul>\t\t\t\t\t\t\t\t<\/div>\n\t\t\t\t<\/div>\n\t\t<div class=\"elementor-element elementor-element-bb5cd81 e-con-full e-flex e-con e-child\" data-id=\"bb5cd81\" data-element_type=\"container\">\n\t\t\t\t<div class=\"elementor-element elementor-element-920f9ee elementor-widget elementor-widget-image\" data-id=\"920f9ee\" data-element_type=\"widget\" data-widget_type=\"image.default\">\n\t\t\t\t\t\t\t\t\t\t\t\t\t\t\t<img decoding=\"async\" width=\"780\" height=\"800\" src=\"https:\/\/www.agencemediatis.com\/wp-content\/uploads\/2023\/10\/web.jpg\" class=\"attachment-large size-large wp-image-2252\" alt=\"\" srcset=\"https:\/\/www.agencemediatis.com\/wp-content\/uploads\/2023\/10\/web.jpg 780w, https:\/\/www.agencemediatis.com\/wp-content\/uploads\/2023\/10\/web-488x500.jpg 488w, https:\/\/www.agencemediatis.com\/wp-content\/uploads\/2023\/10\/web-293x300.jpg 293w, https:\/\/www.agencemediatis.com\/wp-content\/uploads\/2023\/10\/web-768x788.jpg 768w, https:\/\/www.agencemediatis.com\/wp-content\/uploads\/2023\/10\/web-73x75.jpg 73w, https:\/\/www.agencemediatis.com\/wp-content\/uploads\/2023\/10\/web-480x492.jpg 480w\" sizes=\"(max-width: 780px) 100vw, 780px\" \/>\t\t\t\t\t\t\t\t\t\t\t\t\t\t\t<\/div>\n\t\t\t\t<\/div>\n\t\t\t\t\t<\/div>\n\t\t\t\t<\/div>\n\t\t<div class=\"elementor-element elementor-element-c91494f e-flex e-con-boxed e-con e-parent\" data-id=\"c91494f\" data-element_type=\"container\">\n\t\t\t\t\t<div class=\"e-con-inner\">\n\t\t\t\t<div class=\"elementor-element elementor-element-4c38e32 elementor-widget elementor-widget-text-editor\" data-id=\"4c38e32\" data-element_type=\"widget\" data-widget_type=\"text-editor.default\">\n\t\t\t\t\t\t\t\t\t<h3>Vous avez un projet ou besoin d\u2019un <strong data-start=\"2206\" data-end=\"2222\">devis rapide<\/strong> ?<br data-start=\"2224\" data-end=\"2227\" \/><a href=\"https:\/\/www.agencemediatis.com\/fr\/contact\/\"><strong data-start=\"2230\" data-end=\"2275\">Contactez Agence M\u00e9diatis d\u00e8s aujourd\u2019hui<\/strong><\/a> et propulsez votre entreprise sur le web.<\/h3>\t\t\t\t\t\t\t\t<\/div>\n\t\t\t\t\t<\/div>\n\t\t\t\t<\/div>\n\t\t\t\t<\/div>","protected":false},"excerpt":{"rendered":"<p>Optimisation de fiche Google Entreprise \u00e0 Magog, Sherbrooke et Montr\u00e9al Une fiche Google bien optimis\u00e9e peut transformer votre visibilit\u00e9 locale.Chez Agence M\u00e9diatis, nous cr\u00e9ons et optimisons<span class=\"excerpt-hellip\"> [\u2026]<\/span><\/p>","protected":false},"author":1,"featured_media":67,"parent":0,"menu_order":0,"comment_status":"open","ping_status":"closed","template":"","meta":{"footnotes":""},"class_list":["post-2503","page","type-page","status-publish","has-post-thumbnail","hentry"],"yoast_head":"<!-- This site is optimized with the Yoast SEO plugin v26.7 - https:\/\/yoast.com\/wordpress\/plugins\/seo\/ -->\n<title>Fiche Google Entreprise - Agence web \u00e0 Magog et Sherbrooke \u2013 Cr\u00e9ation de sites web &amp; r\u00e9f\u00e9rencement SEO | Agence M\u00e9diatis<\/title>\n<meta name=\"description\" content=\"Optimisation de fiche Google Entreprise \u00e0 Magog, Sherbrooke et Montr\u00e9al. Augmentez votre visibilit\u00e9 et votre cr\u00e9dibilit\u00e9 locale avec Agence M\u00e9diatis.\" \/>\n<meta name=\"robots\" content=\"index, follow, max-snippet:-1, max-image-preview:large, max-video-preview:-1\" \/>\n<link rel=\"canonical\" href=\"https:\/\/www.agencemediatis.com\/fr\/fiche-google-entreprise\/\" \/>\n<meta property=\"og:locale\" content=\"fr_FR\" \/>\n<meta property=\"og:type\" content=\"article\" \/>\n<meta property=\"og:title\" content=\"Fiche Google Entreprise - Agence web \u00e0 Magog et Sherbrooke \u2013 Cr\u00e9ation de sites web &amp; r\u00e9f\u00e9rencement SEO | Agence M\u00e9diatis\" \/>\n<meta property=\"og:description\" content=\"Optimisation de fiche Google Entreprise \u00e0 Magog, Sherbrooke et Montr\u00e9al. Augmentez votre visibilit\u00e9 et votre cr\u00e9dibilit\u00e9 locale avec Agence M\u00e9diatis.\" \/>\n<meta property=\"og:url\" content=\"https:\/\/www.agencemediatis.com\/fr\/fiche-google-entreprise\/\" \/>\n<meta property=\"og:site_name\" content=\"Agence web \u00e0 Magog et Sherbrooke \u2013 Cr\u00e9ation de sites web &amp; r\u00e9f\u00e9rencement SEO | Agence M\u00e9diatis\" \/>\n<meta property=\"article:modified_time\" content=\"2025-10-10T21:57:31+00:00\" \/>\n<meta property=\"og:image\" content=\"https:\/\/www.agencemediatis.com\/wp-content\/uploads\/2015\/03\/home_webdesign_subheader_1.jpg\" \/>\n\t<meta property=\"og:image:width\" content=\"1\" \/>\n\t<meta property=\"og:image:height\" content=\"1\" \/>\n\t<meta property=\"og:image:type\" content=\"image\/jpeg\" \/>\n<meta name=\"twitter:card\" content=\"summary_large_image\" \/>\n<meta name=\"twitter:label1\" content=\"Dur\u00e9e de lecture estim\u00e9e\" \/>\n\t<meta name=\"twitter:data1\" content=\"1 minute\" \/>\n<script type=\"application\/ld+json\" class=\"yoast-schema-graph\">{\"@context\":\"https:\/\/schema.org\",\"@graph\":[{\"@type\":\"WebPage\",\"@id\":\"https:\/\/www.agencemediatis.com\/fiche-google-entreprise\/\",\"url\":\"https:\/\/www.agencemediatis.com\/fiche-google-entreprise\/\",\"name\":\"Fiche Google Entreprise - Agence web \u00e0 Magog et Sherbrooke \u2013 Cr\u00e9ation de sites web &amp; r\u00e9f\u00e9rencement SEO | Agence M\u00e9diatis\",\"isPartOf\":{\"@id\":\"https:\/\/www.agencemediatis.com\/#website\"},\"primaryImageOfPage\":{\"@id\":\"https:\/\/www.agencemediatis.com\/fiche-google-entreprise\/#primaryimage\"},\"image\":{\"@id\":\"https:\/\/www.agencemediatis.com\/fiche-google-entreprise\/#primaryimage\"},\"thumbnailUrl\":\"https:\/\/www.agencemediatis.com\/wp-content\/uploads\/2015\/03\/home_webdesign_subheader_1.jpg\",\"datePublished\":\"2025-10-10T21:52:23+00:00\",\"dateModified\":\"2025-10-10T21:57:31+00:00\",\"description\":\"Optimisation de fiche Google Entreprise \u00e0 Magog, Sherbrooke et Montr\u00e9al. Augmentez votre visibilit\u00e9 et votre cr\u00e9dibilit\u00e9 locale avec Agence M\u00e9diatis.\",\"breadcrumb\":{\"@id\":\"https:\/\/www.agencemediatis.com\/fiche-google-entreprise\/#breadcrumb\"},\"inLanguage\":\"fr-FR\",\"potentialAction\":[{\"@type\":\"ReadAction\",\"target\":[\"https:\/\/www.agencemediatis.com\/fiche-google-entreprise\/\"]}]},{\"@type\":\"ImageObject\",\"inLanguage\":\"fr-FR\",\"@id\":\"https:\/\/www.agencemediatis.com\/fiche-google-entreprise\/#primaryimage\",\"url\":\"https:\/\/www.agencemediatis.com\/wp-content\/uploads\/2015\/03\/home_webdesign_subheader_1.jpg\",\"contentUrl\":\"https:\/\/www.agencemediatis.com\/wp-content\/uploads\/2015\/03\/home_webdesign_subheader_1.jpg\"},{\"@type\":\"BreadcrumbList\",\"@id\":\"https:\/\/www.agencemediatis.com\/fiche-google-entreprise\/#breadcrumb\",\"itemListElement\":[{\"@type\":\"ListItem\",\"position\":1,\"name\":\"Accueil\",\"item\":\"https:\/\/www.agencemediatis.com\/\"},{\"@type\":\"ListItem\",\"position\":2,\"name\":\"Fiche Google Entreprise\"}]},{\"@type\":\"WebSite\",\"@id\":\"https:\/\/www.agencemediatis.com\/#website\",\"url\":\"https:\/\/www.agencemediatis.com\/\",\"name\":\"Agence web \u00e0 Magog et Sherbrooke \u2013 Cr\u00e9ation de sites web &amp; r\u00e9f\u00e9rencement SEO | Agence M\u00e9diatis\",\"description\":\"\",\"potentialAction\":[{\"@type\":\"SearchAction\",\"target\":{\"@type\":\"EntryPoint\",\"urlTemplate\":\"https:\/\/www.agencemediatis.com\/?s={search_term_string}\"},\"query-input\":{\"@type\":\"PropertyValueSpecification\",\"valueRequired\":true,\"valueName\":\"search_term_string\"}}],\"inLanguage\":\"fr-FR\"}]}<\/script>\n<!-- \/ Yoast SEO plugin. -->","yoast_head_json":{"title":"Fiche Google Entreprise - Agence web \u00e0 Magog et Sherbrooke \u2013 Cr\u00e9ation de sites web &amp; r\u00e9f\u00e9rencement SEO | Agence M\u00e9diatis","description":"Optimisation de fiche Google Entreprise \u00e0 Magog, Sherbrooke et Montr\u00e9al. Augmentez votre visibilit\u00e9 et votre cr\u00e9dibilit\u00e9 locale avec Agence M\u00e9diatis.","robots":{"index":"index","follow":"follow","max-snippet":"max-snippet:-1","max-image-preview":"max-image-preview:large","max-video-preview":"max-video-preview:-1"},"canonical":"https:\/\/www.agencemediatis.com\/fr\/fiche-google-entreprise\/","og_locale":"fr_FR","og_type":"article","og_title":"Fiche Google Entreprise - Agence web \u00e0 Magog et Sherbrooke \u2013 Cr\u00e9ation de sites web &amp; r\u00e9f\u00e9rencement SEO | Agence M\u00e9diatis","og_description":"Optimisation de fiche Google Entreprise \u00e0 Magog, Sherbrooke et Montr\u00e9al. Augmentez votre visibilit\u00e9 et votre cr\u00e9dibilit\u00e9 locale avec Agence M\u00e9diatis.","og_url":"https:\/\/www.agencemediatis.com\/fr\/fiche-google-entreprise\/","og_site_name":"Agence web \u00e0 Magog et Sherbrooke \u2013 Cr\u00e9ation de sites web &amp; r\u00e9f\u00e9rencement SEO | Agence M\u00e9diatis","article_modified_time":"2025-10-10T21:57:31+00:00","og_image":[{"url":"https:\/\/www.agencemediatis.com\/wp-content\/uploads\/2015\/03\/home_webdesign_subheader_1.jpg","width":1,"height":1,"type":"image\/jpeg"}],"twitter_card":"summary_large_image","twitter_misc":{"Dur\u00e9e de lecture estim\u00e9e":"1 minute"},"schema":{"@context":"https:\/\/schema.org","@graph":[{"@type":"WebPage","@id":"https:\/\/www.agencemediatis.com\/fiche-google-entreprise\/","url":"https:\/\/www.agencemediatis.com\/fiche-google-entreprise\/","name":"Fiche Google Entreprise - Agence web \u00e0 Magog et Sherbrooke \u2013 Cr\u00e9ation de sites web &amp; r\u00e9f\u00e9rencement SEO | Agence M\u00e9diatis","isPartOf":{"@id":"https:\/\/www.agencemediatis.com\/#website"},"primaryImageOfPage":{"@id":"https:\/\/www.agencemediatis.com\/fiche-google-entreprise\/#primaryimage"},"image":{"@id":"https:\/\/www.agencemediatis.com\/fiche-google-entreprise\/#primaryimage"},"thumbnailUrl":"https:\/\/www.agencemediatis.com\/wp-content\/uploads\/2015\/03\/home_webdesign_subheader_1.jpg","datePublished":"2025-10-10T21:52:23+00:00","dateModified":"2025-10-10T21:57:31+00:00","description":"Optimisation de fiche Google Entreprise \u00e0 Magog, Sherbrooke et Montr\u00e9al. Augmentez votre visibilit\u00e9 et votre cr\u00e9dibilit\u00e9 locale avec Agence M\u00e9diatis.","breadcrumb":{"@id":"https:\/\/www.agencemediatis.com\/fiche-google-entreprise\/#breadcrumb"},"inLanguage":"fr-FR","potentialAction":[{"@type":"ReadAction","target":["https:\/\/www.agencemediatis.com\/fiche-google-entreprise\/"]}]},{"@type":"ImageObject","inLanguage":"fr-FR","@id":"https:\/\/www.agencemediatis.com\/fiche-google-entreprise\/#primaryimage","url":"https:\/\/www.agencemediatis.com\/wp-content\/uploads\/2015\/03\/home_webdesign_subheader_1.jpg","contentUrl":"https:\/\/www.agencemediatis.com\/wp-content\/uploads\/2015\/03\/home_webdesign_subheader_1.jpg"},{"@type":"BreadcrumbList","@id":"https:\/\/www.agencemediatis.com\/fiche-google-entreprise\/#breadcrumb","itemListElement":[{"@type":"ListItem","position":1,"name":"Accueil","item":"https:\/\/www.agencemediatis.com\/"},{"@type":"ListItem","position":2,"name":"Fiche Google Entreprise"}]},{"@type":"WebSite","@id":"https:\/\/www.agencemediatis.com\/#website","url":"https:\/\/www.agencemediatis.com\/","name":"Agence web \u00e0 Magog et Sherbrooke \u2013 Cr\u00e9ation de sites web &amp; r\u00e9f\u00e9rencement SEO | Agence M\u00e9diatis","description":"","potentialAction":[{"@type":"SearchAction","target":{"@type":"EntryPoint","urlTemplate":"https:\/\/www.agencemediatis.com\/?s={search_term_string}"},"query-input":{"@type":"PropertyValueSpecification","valueRequired":true,"valueName":"search_term_string"}}],"inLanguage":"fr-FR"}]}},"_links":{"self":[{"href":"https:\/\/www.agencemediatis.com\/fr\/wp-json\/wp\/v2\/pages\/2503","targetHints":{"allow":["GET"]}}],"collection":[{"href":"https:\/\/www.agencemediatis.com\/fr\/wp-json\/wp\/v2\/pages"}],"about":[{"href":"https:\/\/www.agencemediatis.com\/fr\/wp-json\/wp\/v2\/types\/page"}],"author":[{"embeddable":true,"href":"https:\/\/www.agencemediatis.com\/fr\/wp-json\/wp\/v2\/users\/1"}],"replies":[{"embeddable":true,"href":"https:\/\/www.agencemediatis.com\/fr\/wp-json\/wp\/v2\/comments?post=2503"}],"version-history":[{"count":5,"href":"https:\/\/www.agencemediatis.com\/fr\/wp-json\/wp\/v2\/pages\/2503\/revisions"}],"predecessor-version":[{"id":2510,"href":"https:\/\/www.agencemediatis.com\/fr\/wp-json\/wp\/v2\/pages\/2503\/revisions\/2510"}],"wp:featuredmedia":[{"embeddable":true,"href":"https:\/\/www.agencemediatis.com\/fr\/wp-json\/wp\/v2\/media\/67"}],"wp:attachment":[{"href":"https:\/\/www.agencemediatis.com\/fr\/wp-json\/wp\/v2\/media?parent=2503"}],"curies":[{"name":"wp","href":"https:\/\/api.w.org\/{rel}","templated":true}]}}