{"id":2511,"date":"2025-10-10T17:58:50","date_gmt":"2025-10-10T21:58:50","guid":{"rendered":"https:\/\/www.agencemediatis.com\/?page_id=2511"},"modified":"2025-10-10T18:01:40","modified_gmt":"2025-10-10T22:01:40","slug":"traduction","status":"publish","type":"page","link":"https:\/\/www.agencemediatis.com\/fr\/traduction\/","title":{"rendered":"Traduction"},"content":{"rendered":"<div data-elementor-type=\"wp-page\" data-elementor-id=\"2511\" class=\"elementor elementor-2511\" data-elementor-post-type=\"page\">\n\t\t\t\t<div class=\"elementor-element elementor-element-125ae1a e-flex e-con-boxed e-con e-parent\" data-id=\"125ae1a\" data-element_type=\"container\">\n\t\t\t\t\t<div class=\"e-con-inner\">\n\t\t\t\t<div class=\"elementor-element elementor-element-5f97014 elementor-widget elementor-widget-text-editor\" data-id=\"5f97014\" data-element_type=\"widget\" data-widget_type=\"text-editor.default\">\n\t\t\t\t\t\t\t\t\t<h3>Service de traduction professionnelle \u00e0 Magog, Sherbrooke et Montr\u00e9al<\/h3>\t\t\t\t\t\t\t\t<\/div>\n\t\t\t\t\t<\/div>\n\t\t\t\t<\/div>\n\t\t<div class=\"elementor-element elementor-element-3f7ed41 e-flex e-con-boxed e-con e-parent\" data-id=\"3f7ed41\" data-element_type=\"container\">\n\t\t\t\t\t<div class=\"e-con-inner\">\n\t\t\t\t<div class=\"elementor-element elementor-element-183f530 elementor-widget elementor-widget-image\" data-id=\"183f530\" data-element_type=\"widget\" data-widget_type=\"image.default\">\n\t\t\t\t\t\t\t\t\t\t\t\t\t\t\t<img fetchpriority=\"high\" decoding=\"async\" width=\"1289\" height=\"769\" src=\"https:\/\/www.agencemediatis.com\/wp-content\/uploads\/2025\/10\/traduction.webp\" class=\"attachment-full size-full wp-image-2514\" alt=\"\" srcset=\"https:\/\/www.agencemediatis.com\/wp-content\/uploads\/2025\/10\/traduction.webp 1289w, https:\/\/www.agencemediatis.com\/wp-content\/uploads\/2025\/10\/traduction-500x298.webp 500w, https:\/\/www.agencemediatis.com\/wp-content\/uploads\/2025\/10\/traduction-1200x716.webp 1200w, https:\/\/www.agencemediatis.com\/wp-content\/uploads\/2025\/10\/traduction-300x179.webp 300w, https:\/\/www.agencemediatis.com\/wp-content\/uploads\/2025\/10\/traduction-768x458.webp 768w, https:\/\/www.agencemediatis.com\/wp-content\/uploads\/2025\/10\/traduction-18x12.webp 18w, https:\/\/www.agencemediatis.com\/wp-content\/uploads\/2025\/10\/traduction-126x75.webp 126w, https:\/\/www.agencemediatis.com\/wp-content\/uploads\/2025\/10\/traduction-480x286.webp 480w\" sizes=\"(max-width: 1289px) 100vw, 1289px\" \/>\t\t\t\t\t\t\t\t\t\t\t\t\t\t\t<\/div>\n\t\t\t\t\t<\/div>\n\t\t\t\t<\/div>\n\t\t<div class=\"elementor-element elementor-element-180b65d e-flex e-con-boxed e-con e-parent\" data-id=\"180b65d\" data-element_type=\"container\">\n\t\t\t\t\t<div class=\"e-con-inner\">\n\t\t\t\t<div class=\"elementor-element elementor-element-938d6d4 elementor-widget elementor-widget-text-editor\" data-id=\"938d6d4\" data-element_type=\"widget\" data-widget_type=\"text-editor.default\">\n\t\t\t\t\t\t\t\t\t<h4 data-start=\"11574\" data-end=\"11859\">Communiquez efficacement avec vos clients francophones et anglophones gr\u00e2ce \u00e0 notre service de <strong data-start=\"11669\" data-end=\"11699\">traduction professionnelle<\/strong>.<br data-start=\"11700\" data-end=\"11703\" \/><br \/>Chez <strong data-start=\"11708\" data-end=\"11727\">Agence M\u00e9diatis<\/strong>, nos traducteurs natifs garantissent une <strong data-start=\"11769\" data-end=\"11823\">adaptation fid\u00e8le du sens, du ton et de la culture<\/strong>, pour un rendu naturel et cr\u00e9dible.<\/h4><h4 data-start=\"11861\" data-end=\"12079\">Que ce soit pour vos <strong data-start=\"11882\" data-end=\"11963\">sites web, documents corporatifs, brochures, catalogues ou contenus marketing<\/strong>, nous livrons des textes pr\u00e9cis et fluides, adapt\u00e9s \u00e0 vos publics cibles au Qu\u00e9bec, au Canada ou \u00e0 l\u2019international.<\/h4>\t\t\t\t\t\t\t\t<\/div>\n\t\t\t\t\t<\/div>\n\t\t\t\t<\/div>\n\t\t<div class=\"elementor-element elementor-element-3f2d628 e-flex e-con-boxed e-con e-parent\" data-id=\"3f2d628\" data-element_type=\"container\">\n\t\t\t\t\t<div class=\"e-con-inner\">\n\t\t<div class=\"elementor-element elementor-element-c3849f9 e-con-full e-flex e-con e-child\" data-id=\"c3849f9\" data-element_type=\"container\">\n\t\t\t\t<div class=\"elementor-element elementor-element-a54b71e elementor-widget elementor-widget-text-editor\" data-id=\"a54b71e\" data-element_type=\"widget\" data-widget_type=\"text-editor.default\">\n\t\t\t\t\t\t\t\t\t<h3 data-start=\"12086\" data-end=\"12122\"><strong data-start=\"12090\" data-end=\"12122\">Nos sp\u00e9cialit\u00e9s<\/strong><\/h3><ul data-start=\"12123\" data-end=\"12343\"><li data-start=\"12123\" data-end=\"12178\"><h4 data-start=\"12125\" data-end=\"12178\">Traduction <strong data-start=\"12136\" data-end=\"12158\">fran\u00e7ais \u2194 anglais<\/strong> (Qu\u00e9bec \/ Canada)<\/h4><\/li><li data-start=\"12179\" data-end=\"12210\"><h4 data-start=\"12181\" data-end=\"12210\">Traduction web et marketing<\/h4><\/li><li data-start=\"12211\" data-end=\"12257\"><h4 data-start=\"12213\" data-end=\"12257\">Adaptation culturelle et ton professionnel<\/h4><\/li><li data-start=\"12258\" data-end=\"12298\"><h4 data-start=\"12260\" data-end=\"12298\">Relecture et correction linguistique<\/h4><\/li><li data-start=\"12299\" data-end=\"12343\"><h4 data-start=\"12301\" data-end=\"12343\">D\u00e9lai rapide et confidentialit\u00e9 garantie<\/h4><\/li><\/ul>\t\t\t\t\t\t\t\t<\/div>\n\t\t\t\t<\/div>\n\t\t<div class=\"elementor-element elementor-element-bb5cd81 e-con-full e-flex e-con e-child\" data-id=\"bb5cd81\" data-element_type=\"container\">\n\t\t\t\t<div class=\"elementor-element elementor-element-920f9ee elementor-widget elementor-widget-image\" data-id=\"920f9ee\" data-element_type=\"widget\" data-widget_type=\"image.default\">\n\t\t\t\t\t\t\t\t\t\t\t\t\t\t\t<img decoding=\"async\" width=\"771\" height=\"512\" src=\"https:\/\/www.agencemediatis.com\/wp-content\/uploads\/2025\/08\/Capture-decran-le-2025-08-12-a-15.32.03.png\" class=\"attachment-large size-large wp-image-2405\" alt=\"\" srcset=\"https:\/\/www.agencemediatis.com\/wp-content\/uploads\/2025\/08\/Capture-decran-le-2025-08-12-a-15.32.03.png 771w, https:\/\/www.agencemediatis.com\/wp-content\/uploads\/2025\/08\/Capture-decran-le-2025-08-12-a-15.32.03-500x332.png 500w, https:\/\/www.agencemediatis.com\/wp-content\/uploads\/2025\/08\/Capture-decran-le-2025-08-12-a-15.32.03-300x199.png 300w, https:\/\/www.agencemediatis.com\/wp-content\/uploads\/2025\/08\/Capture-decran-le-2025-08-12-a-15.32.03-768x510.png 768w, https:\/\/www.agencemediatis.com\/wp-content\/uploads\/2025\/08\/Capture-decran-le-2025-08-12-a-15.32.03-18x12.png 18w, https:\/\/www.agencemediatis.com\/wp-content\/uploads\/2025\/08\/Capture-decran-le-2025-08-12-a-15.32.03-113x75.png 113w, https:\/\/www.agencemediatis.com\/wp-content\/uploads\/2025\/08\/Capture-decran-le-2025-08-12-a-15.32.03-480x319.png 480w\" sizes=\"(max-width: 771px) 100vw, 771px\" \/>\t\t\t\t\t\t\t\t\t\t\t\t\t\t\t<\/div>\n\t\t\t\t<\/div>\n\t\t\t\t\t<\/div>\n\t\t\t\t<\/div>\n\t\t<div class=\"elementor-element elementor-element-c91494f e-flex e-con-boxed e-con e-parent\" data-id=\"c91494f\" data-element_type=\"container\">\n\t\t\t\t\t<div class=\"e-con-inner\">\n\t\t\t\t<div class=\"elementor-element elementor-element-4c38e32 elementor-widget elementor-widget-text-editor\" data-id=\"4c38e32\" data-element_type=\"widget\" data-widget_type=\"text-editor.default\">\n\t\t\t\t\t\t\t\t\t<h3>Vous avez un projet ou besoin d\u2019un <strong data-start=\"2206\" data-end=\"2222\">devis rapide<\/strong> ?<br data-start=\"2224\" data-end=\"2227\" \/><a href=\"https:\/\/www.agencemediatis.com\/fr\/contact\/\"><strong data-start=\"2230\" data-end=\"2275\">Contactez Agence M\u00e9diatis d\u00e8s aujourd\u2019hui<\/strong><\/a> et propulsez votre entreprise sur le web.<\/h3>\t\t\t\t\t\t\t\t<\/div>\n\t\t\t\t\t<\/div>\n\t\t\t\t<\/div>\n\t\t\t\t<\/div>","protected":false},"excerpt":{"rendered":"<p>Service de traduction professionnelle \u00e0 Magog, Sherbrooke et Montr\u00e9al Communiquez efficacement avec vos clients francophones et anglophones gr\u00e2ce \u00e0 notre service de traduction professionnelle.Chez Agence M\u00e9diatis,<span class=\"excerpt-hellip\"> [\u2026]<\/span><\/p>","protected":false},"author":1,"featured_media":67,"parent":0,"menu_order":0,"comment_status":"open","ping_status":"closed","template":"","meta":{"footnotes":""},"class_list":["post-2511","page","type-page","status-publish","has-post-thumbnail","hentry"],"yoast_head":"<!-- This site is optimized with the Yoast SEO plugin v26.7 - https:\/\/yoast.com\/wordpress\/plugins\/seo\/ -->\n<title>Traduction - Agence web \u00e0 Magog et Sherbrooke \u2013 Cr\u00e9ation de sites web &amp; r\u00e9f\u00e9rencement SEO | Agence M\u00e9diatis<\/title>\n<meta name=\"description\" content=\"Service de traduction professionnelle \u00e0 Magog, Sherbrooke et Montr\u00e9al. Traduction web, marketing et corporative par des traducteurs natifs.\" \/>\n<meta name=\"robots\" content=\"index, follow, max-snippet:-1, max-image-preview:large, max-video-preview:-1\" \/>\n<link rel=\"canonical\" href=\"https:\/\/www.agencemediatis.com\/fr\/traduction\/\" \/>\n<meta property=\"og:locale\" content=\"fr_FR\" \/>\n<meta property=\"og:type\" content=\"article\" \/>\n<meta property=\"og:title\" content=\"Traduction - Agence web \u00e0 Magog et Sherbrooke \u2013 Cr\u00e9ation de sites web &amp; r\u00e9f\u00e9rencement SEO | Agence M\u00e9diatis\" \/>\n<meta property=\"og:description\" content=\"Service de traduction professionnelle \u00e0 Magog, Sherbrooke et Montr\u00e9al. Traduction web, marketing et corporative par des traducteurs natifs.\" \/>\n<meta property=\"og:url\" content=\"https:\/\/www.agencemediatis.com\/fr\/traduction\/\" \/>\n<meta property=\"og:site_name\" content=\"Agence web \u00e0 Magog et Sherbrooke \u2013 Cr\u00e9ation de sites web &amp; r\u00e9f\u00e9rencement SEO | Agence M\u00e9diatis\" \/>\n<meta property=\"article:modified_time\" content=\"2025-10-10T22:01:40+00:00\" \/>\n<meta property=\"og:image\" content=\"https:\/\/www.agencemediatis.com\/wp-content\/uploads\/2015\/03\/home_webdesign_subheader_1.jpg\" \/>\n\t<meta property=\"og:image:width\" content=\"1\" \/>\n\t<meta property=\"og:image:height\" content=\"1\" \/>\n\t<meta property=\"og:image:type\" content=\"image\/jpeg\" \/>\n<meta name=\"twitter:card\" content=\"summary_large_image\" \/>\n<meta name=\"twitter:label1\" content=\"Dur\u00e9e de lecture estim\u00e9e\" \/>\n\t<meta name=\"twitter:data1\" content=\"1 minute\" \/>\n<script type=\"application\/ld+json\" class=\"yoast-schema-graph\">{\"@context\":\"https:\/\/schema.org\",\"@graph\":[{\"@type\":\"WebPage\",\"@id\":\"https:\/\/www.agencemediatis.com\/traduction\/\",\"url\":\"https:\/\/www.agencemediatis.com\/traduction\/\",\"name\":\"Traduction - Agence web \u00e0 Magog et Sherbrooke \u2013 Cr\u00e9ation de sites web &amp; r\u00e9f\u00e9rencement SEO | Agence M\u00e9diatis\",\"isPartOf\":{\"@id\":\"https:\/\/www.agencemediatis.com\/#website\"},\"primaryImageOfPage\":{\"@id\":\"https:\/\/www.agencemediatis.com\/traduction\/#primaryimage\"},\"image\":{\"@id\":\"https:\/\/www.agencemediatis.com\/traduction\/#primaryimage\"},\"thumbnailUrl\":\"https:\/\/www.agencemediatis.com\/wp-content\/uploads\/2015\/03\/home_webdesign_subheader_1.jpg\",\"datePublished\":\"2025-10-10T21:58:50+00:00\",\"dateModified\":\"2025-10-10T22:01:40+00:00\",\"description\":\"Service de traduction professionnelle \u00e0 Magog, Sherbrooke et Montr\u00e9al. Traduction web, marketing et corporative par des traducteurs natifs.\",\"breadcrumb\":{\"@id\":\"https:\/\/www.agencemediatis.com\/traduction\/#breadcrumb\"},\"inLanguage\":\"fr-FR\",\"potentialAction\":[{\"@type\":\"ReadAction\",\"target\":[\"https:\/\/www.agencemediatis.com\/traduction\/\"]}]},{\"@type\":\"ImageObject\",\"inLanguage\":\"fr-FR\",\"@id\":\"https:\/\/www.agencemediatis.com\/traduction\/#primaryimage\",\"url\":\"https:\/\/www.agencemediatis.com\/wp-content\/uploads\/2015\/03\/home_webdesign_subheader_1.jpg\",\"contentUrl\":\"https:\/\/www.agencemediatis.com\/wp-content\/uploads\/2015\/03\/home_webdesign_subheader_1.jpg\"},{\"@type\":\"BreadcrumbList\",\"@id\":\"https:\/\/www.agencemediatis.com\/traduction\/#breadcrumb\",\"itemListElement\":[{\"@type\":\"ListItem\",\"position\":1,\"name\":\"Accueil\",\"item\":\"https:\/\/www.agencemediatis.com\/\"},{\"@type\":\"ListItem\",\"position\":2,\"name\":\"Traduction\"}]},{\"@type\":\"WebSite\",\"@id\":\"https:\/\/www.agencemediatis.com\/#website\",\"url\":\"https:\/\/www.agencemediatis.com\/\",\"name\":\"Agence web \u00e0 Magog et Sherbrooke \u2013 Cr\u00e9ation de sites web &amp; r\u00e9f\u00e9rencement SEO | Agence M\u00e9diatis\",\"description\":\"\",\"potentialAction\":[{\"@type\":\"SearchAction\",\"target\":{\"@type\":\"EntryPoint\",\"urlTemplate\":\"https:\/\/www.agencemediatis.com\/?s={search_term_string}\"},\"query-input\":{\"@type\":\"PropertyValueSpecification\",\"valueRequired\":true,\"valueName\":\"search_term_string\"}}],\"inLanguage\":\"fr-FR\"}]}<\/script>\n<!-- \/ Yoast SEO plugin. -->","yoast_head_json":{"title":"Traduction - Agence web \u00e0 Magog et Sherbrooke \u2013 Cr\u00e9ation de sites web &amp; r\u00e9f\u00e9rencement SEO | Agence M\u00e9diatis","description":"Service de traduction professionnelle \u00e0 Magog, Sherbrooke et Montr\u00e9al. Traduction web, marketing et corporative par des traducteurs natifs.","robots":{"index":"index","follow":"follow","max-snippet":"max-snippet:-1","max-image-preview":"max-image-preview:large","max-video-preview":"max-video-preview:-1"},"canonical":"https:\/\/www.agencemediatis.com\/fr\/traduction\/","og_locale":"fr_FR","og_type":"article","og_title":"Traduction - Agence web \u00e0 Magog et Sherbrooke \u2013 Cr\u00e9ation de sites web &amp; r\u00e9f\u00e9rencement SEO | Agence M\u00e9diatis","og_description":"Service de traduction professionnelle \u00e0 Magog, Sherbrooke et Montr\u00e9al. Traduction web, marketing et corporative par des traducteurs natifs.","og_url":"https:\/\/www.agencemediatis.com\/fr\/traduction\/","og_site_name":"Agence web \u00e0 Magog et Sherbrooke \u2013 Cr\u00e9ation de sites web &amp; r\u00e9f\u00e9rencement SEO | Agence M\u00e9diatis","article_modified_time":"2025-10-10T22:01:40+00:00","og_image":[{"url":"https:\/\/www.agencemediatis.com\/wp-content\/uploads\/2015\/03\/home_webdesign_subheader_1.jpg","width":1,"height":1,"type":"image\/jpeg"}],"twitter_card":"summary_large_image","twitter_misc":{"Dur\u00e9e de lecture estim\u00e9e":"1 minute"},"schema":{"@context":"https:\/\/schema.org","@graph":[{"@type":"WebPage","@id":"https:\/\/www.agencemediatis.com\/traduction\/","url":"https:\/\/www.agencemediatis.com\/traduction\/","name":"Traduction - Agence web \u00e0 Magog et Sherbrooke \u2013 Cr\u00e9ation de sites web &amp; r\u00e9f\u00e9rencement SEO | Agence M\u00e9diatis","isPartOf":{"@id":"https:\/\/www.agencemediatis.com\/#website"},"primaryImageOfPage":{"@id":"https:\/\/www.agencemediatis.com\/traduction\/#primaryimage"},"image":{"@id":"https:\/\/www.agencemediatis.com\/traduction\/#primaryimage"},"thumbnailUrl":"https:\/\/www.agencemediatis.com\/wp-content\/uploads\/2015\/03\/home_webdesign_subheader_1.jpg","datePublished":"2025-10-10T21:58:50+00:00","dateModified":"2025-10-10T22:01:40+00:00","description":"Service de traduction professionnelle \u00e0 Magog, Sherbrooke et Montr\u00e9al. Traduction web, marketing et corporative par des traducteurs natifs.","breadcrumb":{"@id":"https:\/\/www.agencemediatis.com\/traduction\/#breadcrumb"},"inLanguage":"fr-FR","potentialAction":[{"@type":"ReadAction","target":["https:\/\/www.agencemediatis.com\/traduction\/"]}]},{"@type":"ImageObject","inLanguage":"fr-FR","@id":"https:\/\/www.agencemediatis.com\/traduction\/#primaryimage","url":"https:\/\/www.agencemediatis.com\/wp-content\/uploads\/2015\/03\/home_webdesign_subheader_1.jpg","contentUrl":"https:\/\/www.agencemediatis.com\/wp-content\/uploads\/2015\/03\/home_webdesign_subheader_1.jpg"},{"@type":"BreadcrumbList","@id":"https:\/\/www.agencemediatis.com\/traduction\/#breadcrumb","itemListElement":[{"@type":"ListItem","position":1,"name":"Accueil","item":"https:\/\/www.agencemediatis.com\/"},{"@type":"ListItem","position":2,"name":"Traduction"}]},{"@type":"WebSite","@id":"https:\/\/www.agencemediatis.com\/#website","url":"https:\/\/www.agencemediatis.com\/","name":"Agence web \u00e0 Magog et Sherbrooke \u2013 Cr\u00e9ation de sites web &amp; r\u00e9f\u00e9rencement SEO | Agence M\u00e9diatis","description":"","potentialAction":[{"@type":"SearchAction","target":{"@type":"EntryPoint","urlTemplate":"https:\/\/www.agencemediatis.com\/?s={search_term_string}"},"query-input":{"@type":"PropertyValueSpecification","valueRequired":true,"valueName":"search_term_string"}}],"inLanguage":"fr-FR"}]}},"_links":{"self":[{"href":"https:\/\/www.agencemediatis.com\/fr\/wp-json\/wp\/v2\/pages\/2511","targetHints":{"allow":["GET"]}}],"collection":[{"href":"https:\/\/www.agencemediatis.com\/fr\/wp-json\/wp\/v2\/pages"}],"about":[{"href":"https:\/\/www.agencemediatis.com\/fr\/wp-json\/wp\/v2\/types\/page"}],"author":[{"embeddable":true,"href":"https:\/\/www.agencemediatis.com\/fr\/wp-json\/wp\/v2\/users\/1"}],"replies":[{"embeddable":true,"href":"https:\/\/www.agencemediatis.com\/fr\/wp-json\/wp\/v2\/comments?post=2511"}],"version-history":[{"count":5,"href":"https:\/\/www.agencemediatis.com\/fr\/wp-json\/wp\/v2\/pages\/2511\/revisions"}],"predecessor-version":[{"id":2517,"href":"https:\/\/www.agencemediatis.com\/fr\/wp-json\/wp\/v2\/pages\/2511\/revisions\/2517"}],"wp:featuredmedia":[{"embeddable":true,"href":"https:\/\/www.agencemediatis.com\/fr\/wp-json\/wp\/v2\/media\/67"}],"wp:attachment":[{"href":"https:\/\/www.agencemediatis.com\/fr\/wp-json\/wp\/v2\/media?parent=2511"}],"curies":[{"name":"wp","href":"https:\/\/api.w.org\/{rel}","templated":true}]}}